{"id":2960,"date":"2025-09-18T11:52:32","date_gmt":"2025-09-18T11:52:32","guid":{"rendered":"https:\/\/test.sweethome3d.eu\/dokumentace\/"},"modified":"2026-01-26T10:25:57","modified_gmt":"2026-01-26T10:25:57","slug":"dokumentace","status":"publish","type":"page","link":"https:\/\/test.sweethome3d.eu\/cs\/dokumentace\/","title":{"rendered":"Dokumentace"},"content":{"rendered":"\n<h2 class=\"wp-block-heading\">U\u017eivatelsk\u00e9 p\u0159\u00edru\u010dky<\/h2>\n\n<p>U\u017eivatelsk\u00e1 p\u0159\u00edru\u010dka <a href=\"https:\/\/test.sweethome3d.eu\/cs\/ke-stazeni\/\" data-type=\"page\" data-id=\"396\">Sweet Home 3D<\/a> je dostupn\u00e1 na <a href=\"https:\/\/test.sweethome3d.eu\/cs\/uzivatelska-prirucka-aplikace-sweet-home-3d\/\" data-type=\"page\" data-id=\"424\">t\u00e9to str\u00e1nce<\/a> a seznam jej\u00edch kl\u00e1vesov\u00fdch zkratek v <a href=\"\/storage\/SweetHome3DShortcuts.pdf\">tomto dokumentu<\/a> (PDF).<\/p>\n\n<p><a href=\"https:\/\/test.sweethome3d.eu\/cs\/ke-stazeni\/\" data-type=\"page\" data-id=\"396\">Sweet Home 3D<\/a> poskytuje tak\u00e9 pravideln\u011b aktualizovan\u00e9 <a href=\"https:\/\/test.sweethome3d.eu\/cs\/faq\/\" data-type=\"page\" data-id=\"422\">FAQ<\/a> a \u00faplnou n\u00e1pov\u011bdu dostupnou z polo\u017eky menu <em>N\u00e1pov\u011bda &gt; Sweet Home 3D N\u00e1pov\u011bda<\/em>.<\/p>\n\n<div class=\"wp-block-group is-content-justification-center is-nowrap is-layout-flex wp-container-core-group-is-layout-94bc23d7 wp-block-group-is-layout-flex\">\n<figure data-wp-context=\"{&quot;imageId&quot;:&quot;69e10406b91ca&quot;}\" data-wp-interactive=\"core\/image\" data-wp-key=\"69e10406b91ca\" class=\"wp-block-image size-large wp-lightbox-container\"><img decoding=\"async\" width=\"1024\" height=\"696\" data-wp-class--hide=\"state.isContentHidden\" data-wp-class--show=\"state.isContentVisible\" data-wp-init=\"callbacks.setButtonStyles\" data-wp-on--click=\"actions.showLightbox\" data-wp-on--load=\"callbacks.setButtonStyles\" data-wp-on-window--resize=\"callbacks.setButtonStyles\" data-src=\"https:\/\/test.sweethome3d.eu\/wp-content\/uploads\/2025\/11\/IMG-1024x696.png\" alt=\"Dokumentace\" class=\"wp-image-1567 lazyload\" data-srcset=\"https:\/\/test.sweethome3d.eu\/wp-content\/uploads\/2025\/11\/IMG-1024x696.png 1024w, https:\/\/test.sweethome3d.eu\/wp-content\/uploads\/2025\/11\/IMG-300x204.png 300w, https:\/\/test.sweethome3d.eu\/wp-content\/uploads\/2025\/11\/IMG-132x90.png 132w, https:\/\/test.sweethome3d.eu\/wp-content\/uploads\/2025\/11\/IMG-768x522.png 768w, https:\/\/test.sweethome3d.eu\/wp-content\/uploads\/2025\/11\/IMG-1536x1044.png 1536w, https:\/\/test.sweethome3d.eu\/wp-content\/uploads\/2025\/11\/IMG-2048x1392.png 2048w\" data-sizes=\"(max-width: 1024px) 100vw, 1024px\" src=\"data:image\/svg+xml;base64,PHN2ZyB3aWR0aD0iMSIgaGVpZ2h0PSIxIiB4bWxucz0iaHR0cDovL3d3dy53My5vcmcvMjAwMC9zdmciPjwvc3ZnPg==\" style=\"--smush-placeholder-width: 1024px; --smush-placeholder-aspect-ratio: 1024\/696;\" \/><button\n\t\t\tclass=\"lightbox-trigger\"\n\t\t\ttype=\"button\"\n\t\t\taria-haspopup=\"dialog\"\n\t\t\taria-label=\"Zv\u011bt\u0161it\"\n\t\t\tdata-wp-init=\"callbacks.initTriggerButton\"\n\t\t\tdata-wp-on--click=\"actions.showLightbox\"\n\t\t\tdata-wp-style--right=\"state.imageButtonRight\"\n\t\t\tdata-wp-style--top=\"state.imageButtonTop\"\n\t\t>\n\t\t\t<svg xmlns=\"http:\/\/www.w3.org\/2000\/svg\" width=\"12\" height=\"12\" fill=\"none\" viewBox=\"0 0 12 12\">\n\t\t\t\t<path fill=\"#fff\" d=\"M2 0a2 2 0 0 0-2 2v2h1.5V2a.5.5 0 0 1 .5-.5h2V0H2Zm2 10.5H2a.5.5 0 0 1-.5-.5V8H0v2a2 2 0 0 0 2 2h2v-1.5ZM8 12v-1.5h2a.5.5 0 0 0 .5-.5V8H12v2a2 2 0 0 1-2 2H8Zm2-12a2 2 0 0 1 2 2v2h-1.5V2a.5.5 0 0 0-.5-.5H8V0h2Z\" \/>\n\t\t\t<\/svg>\n\t\t<\/button><\/figure>\n<\/div>\n\n<p>M\u016f\u017ee\u0161 si tak\u00e9 p\u0159e\u010d\u00edst n\u00e1sleduj\u00edc\u00ed p\u0159\u00edru\u010dky napsan\u00e9 p\u0159isp\u011bvateli:<\/p>\n\n<div class=\"wp-block-group is-nowrap is-layout-flex wp-container-core-group-is-layout-ad2f72ca wp-block-group-is-layout-flex\">\n<ul class=\"wp-block-list\">\n<li><a href=\"https:\/\/test.sweethome3d.eu\/wp-content\/uploads\/2025\/12\/personalizedTexturesGuide.pdf\" data-type=\"attachment\" data-id=\"4801\">Jak vytvo\u0159it personalizovan\u00e9 textury pro Sweet Home 3D<\/a> (PDF) od Ouais, p\u0159elo\u017eeno Hansem Dirkse<\/li>\n\n\n\n<li><a href=\"https:\/\/test.sweethome3d.eu\/wp-content\/uploads\/2025\/12\/multiLevelHouseGuide.pdf\" data-type=\"attachment\" data-id=\"4800\">Jak vytvo\u0159it v\u00edce\u00farov\u0148ov\u00fd d\u016fm se Sweet Home 3D 3.3 nebo p\u0159edchoz\u00edmi verzemi<\/a> (PDF) od Hanse Dirkse<\/li>\n\n\n\n<li><a href=\"https:\/\/test.sweethome3d.eu\/wp-content\/uploads\/2025\/12\/pluginsUserGuide.pdf\" data-type=\"attachment\" data-id=\"4799\">Tutori\u00e1l pro pluginy a roz\u0161\u00ed\u0159en\u00ed<\/a> (PDF) od Hanse Dirkse<\/li>\n\n\n\n<li><a href=\"https:\/\/test.sweethome3d.eu\/wp-content\/uploads\/2025\/12\/slopingCeilingGuide.pdf\" data-type=\"attachment\" data-id=\"4798\">Tutori\u00e1l pro \u0161ikm\u00e9 stropy, st\u0159echy, vik\u00fd\u0159e a dal\u0161\u00ed<\/a> (PDF) od Hanse Dirkse<\/li>\n\n\n\n<li><a href=\"https:\/\/test.sweethome3d.eu\/wp-content\/uploads\/2025\/12\/SVGPathMiniManualForSweetHome3D.pdf\" data-type=\"attachment\" data-id=\"4797\">P\u0159\u00edru\u010dka pro SVG Path v\u00fd\u0159ezy a dal\u0161\u00ed vlastnosti n\u00e1bytku<\/a> (PDF) od OKH<\/li>\n\n\n\n<li><a href=\"https:\/\/test.sweethome3d.eu\/cs\/tipy-a-triky\/\" data-type=\"page\" data-id=\"426\">N\u011bkolik tip\u016f v blogu Sweet Home 3D<\/a><\/li>\n<\/ul>\n<\/div>\n\n<h2 class=\"wp-block-heading\" id=\"video-tutorials\">Video tutori\u00e1ly<\/h2>\n\n<p>V n\u00e1sleduj\u00edc\u00edch videon\u00e1vodech se dozv\u00edte, jak pou\u017e\u00edvat z\u00e1kladn\u00ed <a href=\"https:\/\/test.sweethome3d.eu\/cs\/funkce-aplikace-sweet-home-3d\/\" data-type=\"link\" data-id=\"https:\/\/test.sweethome3d.eu\/features\/\">funkce<\/a> aplikace Sweet Home 3D na po\u010d\u00edta\u010di a mobiln\u00edm telefonu.<\/p>\n\n<h3 class=\"wp-block-heading\">Kreslen\u00ed rostlin a \u00farovn\u00ed<\/h3>\n\n<div class=\"wp-block-group is-layout-grid wp-container-core-group-is-layout-20fa4e29 wp-block-group-is-layout-grid\">\n<figure class=\"wp-block-embed is-type-video is-provider-youtube wp-block-embed-youtube wp-embed-aspect-16-9 wp-has-aspect-ratio embed-responsive\"><div class=\"wp-block-embed__wrapper\">\n<iframe title=\"Sweet Home 3D Tutorial: Layer Control Walkthrough\" width=\"500\" height=\"281\" data-src=\"https:\/\/www.youtube.com\/embed\/7c5OMgbHFUs?feature=oembed\" frameborder=\"0\" allow=\"accelerometer; autoplay; clipboard-write; encrypted-media; gyroscope; picture-in-picture; web-share\" referrerpolicy=\"strict-origin-when-cross-origin\" allowfullscreen src=\"data:image\/svg+xml;base64,PHN2ZyB3aWR0aD0iMSIgaGVpZ2h0PSIxIiB4bWxucz0iaHR0cDovL3d3dy53My5vcmcvMjAwMC9zdmciPjwvc3ZnPg==\" class=\"lazyload\" data-load-mode=\"1\"><\/iframe>\n<\/div><\/figure>\n\n\n\n<figure class=\"wp-block-embed is-type-video is-provider-youtube wp-block-embed-youtube wp-embed-aspect-16-9 wp-has-aspect-ratio embed-responsive\"><div class=\"wp-block-embed__wrapper\">\n<iframe title=\"Sweet Home 3D Tutorial - 1 Minute to create a balcony\" width=\"500\" height=\"281\" data-src=\"https:\/\/www.youtube.com\/embed\/dByMK7ezL7U?feature=oembed\" frameborder=\"0\" allow=\"accelerometer; autoplay; clipboard-write; encrypted-media; gyroscope; picture-in-picture; web-share\" referrerpolicy=\"strict-origin-when-cross-origin\" allowfullscreen src=\"data:image\/svg+xml;base64,PHN2ZyB3aWR0aD0iMSIgaGVpZ2h0PSIxIiB4bWxucz0iaHR0cDovL3d3dy53My5vcmcvMjAwMC9zdmciPjwvc3ZnPg==\" class=\"lazyload\" data-load-mode=\"1\"><\/iframe>\n<\/div><\/figure>\n<\/div>\n\n<h3 class=\"wp-block-heading\">Vkl\u00e1d\u00e1n\u00ed a p\u0159izp\u016fsoben\u00ed n\u00e1bytku<\/h3>\n\n<div class=\"wp-block-group is-layout-grid wp-container-core-group-is-layout-20fa4e29 wp-block-group-is-layout-grid\">\n<figure class=\"wp-block-embed is-type-video is-provider-youtube wp-block-embed-youtube embed-responsive wp-embed-aspect-16-9 wp-has-aspect-ratio\"><div class=\"wp-block-embed__wrapper\">\n<iframe title=\"Sweet Home 3D Tutorial - How to customize furniture\" width=\"500\" height=\"281\" data-src=\"https:\/\/www.youtube.com\/embed\/5Ni5zE4q5kk?feature=oembed\" frameborder=\"0\" allow=\"accelerometer; autoplay; clipboard-write; encrypted-media; gyroscope; picture-in-picture; web-share\" referrerpolicy=\"strict-origin-when-cross-origin\" allowfullscreen src=\"data:image\/svg+xml;base64,PHN2ZyB3aWR0aD0iMSIgaGVpZ2h0PSIxIiB4bWxucz0iaHR0cDovL3d3dy53My5vcmcvMjAwMC9zdmciPjwvc3ZnPg==\" class=\"lazyload\" data-load-mode=\"1\"><\/iframe>\n<\/div><\/figure>\n\n\n\n<figure class=\"wp-block-embed is-type-video is-provider-youtube wp-block-embed-youtube embed-responsive wp-embed-aspect-16-9 wp-has-aspect-ratio\"><div class=\"wp-block-embed__wrapper\">\n<iframe title=\"Sweet Home 3D Tutorial - How to create new furniture\" width=\"500\" height=\"281\" data-src=\"https:\/\/www.youtube.com\/embed\/Jtwp7jEVkKk?feature=oembed\" frameborder=\"0\" allow=\"accelerometer; autoplay; clipboard-write; encrypted-media; gyroscope; picture-in-picture; web-share\" referrerpolicy=\"strict-origin-when-cross-origin\" allowfullscreen src=\"data:image\/svg+xml;base64,PHN2ZyB3aWR0aD0iMSIgaGVpZ2h0PSIxIiB4bWxucz0iaHR0cDovL3d3dy53My5vcmcvMjAwMC9zdmciPjwvc3ZnPg==\" class=\"lazyload\" data-load-mode=\"1\"><\/iframe>\n<\/div><\/figure>\n\n\n\n<figure class=\"wp-block-embed is-type-video is-provider-youtube wp-block-embed-youtube embed-responsive wp-embed-aspect-16-9 wp-has-aspect-ratio\"><div class=\"wp-block-embed__wrapper\">\n<iframe title=\"Sweet Home 3D Tutorial - How to combine models together\" width=\"500\" height=\"281\" data-src=\"https:\/\/www.youtube.com\/embed\/CeQ8S6EVUEo?feature=oembed\" frameborder=\"0\" allow=\"accelerometer; autoplay; clipboard-write; encrypted-media; gyroscope; picture-in-picture; web-share\" referrerpolicy=\"strict-origin-when-cross-origin\" allowfullscreen src=\"data:image\/svg+xml;base64,PHN2ZyB3aWR0aD0iMSIgaGVpZ2h0PSIxIiB4bWxucz0iaHR0cDovL3d3dy53My5vcmcvMjAwMC9zdmciPjwvc3ZnPg==\" class=\"lazyload\" data-load-mode=\"1\"><\/iframe>\n<\/div><\/figure>\n\n\n\n<figure class=\"wp-block-embed is-type-video is-provider-youtube wp-block-embed-youtube embed-responsive wp-embed-aspect-16-9 wp-has-aspect-ratio\"><div class=\"wp-block-embed__wrapper\">\n<iframe title=\"Sweet Home 3D Tutorial - 1 Minute to create a mirror effect\" width=\"500\" height=\"281\" data-src=\"https:\/\/www.youtube.com\/embed\/cjjtDetuwLU?feature=oembed\" frameborder=\"0\" allow=\"accelerometer; autoplay; clipboard-write; encrypted-media; gyroscope; picture-in-picture; web-share\" referrerpolicy=\"strict-origin-when-cross-origin\" allowfullscreen src=\"data:image\/svg+xml;base64,PHN2ZyB3aWR0aD0iMSIgaGVpZ2h0PSIxIiB4bWxucz0iaHR0cDovL3d3dy53My5vcmcvMjAwMC9zdmciPjwvc3ZnPg==\" class=\"lazyload\" data-load-mode=\"1\"><\/iframe>\n<\/div><\/figure>\n<\/div>\n\n<h3 class=\"wp-block-heading\">Vykreslov\u00e1n\u00ed fotografi\u00ed a vide\u00ed<\/h3>\n\n<div class=\"wp-block-group is-layout-grid wp-container-core-group-is-layout-20fa4e29 wp-block-group-is-layout-grid\">\n<figure class=\"wp-block-embed is-type-video is-provider-youtube wp-block-embed-youtube embed-responsive wp-embed-aspect-16-9 wp-has-aspect-ratio\"><div class=\"wp-block-embed__wrapper\">\n<iframe title=\"Sweet Home 3D Tutorial - How to create a video rendering\" width=\"500\" height=\"281\" data-src=\"https:\/\/www.youtube.com\/embed\/6QekWiUgNYs?feature=oembed\" frameborder=\"0\" allow=\"accelerometer; autoplay; clipboard-write; encrypted-media; gyroscope; picture-in-picture; web-share\" referrerpolicy=\"strict-origin-when-cross-origin\" allowfullscreen src=\"data:image\/svg+xml;base64,PHN2ZyB3aWR0aD0iMSIgaGVpZ2h0PSIxIiB4bWxucz0iaHR0cDovL3d3dy53My5vcmcvMjAwMC9zdmciPjwvc3ZnPg==\" class=\"lazyload\" data-load-mode=\"1\"><\/iframe>\n<\/div><\/figure>\n\n\n\n<figure class=\"wp-block-embed is-type-video is-provider-youtube wp-block-embed-youtube embed-responsive wp-embed-aspect-16-9 wp-has-aspect-ratio\"><div class=\"wp-block-embed__wrapper\">\n<iframe title=\"Sweet Home 3D - House with terrace video tour\" width=\"500\" height=\"281\" data-src=\"https:\/\/www.youtube.com\/embed\/wTnmSzyTvIs?feature=oembed\" frameborder=\"0\" allow=\"accelerometer; autoplay; clipboard-write; encrypted-media; gyroscope; picture-in-picture; web-share\" referrerpolicy=\"strict-origin-when-cross-origin\" allowfullscreen src=\"data:image\/svg+xml;base64,PHN2ZyB3aWR0aD0iMSIgaGVpZ2h0PSIxIiB4bWxucz0iaHR0cDovL3d3dy53My5vcmcvMjAwMC9zdmciPjwvc3ZnPg==\" class=\"lazyload\" data-load-mode=\"1\"><\/iframe>\n<\/div><\/figure>\n<\/div>\n\n<h3 class=\"wp-block-heading\">3D pohled<\/h3>\n\n<div class=\"wp-block-group is-layout-grid wp-container-core-group-is-layout-20fa4e29 wp-block-group-is-layout-grid\">\n<figure class=\"wp-block-embed is-type-video is-provider-youtube wp-block-embed-youtube embed-responsive wp-embed-aspect-16-9 wp-has-aspect-ratio\"><div class=\"wp-block-embed__wrapper\">\n<iframe title=\"Sweet Home 3D Tutorial - How to create a side view with dimensions\" width=\"500\" height=\"281\" data-src=\"https:\/\/www.youtube.com\/embed\/_GtLWS-fn2s?feature=oembed\" frameborder=\"0\" allow=\"accelerometer; autoplay; clipboard-write; encrypted-media; gyroscope; picture-in-picture; web-share\" referrerpolicy=\"strict-origin-when-cross-origin\" allowfullscreen src=\"data:image\/svg+xml;base64,PHN2ZyB3aWR0aD0iMSIgaGVpZ2h0PSIxIiB4bWxucz0iaHR0cDovL3d3dy53My5vcmcvMjAwMC9zdmciPjwvc3ZnPg==\" class=\"lazyload\" data-load-mode=\"1\"><\/iframe>\n<\/div><\/figure>\n<\/div>\n\n<h3 class=\"wp-block-heading\">Sweet Home 3D Mobile<\/h3>\n\n<div class=\"wp-block-group is-layout-grid wp-container-core-group-is-layout-20fa4e29 wp-block-group-is-layout-grid\">\n<figure class=\"wp-block-embed is-type-video is-provider-youtube wp-block-embed-youtube embed-responsive wp-embed-aspect-16-9 wp-has-aspect-ratio\"><div class=\"wp-block-embed__wrapper\">\n<iframe title=\"Sweet Home 3D Tutorial for mobile version\" width=\"500\" height=\"281\" data-src=\"https:\/\/www.youtube.com\/embed\/kXd1S2xpaQk?feature=oembed\" frameborder=\"0\" allow=\"accelerometer; autoplay; clipboard-write; encrypted-media; gyroscope; picture-in-picture; web-share\" referrerpolicy=\"strict-origin-when-cross-origin\" allowfullscreen src=\"data:image\/svg+xml;base64,PHN2ZyB3aWR0aD0iMSIgaGVpZ2h0PSIxIiB4bWxucz0iaHR0cDovL3d3dy53My5vcmcvMjAwMC9zdmciPjwvc3ZnPg==\" class=\"lazyload\" data-load-mode=\"1\"><\/iframe>\n<\/div><\/figure>\n<\/div>\n\n<p>Nav\u0161tiv tak\u00e9 <a href=\"https:\/\/www.youtube.com\/SweetHome3D\" target=\"_blank\" rel=\"noopener\">YouTube kan\u00e1l Sweet Home 3D<\/a> pro v\u00edce tutori\u00e1l\u016f a p\u0159e\u010dti si \u010dl\u00e1nek v blogu o <a href=\"\/blog\/2016\/11\/29\/best_video_tutorials_about_sweet_home_3d.html\">nejlep\u0161\u00edch video tutori\u00e1lech<\/a>.<\/p>\n\n<h2 class=\"wp-block-heading\" id=\"developers-guides\">P\u0159\u00edru\u010dky pro v\u00fdvoj\u00e1\u0159e<\/h2>\n\n<p>Pokud chce\u0161 naprogramovat <a href=\"https:\/\/test.sweethome3d.eu\/cs\/pluginy-a-nastroje\/\" data-type=\"page\" data-id=\"437\">plugin<\/a> pro <a href=\"https:\/\/test.sweethome3d.eu\/cs\/ke-stazeni\/\" data-type=\"page\" data-id=\"396\">Sweet Home 3D<\/a>, p\u0159e\u010dti si nejprve <a href=\"https:\/\/test.sweethome3d.eu\/cs\/prirucka-pro-vyvojare-zasuvnych-modulu\/\" data-type=\"page\" data-id=\"4964\">p\u0159\u00edru\u010dku pro v\u00fdvoj\u00e1\u0159e plugin\u016f<\/a>.<\/p>\n\n<p>Pokud hled\u00e1\u0161 informace o architektu\u0159e <a href=\"https:\/\/test.sweethome3d.eu\/cs\/ke-stazeni\/\" data-type=\"page\" data-id=\"396\">Sweet Home 3D<\/a>, m\u016f\u017ee\u0161 si p\u0159e\u010d\u00edst:<\/p>\n\n<div class=\"wp-block-group is-nowrap is-layout-flex wp-container-core-group-is-layout-ad2f72ca wp-block-group-is-layout-flex\">\n<ul class=\"wp-block-list\">\n<li>jeho API generovan\u00e9 pomoc\u00ed javadoc, dostupn\u00e9 <a href=\"\/javadoc\/index.html\">online<\/a> nebo <a href=\"https:\/\/sourceforge.net\/projects\/sweethome3d\/files\/SweetHome3D-source\/SweetHome3D-7.5-src\/SweetHome3D-7.5-javadoc.zip\/download\" target=\"_blank\" rel=\"noopener\">ke sta\u017een\u00ed<\/a>,<\/li>\n\n\n\n<li><a href=\"https:\/\/test.sweethome3d.eu\/cs\/prirucka-pro-vyvojare-zasuvnych-modulu\/\" data-type=\"page\" data-id=\"4964\">posledn\u00ed \u010d\u00e1st p\u0159\u00edru\u010dky pro v\u00fdvoj\u00e1\u0159e plugin\u016f<\/a>, kter\u00e1 poskytuje n\u011bkter\u00e9 detaily o t\u0159\u00edd\u00e1ch <a href=\"\/javadoc\/com\/eteks\/sweethome3d\/model\/package-summary.html\">modelu<\/a> Sweet Home 3D,<\/li>\n\n\n\n<li>francouzskou knihu <a href=\"https:\/\/www.eteks.com\/services\/cahierswing.html\" target=\"_blank\" rel=\"noopener\">Les cahiers du programmeur Swing<\/a>, napsanou Emmanuelem Puybaretem a vydanou nakladatelstv\u00edm Editions Eyrolles v prosinci 2006, jej\u00ed\u017e studijn\u00ed p\u0159\u00edpad je <a href=\"\/v0.10\/SweetHome3D.jnlp\">Sweet Home 3D verze 0.10<\/a>.<\/li>\n<\/ul>\n<\/div>\n\n<p>Pokud chce\u0161 p\u0159elo\u017eit <a href=\"https:\/\/test.sweethome3d.eu\/cs\/ke-stazeni\/\" data-type=\"page\" data-id=\"396\">Sweet Home 3D<\/a> do sv\u00e9ho jazyka, p\u0159e\u010dti si <a href=\"https:\/\/test.sweethome3d.eu\/cs\/pruvodce-prekladem\/\" data-type=\"page\" data-id=\"5142\">p\u0159\u00edru\u010dku pro p\u0159ekladatele<\/a>.<\/p>\n\n<h2 class=\"wp-block-heading\" id=\"reviews-and-awards\">Recenze a ocen\u011bn\u00ed<\/h2>\n\n<p>N\u011bkter\u00e9 recenze na webu:<\/p>\n\n<div class=\"wp-block-group is-nowrap is-layout-flex wp-container-core-group-is-layout-ad2f72ca wp-block-group-is-layout-flex\">\n<ul class=\"wp-block-list\">\n<li><a href=\"https:\/\/www.softpedia.com\/reviews\/windows\/Sweet-Home-3D--Review-77686.shtml\" target=\"_blank\" rel=\"noopener\">You Can Easily Become an Interior Designer!<\/a> a <a href=\"https:\/\/mac.softpedia.com\/get\/Graphics\/Sweet-Home-3D.shtml\" target=\"_blank\" rel=\"noopener\">Sweet Home 3D for Mac Review<\/a> na <a href=\"https:\/\/www.softpedia.com\/\" target=\"_blank\" rel=\"noopener\">Softpedia<\/a><\/li>\n\n\n\n<li><a href=\"https:\/\/www.linux.com\/news\/sweet-home-3d-simple-interior-design\/\" target=\"_blank\" rel=\"noopener\">Sweet Home 3D: simple interior design<\/a> na <a href=\"https:\/\/www.linux.com\/\" target=\"_blank\" rel=\"noopener\">linux.com<\/a><\/li>\n\n\n\n<li><a href=\"https:\/\/www.brighthub.com\/computing\/mac-platform\/reviews\/33256.aspx\" target=\"_blank\" rel=\"noopener\">Sweet Home 3D Review<\/a> na <a href=\"https:\/\/www.brighthub.com\/\" target=\"_blank\" rel=\"noopener\">Bright hub<\/a><\/li>\n\n\n\n<li><a href=\"https:\/\/linuxlock.blogspot.com\/2011\/01\/of-software-and-soffits.html\" target=\"_blank\" rel=\"noopener\">Of Software and Soffits<\/a> na <a href=\"https:\/\/linuxlock.blogspot.com\/\" target=\"_blank\" rel=\"noopener\">The Blog of Helios<\/a><\/li>\n\n\n\n<li><a href=\"https:\/\/www.becoming-home.com\/2008\/04\/03\/its-better-than-moving-furniture\/\" target=\"_blank\" rel=\"noopener\">It&#8217;s Better than Moving Furniture<\/a> na <a href=\"https:\/\/www.becoming-home.com\/\" target=\"_blank\" rel=\"noopener\">Becoming Home<\/a><\/li>\n\n\n\n<li><a href=\"https:\/\/www.g2.com\/\" target=\"_blank\" rel=\"noopener\">The rise of an amateur architect<\/a> na <a href=\"https:\/\/ragnvald.medium.com\/\" target=\"_blank\" rel=\"noopener\">Ragnvald Larsen blog<\/a><\/li>\n\n\n\n<li><a href=\"https:\/\/svedic.org\/personal\/free-interior-design-with-sweet-home-3d-and-sketchup\" target=\"_blank\" rel=\"noopener\">Free Interior Design With Sweet Home 3D and SketchUp<\/a> na <a href=\"https:\/\/svedic.org\/\" target=\"_blank\" rel=\"noopener\">Svedic blog<\/a><\/li>\n\n\n\n<li><a href=\"https:\/\/3djunkfair.blogspot.co.at\/\" target=\"_blank\" rel=\"noopener\">My 3D Junk Fair<\/a> blog, kde Leonhard Grugl sd\u00edl\u00ed sv\u00e9 objevy Sweet Home 3D<\/li>\n\n\n\n<li><a href=\"https:\/\/listoffreeware.com\/best-free-3d-floor-plan-software-windows\/\" target=\"_blank\" rel=\"noopener\">5 Best Free 3D Floor Plan Software For Windows<\/a> na <a href=\"https:\/\/listoffreeware.com\/\" target=\"_blank\" rel=\"noopener\">List of freeware<\/a><\/li>\n\n\n\n<li><a href=\"https:\/\/sourceforge.net\/projects\/sweethome3d\/reviews\/\" target=\"_blank\" rel=\"noopener\">U\u017eivatelsk\u00e9 recenze<\/a> na <a href=\"https:\/\/sourceforge.net\/\" target=\"_blank\" rel=\"noopener\">SourceForge.net<\/a><\/li>\n<\/ul>\n<\/div>\n\n<p>Recenze v tisku:<\/p>\n\n<div class=\"wp-block-group is-nowrap is-layout-flex wp-container-core-group-is-layout-ad2f72ca wp-block-group-is-layout-flex\">\n<ul class=\"wp-block-list\">\n<li><a href=\"https:\/\/www.linuxpromagazine.com\/issues\/2008\/95\/projects_on_the_move\" target=\"_blank\" rel=\"noopener\">Projects on the move<\/a>, v \u010d\u00edsle <a href=\"https:\/\/www.linuxpromagazine.com\/issues\/2008\/95\" target=\"_blank\" rel=\"noopener\">#95 Linux Pro Magazine<\/a> (\u0159\u00edjen 2008)<\/li>\n<\/ul>\n<\/div>\n","protected":false},"excerpt":{"rendered":"<p>Tato str\u00e1nka popisuje dokumentace aktu\u00e1ln\u011b dostupn\u00e9 pro Sweet Home 3D.<\/p>\n","protected":false},"author":4,"featured_media":2959,"parent":0,"menu_order":0,"comment_status":"closed","ping_status":"closed","template":"page-resources.php","meta":{"inline_featured_image":false,"footnotes":""},"class_list":["post-2960","page","type-page","status-publish","has-post-thumbnail","hentry"],"_links":{"self":[{"href":"https:\/\/test.sweethome3d.eu\/cs\/wp-json\/wp\/v2\/pages\/2960","targetHints":{"allow":["GET"]}}],"collection":[{"href":"https:\/\/test.sweethome3d.eu\/cs\/wp-json\/wp\/v2\/pages"}],"about":[{"href":"https:\/\/test.sweethome3d.eu\/cs\/wp-json\/wp\/v2\/types\/page"}],"author":[{"embeddable":true,"href":"https:\/\/test.sweethome3d.eu\/cs\/wp-json\/wp\/v2\/users\/4"}],"replies":[{"embeddable":true,"href":"https:\/\/test.sweethome3d.eu\/cs\/wp-json\/wp\/v2\/comments?post=2960"}],"version-history":[{"count":13,"href":"https:\/\/test.sweethome3d.eu\/cs\/wp-json\/wp\/v2\/pages\/2960\/revisions"}],"predecessor-version":[{"id":16587,"href":"https:\/\/test.sweethome3d.eu\/cs\/wp-json\/wp\/v2\/pages\/2960\/revisions\/16587"}],"wp:featuredmedia":[{"embeddable":true,"href":"https:\/\/test.sweethome3d.eu\/cs\/wp-json\/wp\/v2\/media\/2959"}],"wp:attachment":[{"href":"https:\/\/test.sweethome3d.eu\/cs\/wp-json\/wp\/v2\/media?parent=2960"}],"curies":[{"name":"wp","href":"https:\/\/api.w.org\/{rel}","templated":true}]}}