{"id":2745,"date":"2025-09-18T11:56:45","date_gmt":"2025-09-18T11:56:45","guid":{"rendered":"https:\/\/test.sweethome3d.eu\/uebersetzungen\/"},"modified":"2025-12-16T10:29:36","modified_gmt":"2025-12-16T10:29:36","slug":"uebersetzungen","status":"publish","type":"page","link":"https:\/\/test.sweethome3d.eu\/de\/uebersetzungen\/","title":{"rendered":"\u00dcbersetzungen"},"content":{"rendered":"\n<h2 class=\"wp-block-heading\">Sweet Home 3D ist in 29 verschiedenen Sprachen verf\u00fcgbar.<\/h2>\n\n<h3 class=\"wp-block-heading\">In Sweet Home 3D enthaltene \u00dcbersetzungen<\/h3>\n\n<p>Die folgenden \u00dcbersetzungen sind direkt in <a href=\"https:\/\/test.sweethome3d.eu\/de\/download\/\" data-type=\"page\" data-id=\"396\">Sweet Home 3D<\/a> enthalten, wenn du es <a href=\"https:\/\/test.sweethome3d.eu\/de\/faq\/\" data-type=\"page\" data-id=\"422\">installierst<\/a>, und werden auf dem neuesten Stand gehalten, wenn der Anwendung neue Funktionen hinzugef\u00fcgt werden.<\/p>\n\n<figure class=\"wp-block-flexible-table-block-table is-content-justification-center\"><table class=\"has-fixed-layout\" style=\"width:100%;max-width:1600px\"><thead><tr><th style=\"text-align:center;width:25%\">Sprache<\/th><th style=\"text-align:center\">Benutzeroberfl\u00e4chen-Version<\/th><th style=\"text-align:center\">Hilfe-Version<\/th><th style=\"width:50%;text-align:center\">\u00dcbersetzer<\/th><\/tr><\/thead><tbody><tr><td class=\"[&amp;&gt;\">img]:-mb-1&#8243; &gt;\ud83c\uddfa\ud83c\uddf8 <a href=\"\/\" data-type=\"page\" data-id=\"286\">Englisch<\/a><\/td><td style=\"text-align:center\">\n          <a href=\"https:\/\/test.sweethome3d.eu\/de\/download\/\" data-type=\"page\" data-id=\"396\">7.5<\/a>\n        <\/td><td style=\"text-align:center\">7.5<\/td><td>Emmanuel Puybaret, Pencilart<\/td><\/tr><tr><td class=\"[&amp;&gt;\">img]:-mb-1&#8243; &gt;\ud83c\uddeb\ud83c\uddf7 <a href=\"\/fr\">Franz\u00f6sisch<\/a><\/td><td style=\"text-align:center\">\n          <a href=\"https:\/\/test.sweethome3d.eu\/de\/download\/\" data-type=\"page\" data-id=\"396\">7.5<\/a>\n        <\/td><td style=\"text-align:center\">7.5<\/td><td>Emmanuel Puybaret<\/td><\/tr><tr><td class=\"[&amp;&gt;\">img]:-mb-1&#8243; &gt;\ud83c\uddf5\ud83c\uddf9 <a href=\"\/pt\">Portugiesisch<\/a>        <\/td><td style=\"text-align:center\">\n          <a href=\"https:\/\/test.sweethome3d.eu\/de\/download\/\" data-type=\"page\" data-id=\"396\">7.5<\/a>\n        <\/td><td style=\"text-align:center\">5.7<\/td><td>Pedro Albuquerque<\/td><\/tr><tr><td class=\"[&amp;&gt;\">img]:-mb-1&#8243; &gt;\ud83c\udde7\ud83c\uddf7 <a href=\"\/pt\">Portugiesisch (Brasilien)<\/a>        <\/td><td style=\"text-align:center\">\n          <a href=\"https:\/\/test.sweethome3d.eu\/de\/download\/\" data-type=\"page\" data-id=\"396\">7.5<\/a>\n        <\/td><td style=\"text-align:center\">~4.6<\/td><td>\n Roberto Rocha, Lucas Klink, Lucas Germano, Carlos Segura, Adolfino\n Neto\n        <\/td> <\/tr><tr><td class=\"[&amp;&gt;\">img]:-mb-1&#8243; &gt;\ud83c\uddea\ud83c\uddf8 <a href=\"\/es\">Spanisch<\/a>        <\/td><td style=\"text-align:center\">\n          <a href=\"https:\/\/test.sweethome3d.eu\/de\/download\/\" data-type=\"page\" data-id=\"396\">7.5<\/a>\n        <\/td><td style=\"text-align:center\">4.6<\/td><td>Pablo Mayordomo, Paco, Carlos Folch<\/td><\/tr><tr><td class=\"[&amp;&gt;\">img]:-mb-1&#8243; &gt;\ud83c\uddee\ud83c\uddf9 <a href=\"\/it\">Italienisch<\/a>  <\/td><td style=\"text-align:center\">\n          <a href=\"https:\/\/test.sweethome3d.eu\/de\/download\/\" data-type=\"page\" data-id=\"396\">7.5<\/a>\n        <\/td><td style=\"text-align:center\">~7.1<\/td><td>\n Simone Bufalino, Rosella Mariotti, Psycheye, ConsiEdilizia, Alberto\n Della Salandra, Antonio Guadagnino, Antonio Latronico, Adelina\n Doncheva, Vincenzo Reale\n        <\/td> <\/tr><tr><td class=\"[&amp;&gt;\">img]:-mb-1&#8243; &gt;\ud83c\udde9\ud83c\uddea<a href=\"\/de\">Deutsch<\/a>   <\/td><td style=\"text-align:center\">\n          <a href=\"https:\/\/test.sweethome3d.eu\/de\/download\/\" data-type=\"page\" data-id=\"396\">7.5<\/a>\n        <\/td><td style=\"text-align:center\">7.5<\/td><td>\n Sebastian Breuer, Thomas Zimmermann, Andreas Kirsch, Florian Haag,\n Luzia Taschler, Pascal Eberhard, Waldemar Hersacher\n        <\/td> <\/tr><tr><td class=\"[&amp;&gt;\">img]:-mb-1&#8243; &gt; \ud83c\uddf3\ud83c\uddf1 <a href=\"\/nl\">Niederl\u00e4ndisch<\/a> <\/td><td style=\"text-align:center\">\n          <a href=\"https:\/\/test.sweethome3d.eu\/de\/download\/\" data-type=\"page\" data-id=\"396\">7.5<\/a>\n        <\/td><td style=\"text-align:center\">4.6<\/td><td>Gerwin Harmsen, Rob van den Berg, FDpaffie<\/td><\/tr><tr><td class=\"[&amp;&gt;\">img]:-mb-1&#8243; &gt;\ud83c\uddf8\ud83c\uddea <a href=\"\/sv\">Schwedisch<\/a>        <\/td><td style=\"text-align:center\">\n          <a href=\"https:\/\/test.sweethome3d.eu\/de\/download\/\" data-type=\"page\" data-id=\"396\">7.5<\/a>\n        <\/td><td style=\"text-align:center\">5.7<\/td><td>Martin Karlsson<\/td><\/tr><tr> <td class=\"[&amp;&gt;\">img]:-mb-1&#8243; &gt; \ud83c\udde8\ud83c\uddff <a href=\"\/cs\">Tschechisch<\/a><\/td><td style=\"text-align:center\">\n          <a href=\"https:\/\/test.sweethome3d.eu\/de\/download\/\" data-type=\"page\" data-id=\"396\">7.5<\/a>\n        <\/td><td style=\"text-align:center\">1.2<\/td><td>\u0160tefan Nov\u00e1k, Roman Pol\u00e1\u0161ek, Ondrej Dolejsi, Pavel Barbo\u0159\u00edk<\/td><\/tr><tr><td class=\"[&amp;&gt;\">img]:-mb-1&#8243; &gt;\ud83c\uddf5\ud83c\uddf1 <a href=\"\/pl\">Polnisch<\/a><\/td><td style=\"text-align:center\">\n          <a href=\"https:\/\/test.sweethome3d.eu\/de\/download\/\" data-type=\"page\" data-id=\"396\">7.5<\/a>\n        <\/td><td style=\"text-align:center\">1.2<\/td><td>\n Szymon \u017byci\u0144ski, Paw\u0142a Antkowiaka, Pawel &#8222;Bizkit&#8220; Popanda, Szymon\n Chojnacki, ghr424, Mi\u0142osz Sieradzki\n        <\/td> <\/tr><tr><td class=\"[&amp;&gt;\">img]:-mb-1&#8243; &gt;<em>\ud83c\udde7\ud83c\uddec<\/em> <a href=\"\/bg\">Ungarisch<\/a>       <\/td><td style=\"text-align:center\">\n          <a href=\"https:\/\/test.sweethome3d.eu\/de\/download\/\" data-type=\"page\" data-id=\"396\">7.5<\/a>\n        <\/td><td style=\"text-align:center\">4.6<\/td><td>Viktor Mikl\u00f3si, Szita Bal\u00e1zs<\/td><\/tr><tr><td class=\"[&amp;&gt;\">img]:-mb-1&#8243; &gt;<em>\ud83c\uddec\ud83c\uddf7<\/em> <a href=\"\/el\">Griechisch<\/a><\/td><td style=\"text-align:center\">\n          <a href=\"https:\/\/test.sweethome3d.eu\/de\/download\/\" data-type=\"page\" data-id=\"396\">7.5<\/a>\n        <\/td><td style=\"text-align:center\">1.8<\/td><td>\u0388\u03bb\u03bb\u03b7 \u039d\u03b9\u03ba\u03bf\u03bb\u03ac\u03bf\u03c5, \u0397\u03bb\u03af\u03b1 \u03a4\u03c3\u03b9\u03ac\u03bd\u03c4\u03b1<\/td><\/tr><tr><td class=\"[&amp;&gt;\">img]:-mb-1&#8243; &gt;\ud83c\udded\ud83c\uddfa <a href=\"\/hu\">Bulgarisch<\/a><\/td><td style=\"text-align:center\">\n          <a href=\"https:\/\/test.sweethome3d.eu\/de\/download\/\" data-type=\"page\" data-id=\"396\">7.5<\/a>\n        <\/td><td style=\"text-align:center\">4.6<\/td><td>\u0412\u0430\u043b\u0435\u043d\u0442\u0438\u043d \u041b\u0430\u0441\u043a\u043e\u0432<\/td><\/tr><tr><td class=\"[&amp;&gt;\">img]:-mb-1&#8243; &gt;\ud83c\uddf7\ud83c\uddfa <a href=\"\/ru\">Russisch<\/a><\/td><td style=\"text-align:center\">\n          <a href=\"https:\/\/test.sweethome3d.eu\/de\/download\/\" data-type=\"page\" data-id=\"396\">7.5<\/a>\n        <\/td><td style=\"text-align:center\">4.6<\/td><td>\n \u0411\u0430\u0441\u0438\u043c\u043e\u0432 \u0418\u043b\u044c\u0433\u0438\u0437, \u0412\u0430\u043b\u0435\u043d\u0442\u0438\u043d \u041a\u0430\u0437\u0438\u043c\u0438\u0440\u043e\u0432, \u041e\u043b\u044c\u0433\u0435, \u042e\u0440\u0438\u044f \u0421\u043c\u0438\u0440\u043d\u043e\u0432\u0430, \u0410\u043d\u0434\u0440\u0435\u0439\n \u041f\u0440\u0438\u0449\u0435\u043d\u043a\u043e, \u041a\u0443\u043d\u0430\u043a\u043e\u0432 \u0410\u043d\u0442\u043e\u043d \u042e\u0440\u044c\u0435\u0432\u0438\u0447, \u0410\u043d\u0434\u0440\u0435\u0438\u0306 \u0421\u0443\u0440\u0436\u0438\u043a\u043e\u0432, \u041d\u0438\u043a\u043e\u043b\u0430\u0439 \u041b\u043e\u043c\u0430\u0441\u043e\u0432,\n \u0414\u0430\u043d\u0438\u043b \u041e\u0441\u0438\u043f\u043e\u0432\n        <\/td> <\/tr><tr><td class=\"[&amp;&gt;\">img]:-mb-1&#8243; &gt;\ud83c\uddfb\ud83c\uddf3 <a href=\"\/vi\">Vietnamesisch<\/a><\/td><td style=\"text-align:center\">\n          <a href=\"https:\/\/test.sweethome3d.eu\/de\/download\/\" data-type=\"page\" data-id=\"396\">7.5<\/a>\n        <\/td><td style=\"text-align:center\">&#8211;<\/td><td>Tu\u1ea5n Ph\u00f9ng<\/td><\/tr><tr><td class=\"[&amp;&gt;\">img]:-mb-1&#8243; &gt;\ud83c\udde8\ud83c\uddf3 <a href=\"https:\/\/test.sweethome3d.eu\/zh-cn\">Chinesisch (China)<\/a><\/td><td style=\"text-align:center\">\n          <a href=\"https:\/\/test.sweethome3d.eu\/de\/download\/\" data-type=\"page\" data-id=\"396\">7.5<\/a>\n        <\/td><td style=\"text-align:center\">5.7<\/td><td>\u8d75\u65af\u806a, \u65b9\u5219\u8605, \u674e\u65b0\u5ee0, YGYL<\/td><\/tr><tr><td class=\"[&amp;&gt;\">img]:-mb-1&#8243; &gt;\ud83c\uddf9\ud83c\uddfc <a href=\"https:\/\/test.sweethome3d.eu\/zh-tw\">Chinesisch (Taiwan)<\/a><\/td><td style=\"text-align:center\">\n          <a href=\"https:\/\/test.sweethome3d.eu\/de\/download\/\" data-type=\"page\" data-id=\"396\">7.5<\/a>\n        <\/td><td style=\"text-align:center\">5.7<\/td><td>\u674e\u65b0\u5ee0, YGYL<\/td><\/tr><tr><td class=\"[&amp;&gt;\">img]:-mb-1&#8243; &gt;\ud83c\uddef\ud83c\uddf5 <a href=\"\/ja\">Japanisch<\/a><\/td><td style=\"text-align:center\">\n          <a href=\"https:\/\/test.sweethome3d.eu\/de\/download\/\" data-type=\"page\" data-id=\"396\">7.5<\/a>\n        <\/td><td style=\"text-align:center\">~5.7<\/td><td>Takahiro Sato, Uiko, Vy, Miyoko, Chiyoko Miklasevich<\/td><\/tr><\/tbody><\/table><\/figure>\n\n<p>Wenn die Benutzeroberfl\u00e4che von <a href=\"https:\/\/test.sweethome3d.eu\/de\/download\/\" data-type=\"page\" data-id=\"396\">Sweet Home 3D<\/a> nicht in der erwarteten Sprache angezeigt wird, w\u00e4hle deine bevorzugte Sprache in der Dropdown-Liste \u201eSprache\u201c im Bereich \u201eEinstellungen\u201c aus. Unter Mac OS X wird dieser Bereich angezeigt, indem du den Punkt \u201eEinstellungen\u201c im Sweet Home 3D-Men\u00fc ausw\u00e4hlst. Unter anderen Systemen wird er angezeigt, indem du den Punkt \u201eEinstellungen\u201c im Men\u00fc \u201eDatei\u201c ausw\u00e4hlst.  <\/p>\n\n<h3 class=\"wp-block-heading\">Weitere \u00dcbersetzungen, die von <a href=\"https:\/\/test.sweethome3d.eu\/de\/download\/\" data-type=\"page\" data-id=\"396\">Sweet Home 3D<\/a> unterst\u00fctzt werden<\/h3>\n\n<p>Jede der folgenden \u00dcbersetzungen ist verf\u00fcgbar, sobald du die entsprechende SH3L-Datei installiert hast. Um die SH3L-Datei deiner Sprache zu installieren, klicke auf den entsprechenden Link in der folgenden Tabelle, um sie auf deinen Computer herunterzuladen, doppelklicke dann auf die heruntergeladene Datei oder w\u00e4hle sie mit der Schaltfl\u00e4che <em>Sprachbibliotheksdatei importieren<\/em> <img decoding=\"async\" width=\"35\" height=\"23\" class=\"wp-image-1487 lazyload\" style=\"--smush-placeholder-width: 35px; --smush-placeholder-aspect-ratio: 35\/23;width: 35px;\" data-src=\"https:\/\/test.sweethome3d.eu\/wp-content\/uploads\/2025\/11\/importLanguageLibraryFile-1.png\" alt=\"\" src=\"data:image\/svg+xml;base64,PHN2ZyB3aWR0aD0iMSIgaGVpZ2h0PSIxIiB4bWxucz0iaHR0cDovL3d3dy53My5vcmcvMjAwMC9zdmciPjwvc3ZnPg==\" \/> aus, die oben im Bereich <a href=\"https:\/\/test.sweethome3d.eu\/de\/sweet-home-3d-benutzerhandbuch\/#starting-a-new-home\" data-type=\"page\" data-id=\"424\"><em>Einstellungen<\/em><\/a> angezeigt wird. <\/p>\n\n<figure class=\"wp-block-flexible-table-block-table is-content-justification-center\"><table class=\"\" style=\"width:100%\"><thead><tr><th style=\"text-align:center;width:20%\">Sprache<\/th><th style=\"text-align:center\">Benutzeroberfl\u00e4chen-Version<\/th><th style=\"text-align:center\">Hilfe-Version<\/th><th style=\"text-align:center;width:40%\">\u00dcbersetzer<\/th><\/tr><\/thead><tbody><tr><td class=\"[&amp;&gt;\">img]:-mb-1&#8243; &gt;\ud83c\udff4\udb40\udc65\udb40\udc73\udb40\udc70\udb40\udc76\udb40\udc7f <a href=\"\/storage\/translations\/Basque-7.5.sh3l\">Baskisch<\/a><\/td><td style=\"text-align:center\"><a href=\"https:\/\/test.sweethome3d.eu\/de\/download\/\" data-type=\"page\" data-id=\"396\">7.5<\/a><\/td><td style=\"text-align:center\">&#8211;<\/td><td>Alexander Gabilondo<\/td><\/tr><tr><td class=\"[&amp;&gt;\">img]:-mb-1&#8243; &gt;\ud83c\uddf8\ud83c\uddee <a href=\"\/storage\/translations\/Slovenian-5.7.1.sh3l\">Slowenisch<\/a><\/td><td style=\"text-align:center\"><a href=\"https:\/\/test.sweethome3d.eu\/de\/download\/\" data-type=\"page\" data-id=\"396\">5.7<\/a><\/td><td style=\"text-align:center\">4.6<\/td><td>Samo Mole<\/td><\/tr><tr><td class=\"[&amp;&gt;\">img]:-mb-1&#8243; &gt;\ud83c\uddeb\ud83c\uddee <a href=\"\/storage\/translations\/Finnish-7.5.sh3l\">Finnisch<\/a><\/td><td style=\"text-align:center\"><a href=\"https:\/\/test.sweethome3d.eu\/de\/download\/\" data-type=\"page\" data-id=\"396\">7.5<\/a><\/td><td style=\"text-align:center\">4.3<\/td><td>Jukka Hyyti\u00e4l\u00e4, Seppo Voutilainen<\/td><\/tr><tr><td class=\"[&amp;&gt;\">img]:-mb-1&#8243; &gt;\ud83c\uddf7\ud83c\uddf8 <a href=\"\/storage\/translations\/Serbian-4.3.1.sh3l\" data-type=\"link\" data-id=\"https:\/\/test.sweethome3d.eu\/translations\/Serbian-4.3.1.sh3l\">Serbisch<\/a><\/td><td style=\"text-align:center\"><a href=\"https:\/\/test.sweethome3d.eu\/de\/download\/\" data-type=\"page\" data-id=\"396\">4.3<\/a><\/td><td style=\"text-align:center\">3.4<\/td><td>\u0418\u0432\u0430\u043d \u0421\u0442\u0430\u0440\u0447\u0435\u0432\u0438\u045b, \u0421\u043d\u0435\u0436\u0430\u043d\u0430 \u041b\u0443\u043a\u0438\u045b<\/td><\/tr><tr><td class=\"[&amp;&gt;\">img]:-mb-1&#8243; &gt;\ud83c\uddfa\ud83c\udde6 <a href=\"\/storage\/translations\/Ukrainian-5.7.1.sh3l\" data-type=\"link\" data-id=\"https:\/\/test.sweethome3d.eu\/translations\/Ukrainian-5.7.1.sh3l\">Ukrainisch<\/a><\/td><td style=\"text-align:center\"><a href=\"https:\/\/test.sweethome3d.eu\/de\/download\/\" data-type=\"page\" data-id=\"396\">5.7<\/a><\/td><td style=\"text-align:center\">5.0<\/td><td>\u041e\u043b\u0435\u043a\u0441\u0430\u043d\u0434\u0440 \u041f\u0438\u043b\u0438\u043f\u0447\u0443\u043a<\/td><\/tr><tr><td class=\"[&amp;&gt;\">img]:-mb-1&#8243; &gt;\ud83c\uddf9\ud83c\uddf7 <a href=\"\/storage\/translations\/Turkish-7.5.sh3l\" data-type=\"link\" data-id=\"https:\/\/test.sweethome3d.eu\/translations\/Turkish-7.5.sh3l\">T\u00fcrkisch<\/a><\/td><td style=\"text-align:center\"><a href=\"https:\/\/test.sweethome3d.eu\/de\/download\/\" data-type=\"page\" data-id=\"396\">7.5<\/a><\/td><td style=\"text-align:center\">&#8211;<\/td><td>M\u00fccahit Baydar<\/td><\/tr><tr><td class=\"[&amp;&gt;\">img]:-mb-1&#8243; &gt;\ud83c\uddf8\ud83c\udde6 <a href=\"\/storage\/translations\/Arabic-7.1.1.sh3l\">Arabisch<\/a><\/td><td style=\"text-align:center\"><a href=\"https:\/\/test.sweethome3d.eu\/de\/download\/\" data-type=\"page\" data-id=\"396\">7.1<\/a><\/td><td style=\"text-align:center\">&#8211;<\/td><td>MFM Dawdeh<\/td><\/tr><tr><td class=\"[&amp;&gt;\">img]:-mb-1&#8243; &gt;\ud83c\uddee\ud83c\udde9 <a href=\"\/storage\/translations\/Indonesian-7.1.1.sh3l\" data-type=\"link\" data-id=\"https:\/\/test.sweethome3d.eu\/translations\/Indonesian-7.1.1.sh3l\">Indonesisch<\/a><\/td><td style=\"text-align:center\"><a href=\"https:\/\/test.sweethome3d.eu\/de\/download\/\" data-type=\"page\" data-id=\"396\">7.1<\/a><\/td><td style=\"text-align:center\">&#8211;<\/td><td>Al Firdhaus<\/td><\/tr><tr><td class=\"[&amp;&gt;\">img]:-mb-1&#8243; &gt;\ud83c\uddf9\ud83c\udded <a href=\"\/storage\/translations\/Thai-7.5.sh3l\" data-type=\"link\" data-id=\"https:\/\/test.sweethome3d.eu\/translations\/Thai-7.5.sh3l\">Thail\u00e4ndisch<\/a><\/td><td style=\"text-align:center\"><a href=\"https:\/\/test.sweethome3d.eu\/de\/download\/\" data-type=\"page\" data-id=\"396\">7.5<\/a><\/td><td style=\"text-align:center\">&#8211;<\/td><td>\u0e01\u0e31\u0e19\u0e22\u0e4c\u0e0a\u0e31\u0e0a\u0e0a\u0e31\u0e22 \u0e42\u0e1e\u0e18\u0e34\u0e2b\u0e25\u0e49\u0e32<\/td><\/tr><tr><td class=\"[&amp;&gt;\">img]:-mb-1&#8243; &gt;\ud83c\uddf0\ud83c\uddf7 <a href=\"\/storage\/translations\/Korean-7.5.sh3l\" data-type=\"link\" data-id=\"https:\/\/test.sweethome3d.eu\/translations\/Korean-7.5.sh3l\">Koreanisch<\/a><\/td><td style=\"text-align:center\"><a href=\"https:\/\/test.sweethome3d.eu\/de\/download\/\" data-type=\"page\" data-id=\"396\">7.5<\/a><\/td><td style=\"text-align:center\">~5.7<\/td><td>\ubc31\ud638\uc11d, \uc774\ud638\ucc2c<\/td><\/tr><\/tbody><\/table><\/figure>\n\n<p>Hinweis f\u00fcr \u00dcbersetzer: Wenn du <a href=\"https:\/\/test.sweethome3d.eu\/de\/download\/\" data-type=\"page\" data-id=\"396\">Sweet Home 3D<\/a> in deine Sprache \u00fcbersetzen m\u00f6chtest, lies bitte den <a href=\"https:\/\/test.sweethome3d.eu\/de\/uebersetzungsanleitung\/\" data-type=\"page\" data-id=\"5142\">\u00dcbersetzungsleitfaden<\/a>.<\/p>\n","protected":false},"excerpt":{"rendered":"<p>Sweet Home 3D ist in 29 verschiedenen Sprachen verf\u00fcgbar. In Sweet Home 3D enthaltene \u00dcbersetzungen Die folgenden \u00dcbersetzungen sind direkt in Sweet Home 3D enthalten, wenn du es installierst, und werden auf dem neuesten Stand gehalten, wenn der Anwendung neue Funktionen hinzugef\u00fcgt werden. Wenn die Benutzeroberfl\u00e4che von Sweet Home 3D nicht in der erwarteten Sprache<a href=\"https:\/\/test.sweethome3d.eu\/de\/uebersetzungen\/\">Continue reading <span class=\"sr-only\">&#8222;\u00dcbersetzungen&#8220;<\/span><\/a><\/p>\n","protected":false},"author":4,"featured_media":2744,"parent":0,"menu_order":0,"comment_status":"closed","ping_status":"closed","template":"page-resources.php","meta":{"inline_featured_image":false,"footnotes":""},"class_list":["post-2745","page","type-page","status-publish","has-post-thumbnail","hentry"],"_links":{"self":[{"href":"https:\/\/test.sweethome3d.eu\/de\/wp-json\/wp\/v2\/pages\/2745","targetHints":{"allow":["GET"]}}],"collection":[{"href":"https:\/\/test.sweethome3d.eu\/de\/wp-json\/wp\/v2\/pages"}],"about":[{"href":"https:\/\/test.sweethome3d.eu\/de\/wp-json\/wp\/v2\/types\/page"}],"author":[{"embeddable":true,"href":"https:\/\/test.sweethome3d.eu\/de\/wp-json\/wp\/v2\/users\/4"}],"replies":[{"embeddable":true,"href":"https:\/\/test.sweethome3d.eu\/de\/wp-json\/wp\/v2\/comments?post=2745"}],"version-history":[{"count":3,"href":"https:\/\/test.sweethome3d.eu\/de\/wp-json\/wp\/v2\/pages\/2745\/revisions"}],"predecessor-version":[{"id":10842,"href":"https:\/\/test.sweethome3d.eu\/de\/wp-json\/wp\/v2\/pages\/2745\/revisions\/10842"}],"wp:featuredmedia":[{"embeddable":true,"href":"https:\/\/test.sweethome3d.eu\/de\/wp-json\/wp\/v2\/media\/2744"}],"wp:attachment":[{"href":"https:\/\/test.sweethome3d.eu\/de\/wp-json\/wp\/v2\/media?parent=2745"}],"curies":[{"name":"wp","href":"https:\/\/api.w.org\/{rel}","templated":true}]}}