{"id":2761,"date":"2025-09-18T11:56:45","date_gmt":"2025-09-18T11:56:45","guid":{"rendered":"https:\/\/test.sweethome3d.eu\/%e7%bf%bb%e8%a8%b3\/"},"modified":"2025-12-16T10:37:36","modified_gmt":"2025-12-16T10:37:36","slug":"%e7%bf%bb%e8%a8%b3","status":"publish","type":"page","link":"https:\/\/test.sweethome3d.eu\/ja\/%e7%bf%bb%e8%a8%b3\/","title":{"rendered":"\u7ffb\u8a33"},"content":{"rendered":"\n<h2 class=\"wp-block-heading\">Sweet Home 3D\u306f29\u306e\u7570\u306a\u308b\u8a00\u8a9e\u3067\u5229\u7528\u53ef\u80fd\u3067\u3059\u3002<\/h2>\n\n<h3 class=\"wp-block-heading\">Sweet Home 3D\u306b\u542b\u307e\u308c\u308b\u7ffb\u8a33<\/h3>\n\n<p>\u4ee5\u4e0b\u306e\u7ffb\u8a33\u306f<a href=\"https:\/\/test.sweethome3d.eu\/ja\/%e3%83%80%e3%82%a6%e3%83%b3%e3%83%ad%e3%83%bc%e3%83%89\/\" data-type=\"page\" data-id=\"396\">Sweet Home 3D<\/a>\u3092<a href=\"https:\/\/test.sweethome3d.eu\/ja\/faq\/\" data-type=\"page\" data-id=\"422\">\u30a4\u30f3\u30b9\u30c8\u30fc\u30eb<\/a>\u3057\u305f\u969b\u306b\u76f4\u63a5\u542b\u307e\u308c\u3066\u304a\u308a\u3001\u30a2\u30d7\u30ea\u30b1\u30fc\u30b7\u30e7\u30f3\u306b\u65b0\u6a5f\u80fd\u304c\u8ffd\u52a0\u3055\u308c\u305f\u969b\u306b\u66f4\u65b0\u3055\u308c\u307e\u3059\u3002<\/p>\n\n<figure class=\"wp-block-flexible-table-block-table is-content-justification-center\"><table class=\"has-fixed-layout\" style=\"width:100%;max-width:1600px\"><thead><tr><th style=\"text-align:center;width:25%\">\u8a00\u8a9e<\/th><th style=\"text-align:center\">\u30e6\u30fc\u30b6\u30fc\u30a4\u30f3\u30bf\u30fc\u30d5\u30a7\u30fc\u30b9\u30d0\u30fc\u30b8\u30e7\u30f3<\/th><th style=\"text-align:center\">\u30d8\u30eb\u30d7\u30d0\u30fc\u30b8\u30e7\u30f3<\/th><th style=\"width:50%;text-align:center\">\u7ffb\u8a33\u8005<\/th><\/tr><\/thead><tbody><tr><td class=\"[&amp;&gt;\">img]:-mb-1&#8243; &gt;\ud83c\uddfa\ud83c\uddf8 <a href=\"\/\" data-type=\"page\" data-id=\"286\">\u82f1\u8a9e<\/a><\/td><td style=\"text-align:center\">\n          <a href=\"https:\/\/test.sweethome3d.eu\/ja\/%e3%83%80%e3%82%a6%e3%83%b3%e3%83%ad%e3%83%bc%e3%83%89\/\" data-type=\"page\" data-id=\"396\">7.5<\/a>\n        <\/td><td style=\"text-align:center\">7.5<\/td><td>Emmanuel Puybaret, Pencilart<\/td><\/tr><tr><td class=\"[&amp;&gt;\">img]:-mb-1&#8243; &gt;\ud83c\uddeb\ud83c\uddf7 <a href=\"\/fr\">\u30d5\u30e9\u30f3\u30b9\u8a9e<\/a><\/td><td style=\"text-align:center\">\n          <a href=\"https:\/\/test.sweethome3d.eu\/ja\/%e3%83%80%e3%82%a6%e3%83%b3%e3%83%ad%e3%83%bc%e3%83%89\/\" data-type=\"page\" data-id=\"396\">7.5<\/a>\n        <\/td><td style=\"text-align:center\">7.5<\/td><td>Emmanuel Puybaret<\/td><\/tr><tr><td class=\"[&amp;&gt;\">img]:-mb-1&#8243; &gt;\ud83c\uddf5\ud83c\uddf9 <a href=\"\/pt\">\u30dd\u30eb\u30c8\u30ac\u30eb\u8a9e<\/a>        <\/td><td style=\"text-align:center\">\n          <a href=\"https:\/\/test.sweethome3d.eu\/ja\/%e3%83%80%e3%82%a6%e3%83%b3%e3%83%ad%e3%83%bc%e3%83%89\/\" data-type=\"page\" data-id=\"396\">7.5<\/a>\n        <\/td><td style=\"text-align:center\">5.7<\/td><td>Pedro Albuquerque<\/td><\/tr><tr><td class=\"[&amp;&gt;\">img]:-mb-1&#8243; &gt;\ud83c\udde7\ud83c\uddf7 <a href=\"\/pt\">\u30dd\u30eb\u30c8\u30ac\u30eb\u8a9e\uff08\u30d6\u30e9\u30b8\u30eb\uff09<\/a>        <\/td><td style=\"text-align:center\">\n          <a href=\"https:\/\/test.sweethome3d.eu\/ja\/%e3%83%80%e3%82%a6%e3%83%b3%e3%83%ad%e3%83%bc%e3%83%89\/\" data-type=\"page\" data-id=\"396\">7.5<\/a>\n        <\/td><td style=\"text-align:center\">~4.6<\/td><td>\n Roberto Rocha, Lucas Klink, Lucas Germano, Carlos Segura, Adolfino\n Neto\n        <\/td> <\/tr><tr><td class=\"[&amp;&gt;\">img]:-mb-1&#8243; &gt;\ud83c\uddea\ud83c\uddf8 <a href=\"\/es\">\u30b9\u30da\u30a4\u30f3\u8a9e<\/a>        <\/td><td style=\"text-align:center\">\n          <a href=\"https:\/\/test.sweethome3d.eu\/ja\/%e3%83%80%e3%82%a6%e3%83%b3%e3%83%ad%e3%83%bc%e3%83%89\/\" data-type=\"page\" data-id=\"396\">7.5<\/a>\n        <\/td><td style=\"text-align:center\">4.6<\/td><td>Pablo Mayordomo, Paco, Carlos Folch<\/td><\/tr><tr><td class=\"[&amp;&gt;\">img]:-mb-1&#8243; &gt;\ud83c\uddee\ud83c\uddf9 <a href=\"\/it\">\u30a4\u30bf\u30ea\u30a2\u8a9e<\/a>  <\/td><td style=\"text-align:center\">\n          <a href=\"https:\/\/test.sweethome3d.eu\/ja\/%e3%83%80%e3%82%a6%e3%83%b3%e3%83%ad%e3%83%bc%e3%83%89\/\" data-type=\"page\" data-id=\"396\">7.5<\/a>\n        <\/td><td style=\"text-align:center\">~7.1<\/td><td>\n Simone Bufalino, Rosella Mariotti, Psycheye, ConsiEdilizia, Alberto\n Della Salandra, Antonio Guadagnino, Antonio Latronico, Adelina\n Doncheva, Vincenzo Reale\n        <\/td> <\/tr><tr><td class=\"[&amp;&gt;\">img]:-mb-1&#8243; &gt;\ud83c\udde9\ud83c\uddea<a href=\"\/de\">\u30c9\u30a4\u30c4\u8a9e<\/a>   <\/td><td style=\"text-align:center\">\n          <a href=\"https:\/\/test.sweethome3d.eu\/ja\/%e3%83%80%e3%82%a6%e3%83%b3%e3%83%ad%e3%83%bc%e3%83%89\/\" data-type=\"page\" data-id=\"396\">7.5<\/a>\n        <\/td><td style=\"text-align:center\">7.5<\/td><td>\n Sebastian Breuer, Thomas Zimmermann, Andreas Kirsch, Florian Haag,\n Luzia Taschler, Pascal Eberhard, Waldemar Hersacher\n        <\/td> <\/tr><tr><td class=\"[&amp;&gt;\">img]:-mb-1&#8243; &gt; \ud83c\uddf3\ud83c\uddf1 <a href=\"\/nl\">\u30aa\u30e9\u30f3\u30c0\u8a9e<\/a> <\/td><td style=\"text-align:center\">\n          <a href=\"https:\/\/test.sweethome3d.eu\/ja\/%e3%83%80%e3%82%a6%e3%83%b3%e3%83%ad%e3%83%bc%e3%83%89\/\" data-type=\"page\" data-id=\"396\">7.5<\/a>\n        <\/td><td style=\"text-align:center\">4.6<\/td><td>Gerwin Harmsen, Rob van den Berg, FDpaffie<\/td><\/tr><tr><td class=\"[&amp;&gt;\">img]:-mb-1&#8243; &gt;\ud83c\uddf8\ud83c\uddea <a href=\"\/sv\">\u30b9\u30a6\u30a7\u30fc\u30c7\u30f3\u8a9e<\/a>        <\/td><td style=\"text-align:center\">\n          <a href=\"https:\/\/test.sweethome3d.eu\/ja\/%e3%83%80%e3%82%a6%e3%83%b3%e3%83%ad%e3%83%bc%e3%83%89\/\" data-type=\"page\" data-id=\"396\">7.5<\/a>\n        <\/td><td style=\"text-align:center\">5.7<\/td><td>Martin Karlsson<\/td><\/tr><tr> <td class=\"[&amp;&gt;\">img]:-mb-1&#8243; &gt; \ud83c\udde8\ud83c\uddff <a href=\"\/cs\">\u30c1\u30a7\u30b3\u8a9e<\/a><\/td><td style=\"text-align:center\">\n          <a href=\"https:\/\/test.sweethome3d.eu\/ja\/%e3%83%80%e3%82%a6%e3%83%b3%e3%83%ad%e3%83%bc%e3%83%89\/\" data-type=\"page\" data-id=\"396\">7.5<\/a>\n        <\/td><td style=\"text-align:center\">1.2<\/td><td>\u0160tefan Nov\u00e1k, Roman Pol\u00e1\u0161ek, Ondrej Dolejsi, Pavel Barbo\u0159\u00edk<\/td><\/tr><tr><td class=\"[&amp;&gt;\">img]:-mb-1&#8243; &gt;\ud83c\uddf5\ud83c\uddf1 <a href=\"\/pl\">\u30dd\u30fc\u30e9\u30f3\u30c9\u8a9e<\/a><\/td><td style=\"text-align:center\">\n          <a href=\"https:\/\/test.sweethome3d.eu\/ja\/%e3%83%80%e3%82%a6%e3%83%b3%e3%83%ad%e3%83%bc%e3%83%89\/\" data-type=\"page\" data-id=\"396\">7.5<\/a>\n        <\/td><td style=\"text-align:center\">1.2<\/td><td>\n Szymon \u017byci\u0144ski, Paw\u0142a Antkowiaka, Pawel &#8220;Bizkit&#8221; Popanda, Szymon\n Chojnacki, ghr424, Mi\u0142osz Sieradzki\n        <\/td> <\/tr><tr><td class=\"[&amp;&gt;\">img]:-mb-1&#8243; &gt;<em>\ud83c\udde7\ud83c\uddec<\/em> <a href=\"\/bg\">\u30cf\u30f3\u30ac\u30ea\u30fc\u8a9e<\/a>       <\/td><td style=\"text-align:center\">\n          <a href=\"https:\/\/test.sweethome3d.eu\/ja\/%e3%83%80%e3%82%a6%e3%83%b3%e3%83%ad%e3%83%bc%e3%83%89\/\" data-type=\"page\" data-id=\"396\">7.5<\/a>\n        <\/td><td style=\"text-align:center\">4.6<\/td><td>Viktor Mikl\u00f3si, Szita Bal\u00e1zs<\/td><\/tr><tr><td class=\"[&amp;&gt;\">img]:-mb-1&#8243; &gt;<em>\ud83c\uddec\ud83c\uddf7<\/em> <a href=\"\/el\">\u30ae\u30ea\u30b7\u30e3\u8a9e<\/a><\/td><td style=\"text-align:center\">\n          <a href=\"https:\/\/test.sweethome3d.eu\/ja\/%e3%83%80%e3%82%a6%e3%83%b3%e3%83%ad%e3%83%bc%e3%83%89\/\" data-type=\"page\" data-id=\"396\">7.5<\/a>\n        <\/td><td style=\"text-align:center\">1.8<\/td><td>\u0388\u03bb\u03bb\u03b7 \u039d\u03b9\u03ba\u03bf\u03bb\u03ac\u03bf\u03c5, \u0397\u03bb\u03af\u03b1 \u03a4\u03c3\u03b9\u03ac\u03bd\u03c4\u03b1<\/td><\/tr><tr><td class=\"[&amp;&gt;\">img]:-mb-1&#8243; &gt;\ud83c\udded\ud83c\uddfa <a href=\"\/hu\">\u30d6\u30eb\u30ac\u30ea\u30a2\u8a9e<\/a><\/td><td style=\"text-align:center\">\n          <a href=\"https:\/\/test.sweethome3d.eu\/ja\/%e3%83%80%e3%82%a6%e3%83%b3%e3%83%ad%e3%83%bc%e3%83%89\/\" data-type=\"page\" data-id=\"396\">7.5<\/a>\n        <\/td><td style=\"text-align:center\">4.6<\/td><td>\u0412\u0430\u043b\u0435\u043d\u0442\u0438\u043d \u041b\u0430\u0441\u043a\u043e\u0432<\/td><\/tr><tr><td class=\"[&amp;&gt;\">img]:-mb-1&#8243; &gt;\ud83c\uddf7\ud83c\uddfa <a href=\"\/ru\">\u30ed\u30b7\u30a2\u8a9e<\/a><\/td><td style=\"text-align:center\">\n          <a href=\"https:\/\/test.sweethome3d.eu\/ja\/%e3%83%80%e3%82%a6%e3%83%b3%e3%83%ad%e3%83%bc%e3%83%89\/\" data-type=\"page\" data-id=\"396\">7.5<\/a>\n        <\/td><td style=\"text-align:center\">4.6<\/td><td>\n \u0411\u0430\u0441\u0438\u043c\u043e\u0432 \u0418\u043b\u044c\u0433\u0438\u0437, \u0412\u0430\u043b\u0435\u043d\u0442\u0438\u043d \u041a\u0430\u0437\u0438\u043c\u0438\u0440\u043e\u0432, \u041e\u043b\u044c\u0433\u0435, \u042e\u0440\u0438\u044f \u0421\u043c\u0438\u0440\u043d\u043e\u0432\u0430, \u0410\u043d\u0434\u0440\u0435\u0439\n \u041f\u0440\u0438\u0449\u0435\u043d\u043a\u043e, \u041a\u0443\u043d\u0430\u043a\u043e\u0432 \u0410\u043d\u0442\u043e\u043d \u042e\u0440\u044c\u0435\u0432\u0438\u0447, \u0410\u043d\u0434\u0440\u0435\u0439 \u0421\u0443\u0440\u0436\u0438\u043a\u043e\u0432, \u041d\u0438\u043a\u043e\u043b\u0430\u0439 \u041b\u043e\u043c\u0430\u0441\u043e\u0432,\n \u0414\u0430\u043d\u0438\u043b \u041e\u0441\u0438\u043f\u043e\u0432\n        <\/td> <\/tr><tr><td class=\"[&amp;&gt;\">img]:-mb-1&#8243; &gt;\ud83c\uddfb\ud83c\uddf3 <a href=\"\/vi\">\u30d9\u30c8\u30ca\u30e0\u8a9e<\/a><\/td><td style=\"text-align:center\">\n          <a href=\"https:\/\/test.sweethome3d.eu\/ja\/%e3%83%80%e3%82%a6%e3%83%b3%e3%83%ad%e3%83%bc%e3%83%89\/\" data-type=\"page\" data-id=\"396\">7.5<\/a>\n        <\/td><td style=\"text-align:center\">&#8211;<\/td><td>Tu\u1ea5n Ph\u00f9ng<\/td><\/tr><tr><td class=\"[&amp;&gt;\">img]:-mb-1&#8243; &gt;\ud83c\udde8\ud83c\uddf3 <a href=\"https:\/\/test.sweethome3d.eu\/zh-cn\">\u4e2d\u56fd\u8a9e\uff08\u4e2d\u56fd\uff09<\/a><\/td><td style=\"text-align:center\">\n          <a href=\"https:\/\/test.sweethome3d.eu\/ja\/%e3%83%80%e3%82%a6%e3%83%b3%e3%83%ad%e3%83%bc%e3%83%89\/\" data-type=\"page\" data-id=\"396\">7.5<\/a>\n        <\/td><td style=\"text-align:center\">5.7<\/td><td>\u8d75\u65af\u806a, \u65b9\u5219\u8605, \u674e\u65b0\u5ee0, YGYL<\/td><\/tr><tr><td class=\"[&amp;&gt;\">img]:-mb-1&#8243; &gt;\ud83c\uddf9\ud83c\uddfc <a href=\"https:\/\/test.sweethome3d.eu\/zh-tw\">\u4e2d\u56fd\u8a9e\uff08\u53f0\u6e7e\uff09<\/a><\/td><td style=\"text-align:center\">\n          <a href=\"https:\/\/test.sweethome3d.eu\/ja\/%e3%83%80%e3%82%a6%e3%83%b3%e3%83%ad%e3%83%bc%e3%83%89\/\" data-type=\"page\" data-id=\"396\">7.5<\/a>\n        <\/td><td style=\"text-align:center\">5.7<\/td><td>\u674e\u65b0\u5ee0, YGYL<\/td><\/tr><tr><td class=\"[&amp;&gt;\">img]:-mb-1&#8243; &gt;\ud83c\uddef\ud83c\uddf5 <a href=\"\/ja\">\u65e5\u672c\u8a9e<\/a><\/td><td style=\"text-align:center\">\n          <a href=\"https:\/\/test.sweethome3d.eu\/ja\/%e3%83%80%e3%82%a6%e3%83%b3%e3%83%ad%e3%83%bc%e3%83%89\/\" data-type=\"page\" data-id=\"396\">7.5<\/a>\n        <\/td><td style=\"text-align:center\">~5.7<\/td><td>Takahiro Sato, Uiko, Vy, Miyoko, Chiyoko Miklasevich<\/td><\/tr><\/tbody><\/table><\/figure>\n\n<p><a href=\"https:\/\/test.sweethome3d.eu\/ja\/%e3%83%80%e3%82%a6%e3%83%b3%e3%83%ad%e3%83%bc%e3%83%89\/\" data-type=\"page\" data-id=\"396\">Sweet Home 3D<\/a>\u306e\u30e6\u30fc\u30b6\u30fc\u30a4\u30f3\u30bf\u30fc\u30d5\u30a7\u30fc\u30b9\u304c\u671f\u5f85\u3057\u305f\u8a00\u8a9e\u3067\u8868\u793a\u3055\u308c\u306a\u3044\u5834\u5408\u306f\u3001\u74b0\u5883\u8a2d\u5b9a\u30d1\u30cd\u30eb\u306e\u8a00\u8a9e\u30c9\u30ed\u30c3\u30d7\u30c0\u30a6\u30f3\u30ea\u30b9\u30c8\u304b\u3089\u5e0c\u671b\u306e\u8a00\u8a9e\u3092\u9078\u629e\u3057\u3066\u304f\u3060\u3055\u3044\u3002Mac OS X\u3067\u306f\u3001\u3053\u306e\u30d1\u30cd\u30eb\u306fSweet Home 3D\u30e1\u30cb\u30e5\u30fc\u306e\u74b0\u5883\u8a2d\u5b9a\u9805\u76ee\u304b\u3089\u8868\u793a\u3055\u308c\u307e\u3059\u3002\u305d\u306e\u4ed6\u306e\u30b7\u30b9\u30c6\u30e0\u3067\u306f\u3001\u30d5\u30a1\u30a4\u30eb\u30e1\u30cb\u30e5\u30fc\u306e\u74b0\u5883\u8a2d\u5b9a\u9805\u76ee\u304b\u3089\u8868\u793a\u3055\u308c\u307e\u3059\u3002  <\/p>\n\n<h3 class=\"wp-block-heading\"><a href=\"https:\/\/test.sweethome3d.eu\/ja\/%e3%83%80%e3%82%a6%e3%83%b3%e3%83%ad%e3%83%bc%e3%83%89\/\" data-type=\"page\" data-id=\"396\">Sweet Home 3D<\/a>\u3067\u30b5\u30dd\u30fc\u30c8\u3055\u308c\u3066\u3044\u308b\u305d\u306e\u4ed6\u306e\u7ffb\u8a33<\/h3>\n\n<p>\u4ee5\u4e0b\u306e\u5404\u7ffb\u8a33\u306f\u3001\u5c02\u7528\u306eSH3L\u30d5\u30a1\u30a4\u30eb\u3092\u30a4\u30f3\u30b9\u30c8\u30fc\u30eb\u3059\u308b\u3068\u5229\u7528\u53ef\u80fd\u306b\u306a\u308a\u307e\u3059\u3002\u304a\u4f7f\u3044\u306e\u8a00\u8a9e\u306eSH3L\u30d5\u30a1\u30a4\u30eb\u3092\u30a4\u30f3\u30b9\u30c8\u30fc\u30eb\u3059\u308b\u306b\u306f\u3001\u4ee5\u4e0b\u306e\u8868\u306e\u8a72\u5f53\u3059\u308b\u30ea\u30f3\u30af\u3092\u30af\u30ea\u30c3\u30af\u3057\u3066\u30b3\u30f3\u30d4\u30e5\u30fc\u30bf\u306b\u30c0\u30a6\u30f3\u30ed\u30fc\u30c9\u3057\u3001\u30c0\u30a6\u30f3\u30ed\u30fc\u30c9\u3057\u305f\u30d5\u30a1\u30a4\u30eb\u3092\u30c0\u30d6\u30eb\u30af\u30ea\u30c3\u30af\u3059\u308b\u304b\u3001<em>\u8a00\u8a9e\u30e9\u30a4\u30d6\u30e9\u30ea\u30d5\u30a1\u30a4\u30eb\u306e\u30a4\u30f3\u30dd\u30fc\u30c8<\/em>\u30dc\u30bf\u30f3<img decoding=\"async\" width=\"35\" height=\"23\" class=\"wp-image-1487 lazyload\" style=\"--smush-placeholder-width: 35px; --smush-placeholder-aspect-ratio: 35\/23;width: 35px;\" data-src=\"https:\/\/test.sweethome3d.eu\/wp-content\/uploads\/2025\/11\/importLanguageLibraryFile-1.png\" alt=\"\" src=\"data:image\/svg+xml;base64,PHN2ZyB3aWR0aD0iMSIgaGVpZ2h0PSIxIiB4bWxucz0iaHR0cDovL3d3dy53My5vcmcvMjAwMC9zdmciPjwvc3ZnPg==\" \/>\u3067\u9078\u629e\u3057\u3066\u304f\u3060\u3055\u3044\u3002<a href=\"https:\/\/test.sweethome3d.eu\/ja\/sweet-home-3d-%e3%83%a6%e3%83%bc%e3%82%b6%e3%83%bc%e3%82%ac%e3%82%a4%e3%83%89\/#starting-a-new-home\" data-type=\"page\" data-id=\"424\"><em>\u74b0\u5883\u8a2d\u5b9a<\/em>\u30d1\u30cd\u30eb<\/a>\u306e\u4e0a\u90e8\u306b\u8868\u793a\u3055\u308c\u308b\u3002 <\/p>\n\n<figure class=\"wp-block-flexible-table-block-table is-content-justification-center\"><table class=\"\" style=\"width:100%\"><thead><tr><th style=\"text-align:center;width:20%\">\u8a00\u8a9e<\/th><th style=\"text-align:center\">\u30e6\u30fc\u30b6\u30fc\u30a4\u30f3\u30bf\u30fc\u30d5\u30a7\u30fc\u30b9\u30d0\u30fc\u30b8\u30e7\u30f3<\/th><th style=\"text-align:center\">\u30d8\u30eb\u30d7\u30d0\u30fc\u30b8\u30e7\u30f3<\/th><th style=\"text-align:center;width:40%\">\u7ffb\u8a33\u8005<\/th><\/tr><\/thead><tbody><tr><td class=\"[&amp;&gt;\">img]:-mb-1&#8243; &gt;\ud83c\udff4\udb40\udc65\udb40\udc73\udb40\udc70\udb40\udc76\udb40\udc7f <a href=\"\/storage\/translations\/Basque-7.5.sh3l\">\u30d0\u30b9\u30af\u8a9e<\/a><\/td><td style=\"text-align:center\"><a href=\"https:\/\/test.sweethome3d.eu\/ja\/%e3%83%80%e3%82%a6%e3%83%b3%e3%83%ad%e3%83%bc%e3%83%89\/\" data-type=\"page\" data-id=\"396\">7.5<\/a><\/td><td style=\"text-align:center\">&#8211;<\/td><td>Alexander Gabilondo<\/td><\/tr><tr><td class=\"[&amp;&gt;\">img]:-mb-1&#8243; &gt;\ud83c\uddf8\ud83c\uddee <a href=\"\/storage\/translations\/Slovenian-5.7.1.sh3l\">\u30b9\u30ed\u30d9\u30cb\u30a2\u8a9e<\/a><\/td><td style=\"text-align:center\"><a href=\"https:\/\/test.sweethome3d.eu\/ja\/%e3%83%80%e3%82%a6%e3%83%b3%e3%83%ad%e3%83%bc%e3%83%89\/\" data-type=\"page\" data-id=\"396\">5.7<\/a><\/td><td style=\"text-align:center\">4.6<\/td><td>Samo Mole<\/td><\/tr><tr><td class=\"[&amp;&gt;\">img]:-mb-1&#8243; &gt;\ud83c\uddeb\ud83c\uddee <a href=\"\/storage\/translations\/Finnish-7.5.sh3l\">\u30d5\u30a3\u30f3\u30e9\u30f3\u30c9\u8a9e<\/a><\/td><td style=\"text-align:center\"><a href=\"https:\/\/test.sweethome3d.eu\/ja\/%e3%83%80%e3%82%a6%e3%83%b3%e3%83%ad%e3%83%bc%e3%83%89\/\" data-type=\"page\" data-id=\"396\">7.5<\/a><\/td><td style=\"text-align:center\">4.3<\/td><td>Jukka Hyyti\u00e4l\u00e4, Seppo Voutilainen<\/td><\/tr><tr><td class=\"[&amp;&gt;\">img]:-mb-1&#8243; &gt;\ud83c\uddf7\ud83c\uddf8 <a href=\"\/storage\/translations\/Serbian-4.3.1.sh3l\" data-type=\"link\" data-id=\"https:\/\/test.sweethome3d.eu\/translations\/Serbian-4.3.1.sh3l\">\u30bb\u30eb\u30d3\u30a2\u8a9e<\/a><\/td><td style=\"text-align:center\"><a href=\"https:\/\/test.sweethome3d.eu\/ja\/%e3%83%80%e3%82%a6%e3%83%b3%e3%83%ad%e3%83%bc%e3%83%89\/\" data-type=\"page\" data-id=\"396\">4.3<\/a><\/td><td style=\"text-align:center\">3.4<\/td><td>\u0418\u0432\u0430\u043d \u0421\u0442\u0430\u0440\u0447\u0435\u0432\u0438\u045b, \u0421\u043d\u0435\u0436\u0430\u043d\u0430 \u041b\u0443\u043a\u0438\u045b<\/td><\/tr><tr><td class=\"[&amp;&gt;\">img]:-mb-1&#8243; &gt;\ud83c\uddfa\ud83c\udde6 <a href=\"\/storage\/translations\/Ukrainian-5.7.1.sh3l\" data-type=\"link\" data-id=\"https:\/\/test.sweethome3d.eu\/translations\/Ukrainian-5.7.1.sh3l\">\u30a6\u30af\u30e9\u30a4\u30ca\u8a9e<\/a><\/td><td style=\"text-align:center\"><a href=\"https:\/\/test.sweethome3d.eu\/ja\/%e3%83%80%e3%82%a6%e3%83%b3%e3%83%ad%e3%83%bc%e3%83%89\/\" data-type=\"page\" data-id=\"396\">5.7<\/a><\/td><td style=\"text-align:center\">5.0<\/td><td>\u041e\u043b\u0435\u043a\u0441\u0430\u043d\u0434\u0440 \u041f\u0438\u043b\u0438\u043f\u0447\u0443\u043a<\/td><\/tr><tr><td class=\"[&amp;&gt;\">img]:-mb-1&#8243; &gt;\ud83c\uddf9\ud83c\uddf7 <a href=\"\/storage\/translations\/Turkish-7.5.sh3l\" data-type=\"link\" data-id=\"https:\/\/test.sweethome3d.eu\/translations\/Turkish-7.5.sh3l\">\u30c8\u30eb\u30b3\u8a9e<\/a><\/td><td style=\"text-align:center\"><a href=\"https:\/\/test.sweethome3d.eu\/ja\/%e3%83%80%e3%82%a6%e3%83%b3%e3%83%ad%e3%83%bc%e3%83%89\/\" data-type=\"page\" data-id=\"396\">7.5<\/a><\/td><td style=\"text-align:center\">&#8211;<\/td><td>M\u00fccahit Baydar<\/td><\/tr><tr><td class=\"[&amp;&gt;\">img]:-mb-1&#8243; &gt;\ud83c\uddf8\ud83c\udde6 <a href=\"\/storage\/translations\/Arabic-7.1.1.sh3l\">\u30a2\u30e9\u30d3\u30a2\u8a9e<\/a><\/td><td style=\"text-align:center\"><a href=\"https:\/\/test.sweethome3d.eu\/ja\/%e3%83%80%e3%82%a6%e3%83%b3%e3%83%ad%e3%83%bc%e3%83%89\/\" data-type=\"page\" data-id=\"396\">7.1<\/a><\/td><td style=\"text-align:center\">&#8211;<\/td><td>MFM Dawdeh<\/td><\/tr><tr><td class=\"[&amp;&gt;\">img]:-mb-1&#8243; &gt;\ud83c\uddee\ud83c\udde9 <a href=\"\/storage\/translations\/Indonesian-7.1.1.sh3l\" data-type=\"link\" data-id=\"https:\/\/test.sweethome3d.eu\/translations\/Indonesian-7.1.1.sh3l\">\u30a4\u30f3\u30c9\u30cd\u30b7\u30a2\u8a9e<\/a><\/td><td style=\"text-align:center\"><a href=\"https:\/\/test.sweethome3d.eu\/ja\/%e3%83%80%e3%82%a6%e3%83%b3%e3%83%ad%e3%83%bc%e3%83%89\/\" data-type=\"page\" data-id=\"396\">7.1<\/a><\/td><td style=\"text-align:center\">&#8211;<\/td><td>Al Firdhaus<\/td><\/tr><tr><td class=\"[&amp;&gt;\">img]:-mb-1&#8243; &gt;\ud83c\uddf9\ud83c\udded <a href=\"\/storage\/translations\/Thai-7.5.sh3l\" data-type=\"link\" data-id=\"https:\/\/test.sweethome3d.eu\/translations\/Thai-7.5.sh3l\">\u30bf\u30a4\u8a9e<\/a><\/td><td style=\"text-align:center\"><a href=\"https:\/\/test.sweethome3d.eu\/ja\/%e3%83%80%e3%82%a6%e3%83%b3%e3%83%ad%e3%83%bc%e3%83%89\/\" data-type=\"page\" data-id=\"396\">7.5<\/a><\/td><td style=\"text-align:center\">&#8211;<\/td><td>\u0e01\u0e31\u0e19\u0e22\u0e4c\u0e0a\u0e31\u0e0a\u0e0a\u0e31\u0e22 \u0e42\u0e1e\u0e18\u0e34\u0e2b\u0e25\u0e49\u0e32<\/td><\/tr><tr><td class=\"[&amp;&gt;\">img]:-mb-1&#8243; &gt;\ud83c\uddf0\ud83c\uddf7 <a href=\"\/storage\/translations\/Korean-7.5.sh3l\" data-type=\"link\" data-id=\"https:\/\/test.sweethome3d.eu\/translations\/Korean-7.5.sh3l\">\u97d3\u56fd\u8a9e<\/a><\/td><td style=\"text-align:center\"><a href=\"https:\/\/test.sweethome3d.eu\/ja\/%e3%83%80%e3%82%a6%e3%83%b3%e3%83%ad%e3%83%bc%e3%83%89\/\" data-type=\"page\" data-id=\"396\">7.5<\/a><\/td><td style=\"text-align:center\">~5.7<\/td><td>\ubc31\ud638\uc11d, \uc774\ud638\ucc2c<\/td><\/tr><\/tbody><\/table><\/figure>\n\n<p>\u7ffb\u8a33\u8005\u306e\u65b9\u3078\uff1a<a href=\"https:\/\/test.sweethome3d.eu\/ja\/%e3%83%80%e3%82%a6%e3%83%b3%e3%83%ad%e3%83%bc%e3%83%89\/\" data-type=\"page\" data-id=\"396\">Sweet Home 3D<\/a>\u3092\u3042\u306a\u305f\u306e\u8a00\u8a9e\u306b\u7ffb\u8a33\u3057\u305f\u3044\u5834\u5408\u306f\u3001<a href=\"https:\/\/test.sweethome3d.eu\/ja\/%e7%bf%bb%e8%a8%b3%e3%82%ac%e3%82%a4%e3%83%89\/\" data-type=\"page\" data-id=\"5142\">\u7ffb\u8a33\u30ac\u30a4\u30c9<\/a>\u3092\u304a\u8aad\u307f\u304f\u3060\u3055\u3044\u3002<\/p>\n","protected":false},"excerpt":{"rendered":"<p>Sweet Home 3D\u306f29\u306e\u7570\u306a\u308b\u8a00\u8a9e\u3067\u5229\u7528\u53ef\u80fd\u3067\u3059\u3002 Sweet Home 3D\u306b\u542b\u307e\u308c\u308b\u7ffb\u8a33 \u4ee5\u4e0b\u306e\u7ffb\u8a33\u306fSweet Home 3D\u3092\u30a4\u30f3\u30b9\u30c8\u30fc\u30eb\u3057\u305f\u969b\u306b\u76f4\u63a5\u542b\u307e\u308c\u3066\u304a\u308a\u3001\u30a2\u30d7\u30ea\u30b1\u30fc\u30b7\u30e7\u30f3\u306b\u65b0\u6a5f\u80fd\u304c\u8ffd\u52a0\u3055\u308c\u305f\u969b<a href=\"https:\/\/test.sweethome3d.eu\/ja\/%e7%bf%bb%e8%a8%b3\/\">Continue reading <span class=\"sr-only\">&#8220;\u7ffb\u8a33&#8221;<\/span><\/a><\/p>\n","protected":false},"author":4,"featured_media":2760,"parent":0,"menu_order":0,"comment_status":"closed","ping_status":"closed","template":"page-resources.php","meta":{"inline_featured_image":false,"footnotes":""},"class_list":["post-2761","page","type-page","status-publish","has-post-thumbnail","hentry"],"_links":{"self":[{"href":"https:\/\/test.sweethome3d.eu\/ja\/wp-json\/wp\/v2\/pages\/2761","targetHints":{"allow":["GET"]}}],"collection":[{"href":"https:\/\/test.sweethome3d.eu\/ja\/wp-json\/wp\/v2\/pages"}],"about":[{"href":"https:\/\/test.sweethome3d.eu\/ja\/wp-json\/wp\/v2\/types\/page"}],"author":[{"embeddable":true,"href":"https:\/\/test.sweethome3d.eu\/ja\/wp-json\/wp\/v2\/users\/4"}],"replies":[{"embeddable":true,"href":"https:\/\/test.sweethome3d.eu\/ja\/wp-json\/wp\/v2\/comments?post=2761"}],"version-history":[{"count":3,"href":"https:\/\/test.sweethome3d.eu\/ja\/wp-json\/wp\/v2\/pages\/2761\/revisions"}],"predecessor-version":[{"id":11032,"href":"https:\/\/test.sweethome3d.eu\/ja\/wp-json\/wp\/v2\/pages\/2761\/revisions\/11032"}],"wp:featuredmedia":[{"embeddable":true,"href":"https:\/\/test.sweethome3d.eu\/ja\/wp-json\/wp\/v2\/media\/2760"}],"wp:attachment":[{"href":"https:\/\/test.sweethome3d.eu\/ja\/wp-json\/wp\/v2\/media?parent=2761"}],"curies":[{"name":"wp","href":"https:\/\/api.w.org\/{rel}","templated":true}]}}