{"id":2737,"date":"2025-09-18T11:56:45","date_gmt":"2025-09-18T11:56:45","guid":{"rendered":"https:\/\/test.sweethome3d.eu\/vertalingen\/"},"modified":"2025-12-16T10:16:51","modified_gmt":"2025-12-16T10:16:51","slug":"vertalingen","status":"publish","type":"page","link":"https:\/\/test.sweethome3d.eu\/nl\/vertalingen\/","title":{"rendered":"Vertalingen"},"content":{"rendered":"\n<h2 class=\"wp-block-heading\">Sweet Home 3D is beschikbaar in 29 verschillende talen.<\/h2>\n\n<h3 class=\"wp-block-heading\">Vertalingen inbegrepen in Sweet Home 3D<\/h3>\n\n<p>De volgende vertalingen zijn direct inbegrepen in <a href=\"https:\/\/test.sweethome3d.eu\/nl\/download\/\" data-type=\"page\" data-id=\"396\">Sweet Home 3D<\/a> wanneer je het <a href=\"https:\/\/test.sweethome3d.eu\/nl\/veelgestelde-vragen\/\" data-type=\"page\" data-id=\"422\">installeert<\/a>, en worden bijgewerkt wanneer er nieuwe functies aan de applicatie worden toegevoegd.<\/p>\n\n<figure class=\"wp-block-flexible-table-block-table is-content-justification-center\"><table class=\"has-fixed-layout\" style=\"width:100%;max-width:1600px\"><thead><tr><th style=\"text-align:center;width:25%\">Taal<\/th><th style=\"text-align:center\">Gebruikersinterface versie<\/th><th style=\"text-align:center\">Help versie<\/th><th style=\"width:50%;text-align:center\">Vertalers<\/th><\/tr><\/thead><tbody><tr><td class=\"[&amp;&gt;\">img]:-mb-1&#8243; &gt;\ud83c\uddfa\ud83c\uddf8 <a href=\"\/\" data-type=\"page\" data-id=\"286\">Engels<\/a><\/td><td style=\"text-align:center\">\n          <a href=\"https:\/\/test.sweethome3d.eu\/nl\/download\/\" data-type=\"page\" data-id=\"396\">7.5<\/a>\n        <\/td><td style=\"text-align:center\">7.5<\/td><td>Emmanuel Puybaret, Pencilart<\/td><\/tr><tr><td class=\"[&amp;&gt;\">img]:-mb-1&#8243; &gt;\ud83c\uddeb\ud83c\uddf7 <a href=\"\/fr\">Frans<\/a><\/td><td style=\"text-align:center\">\n          <a href=\"https:\/\/test.sweethome3d.eu\/nl\/download\/\" data-type=\"page\" data-id=\"396\">7.5<\/a>\n        <\/td><td style=\"text-align:center\">7.5<\/td><td>Emmanuel Puybaret<\/td><\/tr><tr><td class=\"[&amp;&gt;\">img]:-mb-1&#8243; &gt;\ud83c\uddf5\ud83c\uddf9 <a href=\"\/pt\">Portugees<\/a>        <\/td><td style=\"text-align:center\">\n          <a href=\"https:\/\/test.sweethome3d.eu\/nl\/download\/\" data-type=\"page\" data-id=\"396\">7.5<\/a>\n        <\/td><td style=\"text-align:center\">5.7<\/td><td>Pedro Albuquerque<\/td><\/tr><tr><td class=\"[&amp;&gt;\">img]:-mb-1&#8243; &gt;\ud83c\udde7\ud83c\uddf7 <a href=\"\/pt\">Portugees (Brazili\u00eb)<\/a>        <\/td><td style=\"text-align:center\">\n          <a href=\"https:\/\/test.sweethome3d.eu\/nl\/download\/\" data-type=\"page\" data-id=\"396\">7.5<\/a>\n        <\/td><td style=\"text-align:center\">~4.6<\/td><td>\n Roberto Rocha, Lucas Klink, Lucas Germano, Carlos Segura, Adolfino\n Neto\n        <\/td> <\/tr><tr><td class=\"[&amp;&gt;\">img]:-mb-1&#8243; &gt;\ud83c\uddea\ud83c\uddf8 <a href=\"\/es\">Spaans<\/a>        <\/td><td style=\"text-align:center\">\n          <a href=\"https:\/\/test.sweethome3d.eu\/nl\/download\/\" data-type=\"page\" data-id=\"396\">7.5<\/a>\n        <\/td><td style=\"text-align:center\">4.6<\/td><td>Pablo Mayordomo, Paco, Carlos Folch<\/td><\/tr><tr><td class=\"[&amp;&gt;\">img]:-mb-1&#8243; &gt;\ud83c\uddee\ud83c\uddf9 <a href=\"\/it\">Italiaans<\/a>  <\/td><td style=\"text-align:center\">\n          <a href=\"https:\/\/test.sweethome3d.eu\/nl\/download\/\" data-type=\"page\" data-id=\"396\">7.5<\/a>\n        <\/td><td style=\"text-align:center\">~7.1<\/td><td>\n Simone Bufalino, Rosella Mariotti, Psycheye, ConsiEdilizia, Alberto\n Della Salandra, Antonio Guadagnino, Antonio Latronico, Adelina\n Doncheva, Vincenzo Reale\n        <\/td> <\/tr><tr><td class=\"[&amp;&gt;\">img]:-mb-1&#8243; &gt;\ud83c\udde9\ud83c\uddea<a href=\"\/de\">Duits<\/a>   <\/td><td style=\"text-align:center\">\n          <a href=\"https:\/\/test.sweethome3d.eu\/nl\/download\/\" data-type=\"page\" data-id=\"396\">7.5<\/a>\n        <\/td><td style=\"text-align:center\">7.5<\/td><td>\n Sebastian Breuer, Thomas Zimmermann, Andreas Kirsch, Florian Haag,\n Luzia Taschler, Pascal Eberhard, Waldemar Hersacher\n        <\/td> <\/tr><tr><td class=\"[&amp;&gt;\">img]:-mb-1&#8243; &gt; \ud83c\uddf3\ud83c\uddf1 <a href=\"\/nl\">Nederlands<\/a> <\/td><td style=\"text-align:center\">\n          <a href=\"https:\/\/test.sweethome3d.eu\/nl\/download\/\" data-type=\"page\" data-id=\"396\">7.5<\/a>\n        <\/td><td style=\"text-align:center\">4.6<\/td><td>Gerwin Harmsen, Rob van den Berg, FDpaffie<\/td><\/tr><tr><td class=\"[&amp;&gt;\">img]:-mb-1&#8243; &gt;\ud83c\uddf8\ud83c\uddea <a href=\"\/sv\">Zweeds<\/a>        <\/td><td style=\"text-align:center\">\n          <a href=\"https:\/\/test.sweethome3d.eu\/nl\/download\/\" data-type=\"page\" data-id=\"396\">7.5<\/a>\n        <\/td><td style=\"text-align:center\">5.7<\/td><td>Martin Karlsson<\/td><\/tr><tr> <td class=\"[&amp;&gt;\">img]:-mb-1&#8243; &gt; \ud83c\udde8\ud83c\uddff <a href=\"\/cs\">Tsjechisch<\/a><\/td><td style=\"text-align:center\">\n          <a href=\"https:\/\/test.sweethome3d.eu\/nl\/download\/\" data-type=\"page\" data-id=\"396\">7.5<\/a>\n        <\/td><td style=\"text-align:center\">1.2<\/td><td>\u0160tefan Nov\u00e1k, Roman Pol\u00e1\u0161ek, Ondrej Dolejsi, Pavel Barbo\u0159\u00edk<\/td><\/tr><tr><td class=\"[&amp;&gt;\">img]:-mb-1&#8243; &gt;\ud83c\uddf5\ud83c\uddf1 <a href=\"\/pl\">Pools<\/a><\/td><td style=\"text-align:center\">\n          <a href=\"https:\/\/test.sweethome3d.eu\/nl\/download\/\" data-type=\"page\" data-id=\"396\">7.5<\/a>\n        <\/td><td style=\"text-align:center\">1.2<\/td><td>\n Szymon \u017byci\u0144ski, Paw\u0142a Antkowiaka, Pawel &#8220;Bizkit&#8221; Popanda, Szymon\n Chojnacki, ghr424, Mi\u0142osz Sieradzki\n        <\/td> <\/tr><tr><td class=\"[&amp;&gt;\">img]:-mb-1&#8243; &gt;<em>\ud83c\udde7\ud83c\uddec<\/em> <a href=\"\/bg\">Hongaars<\/a>       <\/td><td style=\"text-align:center\">\n          <a href=\"https:\/\/test.sweethome3d.eu\/nl\/download\/\" data-type=\"page\" data-id=\"396\">7.5<\/a>\n        <\/td><td style=\"text-align:center\">4.6<\/td><td>Viktor Mikl\u00f3si, Szita Bal\u00e1zs<\/td><\/tr><tr><td class=\"[&amp;&gt;\">img]:-mb-1&#8243; &gt;<em>\ud83c\uddec\ud83c\uddf7<\/em> <a href=\"\/el\">Grieks<\/a><\/td><td style=\"text-align:center\">\n          <a href=\"https:\/\/test.sweethome3d.eu\/nl\/download\/\" data-type=\"page\" data-id=\"396\">7.5<\/a>\n        <\/td><td style=\"text-align:center\">1.8<\/td><td>\u0388\u03bb\u03bb\u03b7 \u039d\u03b9\u03ba\u03bf\u03bb\u03ac\u03bf\u03c5, \u0397\u03bb\u03af\u03b1 \u03a4\u03c3\u03b9\u03ac\u03bd\u03c4\u03b1<\/td><\/tr><tr><td class=\"[&amp;&gt;\">img]:-mb-1&#8243; &gt;\ud83c\udded\ud83c\uddfa <a href=\"\/hu\">Bulgaars<\/a><\/td><td style=\"text-align:center\">\n          <a href=\"https:\/\/test.sweethome3d.eu\/nl\/download\/\" data-type=\"page\" data-id=\"396\">7.5<\/a>\n        <\/td><td style=\"text-align:center\">4.6<\/td><td>\u0412\u0430\u043b\u0435\u043d\u0442\u0438\u043d \u041b\u0430\u0441\u043a\u043e\u0432<\/td><\/tr><tr><td class=\"[&amp;&gt;\">img]:-mb-1&#8243; &gt;\ud83c\uddf7\ud83c\uddfa <a href=\"\/ru\">Russisch<\/a><\/td><td style=\"text-align:center\">\n          <a href=\"https:\/\/test.sweethome3d.eu\/nl\/download\/\" data-type=\"page\" data-id=\"396\">7.5<\/a>\n        <\/td><td style=\"text-align:center\">4.6<\/td><td>\n \u0411\u0430\u0441\u0438\u043c\u043e\u0432 \u0418\u043b\u044c\u0433\u0438\u0437, \u0412\u0430\u043b\u0435\u043d\u0442\u0438\u043d \u041a\u0430\u0437\u0438\u043c\u0438\u0440\u043e\u0432, \u041e\u043b\u044c\u0433\u0435, \u042e\u0440\u0438\u044f \u0421\u043c\u0438\u0440\u043d\u043e\u0432\u0430, \u0410\u043d\u0434\u0440\u0435\u0439\n \u041f\u0440\u0438\u0449\u0435\u043d\u043a\u043e, \u041a\u0443\u043d\u0430\u043a\u043e\u0432 \u0410\u043d\u0442\u043e\u043d \u042e\u0440\u044c\u0435\u0432\u0438\u0447, \u0410\u043d\u0434\u0440\u0435\u0439 \u0421\u0443\u0440\u0436\u0438\u043a\u043e\u0432, \u041d\u0438\u043a\u043e\u043b\u0430\u0439 \u041b\u043e\u043c\u0430\u0441\u043e\u0432,\n \u0414\u0430\u043d\u0438\u043b \u041e\u0441\u0438\u043f\u043e\u0432\n        <\/td> <\/tr><tr><td class=\"[&amp;&gt;\">img]:-mb-1&#8243; &gt;\ud83c\uddfb\ud83c\uddf3 <a href=\"\/vi\">Vietnamees<\/a><\/td><td style=\"text-align:center\">\n          <a href=\"https:\/\/test.sweethome3d.eu\/nl\/download\/\" data-type=\"page\" data-id=\"396\">7.5<\/a>\n        <\/td><td style=\"text-align:center\">&#8211;<\/td><td>Tu\u1ea5n Ph\u00f9ng<\/td><\/tr><tr><td class=\"[&amp;&gt;\">img]:-mb-1&#8243; &gt;\ud83c\udde8\ud83c\uddf3 <a href=\"https:\/\/test.sweethome3d.eu\/zh-cn\">Chinees (China)<\/a><\/td><td style=\"text-align:center\">\n          <a href=\"https:\/\/test.sweethome3d.eu\/nl\/download\/\" data-type=\"page\" data-id=\"396\">7.5<\/a>\n        <\/td><td style=\"text-align:center\">5.7<\/td><td>\u8d75\u65af\u806a, \u65b9\u5219\u8605, \u674e\u65b0\u5ee0, YGYL<\/td><\/tr><tr><td class=\"[&amp;&gt;\">img]:-mb-1&#8243; &gt;\ud83c\uddf9\ud83c\uddfc <a href=\"https:\/\/test.sweethome3d.eu\/zh-tw\">Chinees (Taiwan)<\/a><\/td><td style=\"text-align:center\">\n          <a href=\"https:\/\/test.sweethome3d.eu\/nl\/download\/\" data-type=\"page\" data-id=\"396\">7.5<\/a>\n        <\/td><td style=\"text-align:center\">5.7<\/td><td>\u674e\u65b0\u5ee0, YGYL<\/td><\/tr><tr><td class=\"[&amp;&gt;\">img]:-mb-1&#8243; &gt;\ud83c\uddef\ud83c\uddf5 <a href=\"\/ja\">Japans<\/a><\/td><td style=\"text-align:center\">\n          <a href=\"https:\/\/test.sweethome3d.eu\/nl\/download\/\" data-type=\"page\" data-id=\"396\">7.5<\/a>\n        <\/td><td style=\"text-align:center\">~5.7<\/td><td>Takahiro Sato, Uiko, Vy, Miyoko, Chiyoko Miklasevich<\/td><\/tr><\/tbody><\/table><\/figure>\n\n<p>Als de gebruikersinterface van <a href=\"https:\/\/test.sweethome3d.eu\/nl\/download\/\" data-type=\"page\" data-id=\"396\">Sweet Home 3D<\/a> niet wordt weergegeven in de taal die je verwacht, kies dan je voorkeurstaal in de taal-keuzelijst van het Voorkeuren-venster. Op Mac OS X wordt dit venster weergegeven door het item Voorkeuren te kiezen in het Sweet Home 3D-menu. Op andere systemen wordt het weergegeven door het item Voorkeuren te kiezen in het menu Bestand.  <\/p>\n\n<h3 class=\"wp-block-heading\">Andere vertalingen ondersteund door <a href=\"https:\/\/test.sweethome3d.eu\/nl\/download\/\" data-type=\"page\" data-id=\"396\">Sweet Home 3D<\/a><\/h3>\n\n<p>Elke volgende vertaling is beschikbaar zodra je het bijbehorende SH3L-bestand hebt ge\u00efnstalleerd. Om het SH3L-bestand van jouw taal te installeren, klik je op de bijbehorende link in de volgende tabel om het te downloaden op je computer. Dubbelklik vervolgens op het gedownloade bestand of kies het met de knop <em>Taalbibliotheekbestand importeren<\/em> <img decoding=\"async\" width=\"35\" height=\"23\" class=\"wp-image-1487 lazyload\" style=\"--smush-placeholder-width: 35px; --smush-placeholder-aspect-ratio: 35\/23;width: 35px;\" data-src=\"https:\/\/test.sweethome3d.eu\/wp-content\/uploads\/2025\/11\/importLanguageLibraryFile-1.png\" alt=\"\" src=\"data:image\/svg+xml;base64,PHN2ZyB3aWR0aD0iMSIgaGVpZ2h0PSIxIiB4bWxucz0iaHR0cDovL3d3dy53My5vcmcvMjAwMC9zdmciPjwvc3ZnPg==\" \/> die bovenaan het <a href=\"https:\/\/test.sweethome3d.eu\/nl\/sweet-home-3d-gebruikershandleiding\/#starting-a-new-home\" data-type=\"page\" data-id=\"424\"><em>Voorkeuren<\/em>-venster<\/a> wordt weergegeven. <\/p>\n\n<figure class=\"wp-block-flexible-table-block-table is-content-justification-center\"><table class=\"\" style=\"width:100%\"><thead><tr><th style=\"text-align:center;width:20%\">Taal<\/th><th style=\"text-align:center\">Gebruikersinterface versie<\/th><th style=\"text-align:center\">Help versie<\/th><th style=\"text-align:center;width:40%\">Vertalers<\/th><\/tr><\/thead><tbody><tr><td class=\"[&amp;&gt;\">img]:-mb-1&#8243; &gt;\ud83c\udff4\udb40\udc65\udb40\udc73\udb40\udc70\udb40\udc76\udb40\udc7f <a href=\"\/storage\/translations\/Basque-7.5.sh3l\">Baskisch<\/a><\/td><td style=\"text-align:center\"><a href=\"https:\/\/test.sweethome3d.eu\/nl\/download\/\" data-type=\"page\" data-id=\"396\">7.5<\/a><\/td><td style=\"text-align:center\">&#8211;<\/td><td>Alexander Gabilondo<\/td><\/tr><tr><td class=\"[&amp;&gt;\">img]:-mb-1&#8243; &gt;\ud83c\uddf8\ud83c\uddee <a href=\"\/storage\/translations\/Slovenian-5.7.1.sh3l\">Sloveens<\/a><\/td><td style=\"text-align:center\"><a href=\"https:\/\/test.sweethome3d.eu\/nl\/download\/\" data-type=\"page\" data-id=\"396\">5.7<\/a><\/td><td style=\"text-align:center\">4.6<\/td><td>Samo Mole<\/td><\/tr><tr><td class=\"[&amp;&gt;\">img]:-mb-1&#8243; &gt;\ud83c\uddeb\ud83c\uddee <a href=\"\/storage\/translations\/Finnish-7.5.sh3l\">Suomi<\/a><\/td><td style=\"text-align:center\"><a href=\"https:\/\/test.sweethome3d.eu\/nl\/download\/\" data-type=\"page\" data-id=\"396\">7,5<\/a><\/td><td style=\"text-align:center\">4,3<\/td><td>Jukka Hyyti\u00e4l\u00e4, Seppo Voutilainen<\/td><\/tr><tr><td class=\"[&amp;&gt;\">img]:-mb-1&#8243; &gt;\ud83c\uddf7\ud83c\uddf8 <a href=\"\/storage\/translations\/Serbian-4.3.1.sh3l\" data-type=\"link\" data-id=\"https:\/\/test.sweethome3d.eu\/translations\/Serbian-4.3.1.sh3l\">C\u0440\u043f\u0441\u043a\u0438<\/a><\/td><td style=\"text-align:center\"><a href=\"https:\/\/test.sweethome3d.eu\/nl\/download\/\" data-type=\"page\" data-id=\"396\">4,3<\/a><\/td><td style=\"text-align:center\">3,4<\/td><td>\u0418\u0432\u0430\u043d \u0421\u0442\u0430\u0440\u0447\u0435\u0432\u0438\u045b, \u0421\u043d\u0435\u0436\u0430\u043d\u0430 \u041b\u0443\u043a\u0438\u045b<\/td><\/tr><tr><td class=\"[&amp;&gt;\">img]:-mb-1&#8243; &gt;\ud83c\uddfa\ud83c\udde6 <a href=\"\/storage\/translations\/Ukrainian-5.7.1.sh3l\" data-type=\"link\" data-id=\"https:\/\/test.sweethome3d.eu\/translations\/Ukrainian-5.7.1.sh3l\">Y\u043a\u0440\u0430\u0457\u043d\u0441\u044c\u043a\u0430<\/a><\/td><td style=\"text-align:center\"><a href=\"https:\/\/test.sweethome3d.eu\/nl\/download\/\" data-type=\"page\" data-id=\"396\">5,7<\/a><\/td><td style=\"text-align:center\">5,0<\/td><td>\u041e\u043b\u0435\u043a\u0441\u0430\u043d\u0434\u0440 \u041f\u0438\u043b\u0438\u043f\u0447\u0443\u043a<\/td><\/tr><tr><td class=\"[&amp;&gt;\">img]:-mb-1&#8243; &gt;\ud83c\uddf9\ud83c\uddf7 <a href=\"\/storage\/translations\/Turkish-7.5.sh3l\" data-type=\"link\" data-id=\"https:\/\/test.sweethome3d.eu\/translations\/Turkish-7.5.sh3l\">T\u00fcrk\u00e7e<\/a><\/td><td style=\"text-align:center\"><a href=\"https:\/\/test.sweethome3d.eu\/nl\/download\/\" data-type=\"page\" data-id=\"396\">7,5<\/a><\/td><td style=\"text-align:center\">&#8211;<\/td><td>M\u00fccahit Baydar<\/td><\/tr><tr><td class=\"[&amp;&gt;\">img]:-mb-1&#8243; &gt;\ud83c\uddf8\ud83c\udde6 <a href=\"\/storage\/translations\/Arabic-7.1.1.sh3l\">\u0627\u0644\u0639\u0631\u0628\u064a\u0629<\/a><\/td><td style=\"text-align:center\"><a href=\"https:\/\/test.sweethome3d.eu\/nl\/download\/\" data-type=\"page\" data-id=\"396\">7,1<\/a><\/td><td style=\"text-align:center\">&#8211;<\/td><td>MFM Dawdeh<\/td><\/tr><tr><td class=\"[&amp;&gt;\">img]:-mb-1&#8243; &gt;\ud83c\uddee\ud83c\udde9 <a href=\"\/storage\/translations\/Indonesian-7.1.1.sh3l\" data-type=\"link\" data-id=\"https:\/\/test.sweethome3d.eu\/translations\/Indonesian-7.1.1.sh3l\">Indonesian<\/a><\/td><td style=\"text-align:center\"><a href=\"https:\/\/test.sweethome3d.eu\/nl\/download\/\" data-type=\"page\" data-id=\"396\">7,1<\/a><\/td><td style=\"text-align:center\">&#8211;<\/td><td>Al Firdhaus<\/td><\/tr><tr><td class=\"[&amp;&gt;\">img]:-mb-1&#8243; &gt;\ud83c\uddf9\ud83c\udded <a href=\"\/storage\/translations\/Thai-7.5.sh3l\" data-type=\"link\" data-id=\"https:\/\/test.sweethome3d.eu\/translations\/Thai-7.5.sh3l\">\u0e44\u0e17\u0e22<\/a><\/td><td style=\"text-align:center\"><a href=\"https:\/\/test.sweethome3d.eu\/nl\/download\/\" data-type=\"page\" data-id=\"396\">7,5<\/a><\/td><td style=\"text-align:center\">&#8211;<\/td><td>\u0e01\u0e31\u0e19\u0e22\u0e4c\u0e0a\u0e31\u0e0a\u0e0a\u0e31\u0e22 \u0e42\u0e1e\u0e18\u0e34\u0e2b\u0e25\u0e49\u0e32<\/td><\/tr><tr><td class=\"[&amp;&gt;\">img]:-mb-1&#8243; &gt;\ud83c\uddf0\ud83c\uddf7 <a href=\"\/storage\/translations\/Korean-7.5.sh3l\" data-type=\"link\" data-id=\"https:\/\/test.sweethome3d.eu\/translations\/Korean-7.5.sh3l\">\ud55c\uad6d\uc5b4<\/a><\/td><td style=\"text-align:center\"><a href=\"https:\/\/test.sweethome3d.eu\/nl\/download\/\" data-type=\"page\" data-id=\"396\">7,5<\/a><\/td><td style=\"text-align:center\">~5,7<\/td><td>\ubc31\ud638\uc11d, \uc774\ud638\ucc2c<\/td><\/tr><\/tbody><\/table><\/figure>\n\n<p>Opmerking voor vertalers: als je <a href=\"https:\/\/test.sweethome3d.eu\/nl\/download\/\" data-type=\"page\" data-id=\"396\">Sweet Home 3D<\/a> naar je taal wilt vertalen, lees dan de <a href=\"https:\/\/test.sweethome3d.eu\/nl\/vertaalgids\/\" data-type=\"page\" data-id=\"5142\">vertaalhandleiding<\/a>.<\/p>\n","protected":false},"excerpt":{"rendered":"<p>Sweet Home 3D is beschikbaar in 29 verschillende talen. Vertalingen inbegrepen in Sweet Home 3D De volgende vertalingen zijn direct inbegrepen in Sweet Home 3D wanneer je het installeert, en worden bijgewerkt wanneer er nieuwe functies aan de applicatie worden toegevoegd. Als de gebruikersinterface van Sweet Home 3D niet wordt weergegeven in de taal die<a href=\"https:\/\/test.sweethome3d.eu\/nl\/vertalingen\/\">Continue reading <span class=\"sr-only\">&#8220;Vertalingen&#8221;<\/span><\/a><\/p>\n","protected":false},"author":4,"featured_media":2736,"parent":0,"menu_order":0,"comment_status":"closed","ping_status":"closed","template":"page-resources.php","meta":{"inline_featured_image":false,"footnotes":""},"class_list":["post-2737","page","type-page","status-publish","has-post-thumbnail","hentry"],"_links":{"self":[{"href":"https:\/\/test.sweethome3d.eu\/nl\/wp-json\/wp\/v2\/pages\/2737","targetHints":{"allow":["GET"]}}],"collection":[{"href":"https:\/\/test.sweethome3d.eu\/nl\/wp-json\/wp\/v2\/pages"}],"about":[{"href":"https:\/\/test.sweethome3d.eu\/nl\/wp-json\/wp\/v2\/types\/page"}],"author":[{"embeddable":true,"href":"https:\/\/test.sweethome3d.eu\/nl\/wp-json\/wp\/v2\/users\/4"}],"replies":[{"embeddable":true,"href":"https:\/\/test.sweethome3d.eu\/nl\/wp-json\/wp\/v2\/comments?post=2737"}],"version-history":[{"count":3,"href":"https:\/\/test.sweethome3d.eu\/nl\/wp-json\/wp\/v2\/pages\/2737\/revisions"}],"predecessor-version":[{"id":10654,"href":"https:\/\/test.sweethome3d.eu\/nl\/wp-json\/wp\/v2\/pages\/2737\/revisions\/10654"}],"wp:featuredmedia":[{"embeddable":true,"href":"https:\/\/test.sweethome3d.eu\/nl\/wp-json\/wp\/v2\/media\/2736"}],"wp:attachment":[{"href":"https:\/\/test.sweethome3d.eu\/nl\/wp-json\/wp\/v2\/media?parent=2737"}],"curies":[{"name":"wp","href":"https:\/\/api.w.org\/{rel}","templated":true}]}}