{"id":3008,"date":"2025-09-18T11:52:32","date_gmt":"2025-09-18T11:52:32","guid":{"rendered":"https:\/\/test.sweethome3d.eu\/dokumentacja\/"},"modified":"2026-01-26T10:26:17","modified_gmt":"2026-01-26T10:26:17","slug":"dokumentacja","status":"publish","type":"page","link":"https:\/\/test.sweethome3d.eu\/pl\/dokumentacja\/","title":{"rendered":"Dokumentacja"},"content":{"rendered":"\n<h2 class=\"wp-block-heading\">Przewodniki u\u017cytkownika<\/h2>\n\n<p>Przewodnik u\u017cytkownika <a href=\"https:\/\/test.sweethome3d.eu\/pl\/pobierz\/\" data-type=\"page\" data-id=\"396\">Sweet Home 3D<\/a> jest dost\u0119pny na <a href=\"https:\/\/test.sweethome3d.eu\/pl\/przewodnik-uzytkownika-sweet-home-3d\/\" data-type=\"page\" data-id=\"424\">tej stronie<\/a>, a lista skr\u00f3t\u00f3w w <a href=\"\/storage\/SweetHome3DShortcuts.pdf\">tym dokumencie<\/a> (PDF).<\/p>\n\n<p><a href=\"https:\/\/test.sweethome3d.eu\/pl\/pobierz\/\" data-type=\"page\" data-id=\"396\">Sweet Home 3D<\/a> oferuje r\u00f3wnie\u017c regularnie aktualizowane <a href=\"https:\/\/test.sweethome3d.eu\/pl\/faq\/\" data-type=\"page\" data-id=\"422\">FAQ<\/a> oraz pe\u0142n\u0105 pomoc dost\u0119pn\u0105 w menu <em>Pomoc &gt; Pomoc Sweet Home 3D<\/em>.<\/p>\n\n<div class=\"wp-block-group is-content-justification-center is-nowrap is-layout-flex wp-container-core-group-is-layout-94bc23d7 wp-block-group-is-layout-flex\">\n<figure data-wp-context=\"{&quot;imageId&quot;:&quot;69e0ed8e878f7&quot;}\" data-wp-interactive=\"core\/image\" data-wp-key=\"69e0ed8e878f7\" class=\"wp-block-image size-large wp-lightbox-container\"><img decoding=\"async\" width=\"1024\" height=\"696\" data-wp-class--hide=\"state.isContentHidden\" data-wp-class--show=\"state.isContentVisible\" data-wp-init=\"callbacks.setButtonStyles\" data-wp-on--click=\"actions.showLightbox\" data-wp-on--load=\"callbacks.setButtonStyles\" data-wp-on-window--resize=\"callbacks.setButtonStyles\" data-src=\"https:\/\/test.sweethome3d.eu\/wp-content\/uploads\/2025\/11\/IMG-1024x696.png\" alt=\"Dokumentacja\" class=\"wp-image-1567 lazyload\" data-srcset=\"https:\/\/test.sweethome3d.eu\/wp-content\/uploads\/2025\/11\/IMG-1024x696.png 1024w, https:\/\/test.sweethome3d.eu\/wp-content\/uploads\/2025\/11\/IMG-300x204.png 300w, https:\/\/test.sweethome3d.eu\/wp-content\/uploads\/2025\/11\/IMG-132x90.png 132w, https:\/\/test.sweethome3d.eu\/wp-content\/uploads\/2025\/11\/IMG-768x522.png 768w, https:\/\/test.sweethome3d.eu\/wp-content\/uploads\/2025\/11\/IMG-1536x1044.png 1536w, https:\/\/test.sweethome3d.eu\/wp-content\/uploads\/2025\/11\/IMG-2048x1392.png 2048w\" data-sizes=\"(max-width: 1024px) 100vw, 1024px\" src=\"data:image\/svg+xml;base64,PHN2ZyB3aWR0aD0iMSIgaGVpZ2h0PSIxIiB4bWxucz0iaHR0cDovL3d3dy53My5vcmcvMjAwMC9zdmciPjwvc3ZnPg==\" style=\"--smush-placeholder-width: 1024px; --smush-placeholder-aspect-ratio: 1024\/696;\" \/><button\n\t\t\tclass=\"lightbox-trigger\"\n\t\t\ttype=\"button\"\n\t\t\taria-haspopup=\"dialog\"\n\t\t\taria-label=\"Powi\u0119ksz\"\n\t\t\tdata-wp-init=\"callbacks.initTriggerButton\"\n\t\t\tdata-wp-on--click=\"actions.showLightbox\"\n\t\t\tdata-wp-style--right=\"state.imageButtonRight\"\n\t\t\tdata-wp-style--top=\"state.imageButtonTop\"\n\t\t>\n\t\t\t<svg xmlns=\"http:\/\/www.w3.org\/2000\/svg\" width=\"12\" height=\"12\" fill=\"none\" viewBox=\"0 0 12 12\">\n\t\t\t\t<path fill=\"#fff\" d=\"M2 0a2 2 0 0 0-2 2v2h1.5V2a.5.5 0 0 1 .5-.5h2V0H2Zm2 10.5H2a.5.5 0 0 1-.5-.5V8H0v2a2 2 0 0 0 2 2h2v-1.5ZM8 12v-1.5h2a.5.5 0 0 0 .5-.5V8H12v2a2 2 0 0 1-2 2H8Zm2-12a2 2 0 0 1 2 2v2h-1.5V2a.5.5 0 0 0-.5-.5H8V0h2Z\" \/>\n\t\t\t<\/svg>\n\t\t<\/button><\/figure>\n<\/div>\n\n<p>Mo\u017cesz r\u00f3wnie\u017c przeczyta\u0107 nast\u0119puj\u0105ce przewodniki napisane przez wsp\u00f3\u0142tw\u00f3rc\u00f3w:<\/p>\n\n<div class=\"wp-block-group is-nowrap is-layout-flex wp-container-core-group-is-layout-ad2f72ca wp-block-group-is-layout-flex\">\n<ul class=\"wp-block-list\">\n<li><a href=\"https:\/\/test.sweethome3d.eu\/wp-content\/uploads\/2025\/12\/personalizedTexturesGuide.pdf\" data-type=\"attachment\" data-id=\"4801\">Jak tworzy\u0107 spersonalizowane tekstury dla Sweet Home 3D<\/a> (PDF) autorstwa Ouais, przet\u0142umaczone przez Hansa Dirkse<\/li>\n\n\n\n<li><a href=\"https:\/\/test.sweethome3d.eu\/wp-content\/uploads\/2025\/12\/multiLevelHouseGuide.pdf\" data-type=\"attachment\" data-id=\"4800\">Jak stworzy\u0107 wielopoziomowy dom w Sweet Home 3D 3.3 lub wcze\u015bniejszych wersjach<\/a> (PDF) autorstwa Hansa Dirkse<\/li>\n\n\n\n<li><a href=\"https:\/\/test.sweethome3d.eu\/wp-content\/uploads\/2025\/12\/pluginsUserGuide.pdf\" data-type=\"attachment\" data-id=\"4799\">Poradnik dotycz\u0105cy wtyczek i rozszerze\u0144<\/a> (PDF) autorstwa Hansa Dirkse<\/li>\n\n\n\n<li><a href=\"https:\/\/test.sweethome3d.eu\/wp-content\/uploads\/2025\/12\/slopingCeilingGuide.pdf\" data-type=\"attachment\" data-id=\"4798\">Poradnik dotycz\u0105cy sko\u015bnych sufit\u00f3w, dach\u00f3w, lukarn i innych<\/a> (PDF) autorstwa Hansa Dirkse<\/li>\n\n\n\n<li><a href=\"https:\/\/test.sweethome3d.eu\/wp-content\/uploads\/2025\/12\/SVGPathMiniManualForSweetHome3D.pdf\" data-type=\"attachment\" data-id=\"4797\">Przewodnik po wyci\u0119ciach \u015bcie\u017cek SVG i innych w\u0142a\u015bciwo\u015bciach mebli<\/a> (PDF) autorstwa OKH<\/li>\n\n\n\n<li><a href=\"https:\/\/test.sweethome3d.eu\/pl\/wskazowki-i-triki\/\" data-type=\"page\" data-id=\"426\">Kilka wskaz\u00f3wek na blogu Sweet Home 3D<\/a><\/li>\n<\/ul>\n<\/div>\n\n<h2 class=\"wp-block-heading\" id=\"video-tutorials\">Poradniki wideo<\/h2>\n\n<p>Obejrzyj poni\u017csze samouczki wideo, aby dowiedzie\u0107 si\u0119, jak korzysta\u0107 z podstawowych <a href=\"https:\/\/test.sweethome3d.eu\/pl\/funkcje-sweet-home-3d\/\" data-type=\"link\" data-id=\"https:\/\/test.sweethome3d.eu\/features\/\">funkcji<\/a> Sweet Home 3D na komputerze i telefonie kom\u00f3rkowym.<\/p>\n\n<h3 class=\"wp-block-heading\">Rysowanie plan\u00f3w i poziom\u00f3w<\/h3>\n\n<div class=\"wp-block-group is-layout-grid wp-container-core-group-is-layout-20fa4e29 wp-block-group-is-layout-grid\">\n<figure class=\"wp-block-embed is-type-video is-provider-youtube wp-block-embed-youtube wp-embed-aspect-16-9 wp-has-aspect-ratio embed-responsive\"><div class=\"wp-block-embed__wrapper\">\n<iframe title=\"Sweet Home 3D Tutorial: Layer Control Walkthrough\" width=\"500\" height=\"281\" data-src=\"https:\/\/www.youtube.com\/embed\/7c5OMgbHFUs?feature=oembed\" frameborder=\"0\" allow=\"accelerometer; autoplay; clipboard-write; encrypted-media; gyroscope; picture-in-picture; web-share\" referrerpolicy=\"strict-origin-when-cross-origin\" allowfullscreen src=\"data:image\/svg+xml;base64,PHN2ZyB3aWR0aD0iMSIgaGVpZ2h0PSIxIiB4bWxucz0iaHR0cDovL3d3dy53My5vcmcvMjAwMC9zdmciPjwvc3ZnPg==\" class=\"lazyload\" data-load-mode=\"1\"><\/iframe>\n<\/div><\/figure>\n\n\n\n<figure class=\"wp-block-embed is-type-video is-provider-youtube wp-block-embed-youtube wp-embed-aspect-16-9 wp-has-aspect-ratio embed-responsive\"><div class=\"wp-block-embed__wrapper\">\n<iframe title=\"Sweet Home 3D Tutorial - 1 Minute to create a balcony\" width=\"500\" height=\"281\" data-src=\"https:\/\/www.youtube.com\/embed\/dByMK7ezL7U?feature=oembed\" frameborder=\"0\" allow=\"accelerometer; autoplay; clipboard-write; encrypted-media; gyroscope; picture-in-picture; web-share\" referrerpolicy=\"strict-origin-when-cross-origin\" allowfullscreen src=\"data:image\/svg+xml;base64,PHN2ZyB3aWR0aD0iMSIgaGVpZ2h0PSIxIiB4bWxucz0iaHR0cDovL3d3dy53My5vcmcvMjAwMC9zdmciPjwvc3ZnPg==\" class=\"lazyload\" data-load-mode=\"1\"><\/iframe>\n<\/div><\/figure>\n<\/div>\n\n<h3 class=\"wp-block-heading\">Wstawianie i dostosowywanie mebli<\/h3>\n\n<div class=\"wp-block-group is-layout-grid wp-container-core-group-is-layout-20fa4e29 wp-block-group-is-layout-grid\">\n<figure class=\"wp-block-embed is-type-video is-provider-youtube wp-block-embed-youtube embed-responsive wp-embed-aspect-16-9 wp-has-aspect-ratio\"><div class=\"wp-block-embed__wrapper\">\n<iframe title=\"Sweet Home 3D Tutorial - How to customize furniture\" width=\"500\" height=\"281\" data-src=\"https:\/\/www.youtube.com\/embed\/5Ni5zE4q5kk?feature=oembed\" frameborder=\"0\" allow=\"accelerometer; autoplay; clipboard-write; encrypted-media; gyroscope; picture-in-picture; web-share\" referrerpolicy=\"strict-origin-when-cross-origin\" allowfullscreen src=\"data:image\/svg+xml;base64,PHN2ZyB3aWR0aD0iMSIgaGVpZ2h0PSIxIiB4bWxucz0iaHR0cDovL3d3dy53My5vcmcvMjAwMC9zdmciPjwvc3ZnPg==\" class=\"lazyload\" data-load-mode=\"1\"><\/iframe>\n<\/div><\/figure>\n\n\n\n<figure class=\"wp-block-embed is-type-video is-provider-youtube wp-block-embed-youtube embed-responsive wp-embed-aspect-16-9 wp-has-aspect-ratio\"><div class=\"wp-block-embed__wrapper\">\n<iframe title=\"Sweet Home 3D Tutorial - How to create new furniture\" width=\"500\" height=\"281\" data-src=\"https:\/\/www.youtube.com\/embed\/Jtwp7jEVkKk?feature=oembed\" frameborder=\"0\" allow=\"accelerometer; autoplay; clipboard-write; encrypted-media; gyroscope; picture-in-picture; web-share\" referrerpolicy=\"strict-origin-when-cross-origin\" allowfullscreen src=\"data:image\/svg+xml;base64,PHN2ZyB3aWR0aD0iMSIgaGVpZ2h0PSIxIiB4bWxucz0iaHR0cDovL3d3dy53My5vcmcvMjAwMC9zdmciPjwvc3ZnPg==\" class=\"lazyload\" data-load-mode=\"1\"><\/iframe>\n<\/div><\/figure>\n\n\n\n<figure class=\"wp-block-embed is-type-video is-provider-youtube wp-block-embed-youtube embed-responsive wp-embed-aspect-16-9 wp-has-aspect-ratio\"><div class=\"wp-block-embed__wrapper\">\n<iframe title=\"Sweet Home 3D Tutorial - How to combine models together\" width=\"500\" height=\"281\" data-src=\"https:\/\/www.youtube.com\/embed\/CeQ8S6EVUEo?feature=oembed\" frameborder=\"0\" allow=\"accelerometer; autoplay; clipboard-write; encrypted-media; gyroscope; picture-in-picture; web-share\" referrerpolicy=\"strict-origin-when-cross-origin\" allowfullscreen src=\"data:image\/svg+xml;base64,PHN2ZyB3aWR0aD0iMSIgaGVpZ2h0PSIxIiB4bWxucz0iaHR0cDovL3d3dy53My5vcmcvMjAwMC9zdmciPjwvc3ZnPg==\" class=\"lazyload\" data-load-mode=\"1\"><\/iframe>\n<\/div><\/figure>\n\n\n\n<figure class=\"wp-block-embed is-type-video is-provider-youtube wp-block-embed-youtube embed-responsive wp-embed-aspect-16-9 wp-has-aspect-ratio\"><div class=\"wp-block-embed__wrapper\">\n<iframe title=\"Sweet Home 3D Tutorial - 1 Minute to create a mirror effect\" width=\"500\" height=\"281\" data-src=\"https:\/\/www.youtube.com\/embed\/cjjtDetuwLU?feature=oembed\" frameborder=\"0\" allow=\"accelerometer; autoplay; clipboard-write; encrypted-media; gyroscope; picture-in-picture; web-share\" referrerpolicy=\"strict-origin-when-cross-origin\" allowfullscreen src=\"data:image\/svg+xml;base64,PHN2ZyB3aWR0aD0iMSIgaGVpZ2h0PSIxIiB4bWxucz0iaHR0cDovL3d3dy53My5vcmcvMjAwMC9zdmciPjwvc3ZnPg==\" class=\"lazyload\" data-load-mode=\"1\"><\/iframe>\n<\/div><\/figure>\n<\/div>\n\n<h3 class=\"wp-block-heading\">Renderowanie zdj\u0119\u0107 i wideo<\/h3>\n\n<div class=\"wp-block-group is-layout-grid wp-container-core-group-is-layout-20fa4e29 wp-block-group-is-layout-grid\">\n<figure class=\"wp-block-embed is-type-video is-provider-youtube wp-block-embed-youtube embed-responsive wp-embed-aspect-16-9 wp-has-aspect-ratio\"><div class=\"wp-block-embed__wrapper\">\n<iframe title=\"Sweet Home 3D Tutorial - How to create a video rendering\" width=\"500\" height=\"281\" data-src=\"https:\/\/www.youtube.com\/embed\/6QekWiUgNYs?feature=oembed\" frameborder=\"0\" allow=\"accelerometer; autoplay; clipboard-write; encrypted-media; gyroscope; picture-in-picture; web-share\" referrerpolicy=\"strict-origin-when-cross-origin\" allowfullscreen src=\"data:image\/svg+xml;base64,PHN2ZyB3aWR0aD0iMSIgaGVpZ2h0PSIxIiB4bWxucz0iaHR0cDovL3d3dy53My5vcmcvMjAwMC9zdmciPjwvc3ZnPg==\" class=\"lazyload\" data-load-mode=\"1\"><\/iframe>\n<\/div><\/figure>\n\n\n\n<figure class=\"wp-block-embed is-type-video is-provider-youtube wp-block-embed-youtube embed-responsive wp-embed-aspect-16-9 wp-has-aspect-ratio\"><div class=\"wp-block-embed__wrapper\">\n<iframe title=\"Sweet Home 3D - House with terrace video tour\" width=\"500\" height=\"281\" data-src=\"https:\/\/www.youtube.com\/embed\/wTnmSzyTvIs?feature=oembed\" frameborder=\"0\" allow=\"accelerometer; autoplay; clipboard-write; encrypted-media; gyroscope; picture-in-picture; web-share\" referrerpolicy=\"strict-origin-when-cross-origin\" allowfullscreen src=\"data:image\/svg+xml;base64,PHN2ZyB3aWR0aD0iMSIgaGVpZ2h0PSIxIiB4bWxucz0iaHR0cDovL3d3dy53My5vcmcvMjAwMC9zdmciPjwvc3ZnPg==\" class=\"lazyload\" data-load-mode=\"1\"><\/iframe>\n<\/div><\/figure>\n<\/div>\n\n<h3 class=\"wp-block-heading\">Widok 3D<\/h3>\n\n<div class=\"wp-block-group is-layout-grid wp-container-core-group-is-layout-20fa4e29 wp-block-group-is-layout-grid\">\n<figure class=\"wp-block-embed is-type-video is-provider-youtube wp-block-embed-youtube embed-responsive wp-embed-aspect-16-9 wp-has-aspect-ratio\"><div class=\"wp-block-embed__wrapper\">\n<iframe title=\"Sweet Home 3D Tutorial - How to create a side view with dimensions\" width=\"500\" height=\"281\" data-src=\"https:\/\/www.youtube.com\/embed\/_GtLWS-fn2s?feature=oembed\" frameborder=\"0\" allow=\"accelerometer; autoplay; clipboard-write; encrypted-media; gyroscope; picture-in-picture; web-share\" referrerpolicy=\"strict-origin-when-cross-origin\" allowfullscreen src=\"data:image\/svg+xml;base64,PHN2ZyB3aWR0aD0iMSIgaGVpZ2h0PSIxIiB4bWxucz0iaHR0cDovL3d3dy53My5vcmcvMjAwMC9zdmciPjwvc3ZnPg==\" class=\"lazyload\" data-load-mode=\"1\"><\/iframe>\n<\/div><\/figure>\n<\/div>\n\n<h3 class=\"wp-block-heading\">Sweet Home 3D Mobile<\/h3>\n\n<div class=\"wp-block-group is-layout-grid wp-container-core-group-is-layout-20fa4e29 wp-block-group-is-layout-grid\">\n<figure class=\"wp-block-embed is-type-video is-provider-youtube wp-block-embed-youtube embed-responsive wp-embed-aspect-16-9 wp-has-aspect-ratio\"><div class=\"wp-block-embed__wrapper\">\n<iframe title=\"Sweet Home 3D Tutorial for mobile version\" width=\"500\" height=\"281\" data-src=\"https:\/\/www.youtube.com\/embed\/kXd1S2xpaQk?feature=oembed\" frameborder=\"0\" allow=\"accelerometer; autoplay; clipboard-write; encrypted-media; gyroscope; picture-in-picture; web-share\" referrerpolicy=\"strict-origin-when-cross-origin\" allowfullscreen src=\"data:image\/svg+xml;base64,PHN2ZyB3aWR0aD0iMSIgaGVpZ2h0PSIxIiB4bWxucz0iaHR0cDovL3d3dy53My5vcmcvMjAwMC9zdmciPjwvc3ZnPg==\" class=\"lazyload\" data-load-mode=\"1\"><\/iframe>\n<\/div><\/figure>\n<\/div>\n\n<p>Odwied\u017a r\u00f3wnie\u017c <a href=\"https:\/\/www.youtube.com\/SweetHome3D\" target=\"_blank\" rel=\"noopener\">kana\u0142 YouTube Sweet Home 3D<\/a>, aby zobaczy\u0107 wi\u0119cej poradnik\u00f3w i przeczytaj artyku\u0142 na blogu o <a href=\"\/blog\/2016\/11\/29\/best_video_tutorials_about_sweet_home_3d.html\">najlepszych poradnikach wideo<\/a>.<\/p>\n\n<h2 class=\"wp-block-heading\" id=\"developers-guides\">Przewodniki dla programist\u00f3w<\/h2>\n\n<p>Je\u015bli chcesz zaprogramowa\u0107 <a href=\"https:\/\/test.sweethome3d.eu\/plugins\/\" data-type=\"page\" data-id=\"437\">wtyczk\u0119<\/a> dla <a href=\"https:\/\/test.sweethome3d.eu\/pl\/pobierz\/\" data-type=\"page\" data-id=\"396\">Sweet Home 3D<\/a>, przeczytaj najpierw <a href=\"https:\/\/test.sweethome3d.eu\/plug-in-developers-guide\/\" data-type=\"page\" data-id=\"4964\">przewodnik programisty wtyczek<\/a>.<\/p>\n\n<p>Je\u015bli szukasz informacji o architekturze <a href=\"https:\/\/test.sweethome3d.eu\/pl\/pobierz\/\" data-type=\"page\" data-id=\"396\">Sweet Home 3D<\/a>, mo\u017cesz przeczyta\u0107:<\/p>\n\n<div class=\"wp-block-group is-nowrap is-layout-flex wp-container-core-group-is-layout-ad2f72ca wp-block-group-is-layout-flex\">\n<ul class=\"wp-block-list\">\n<li>jego API wygenerowane przez javadoc, dost\u0119pne <a href=\"\/javadoc\/index.html\">online<\/a> lub <a href=\"https:\/\/sourceforge.net\/projects\/sweethome3d\/files\/SweetHome3D-source\/SweetHome3D-7.5-src\/SweetHome3D-7.5-javadoc.zip\/download\" target=\"_blank\" rel=\"noopener\">do pobrania<\/a>,<\/li>\n\n\n\n<li><a href=\"https:\/\/test.sweethome3d.eu\/plug-in-developers-guide\/\" data-type=\"page\" data-id=\"4964\">ostatni\u0105 cz\u0119\u015b\u0107 przewodnika programisty wtyczek<\/a>, kt\u00f3ra zawiera szczeg\u00f3\u0142y dotycz\u0105ce klas <a href=\"\/javadoc\/com\/eteks\/sweethome3d\/model\/package-summary.html\">modelu<\/a> Sweet Home 3D,<\/li>\n\n\n\n<li>francusk\u0105 ksi\u0105\u017ck\u0119 <a href=\"https:\/\/www.eteks.com\/services\/cahierswing.html\" target=\"_blank\" rel=\"noopener\">Les cahiers du programmeur Swing<\/a>, napisan\u0105 przez Emmanuela Puybareta i wydan\u0105 przez Editions Eyrolles w grudniu 2006, kt\u00f3rej studium przypadku jest <a href=\"\/v0.10\/SweetHome3D.jnlp\">Sweet Home 3D wersja 0.10<\/a>.<\/li>\n<\/ul>\n<\/div>\n\n<p>Je\u015bli chcesz przet\u0142umaczy\u0107 <a href=\"https:\/\/test.sweethome3d.eu\/pl\/pobierz\/\" data-type=\"page\" data-id=\"396\">Sweet Home 3D<\/a> na sw\u00f3j j\u0119zyk, przeczytaj <a href=\"https:\/\/test.sweethome3d.eu\/pl\/przewodnik-tlumaczenia\/\" data-type=\"page\" data-id=\"5142\">przewodnik t\u0142umacza<\/a>.<\/p>\n\n<h2 class=\"wp-block-heading\" id=\"reviews-and-awards\">Recenzje i nagrody<\/h2>\n\n<p>Niekt\u00f3re recenzje w internecie:<\/p>\n\n<div class=\"wp-block-group is-nowrap is-layout-flex wp-container-core-group-is-layout-ad2f72ca wp-block-group-is-layout-flex\">\n<ul class=\"wp-block-list\">\n<li><a href=\"https:\/\/www.softpedia.com\/reviews\/windows\/Sweet-Home-3D--Review-77686.shtml\" target=\"_blank\" rel=\"noopener\">Mo\u017cesz \u0142atwo zosta\u0107 projektantem wn\u0119trz!<\/a> i <a href=\"https:\/\/mac.softpedia.com\/get\/Graphics\/Sweet-Home-3D.shtml\" target=\"_blank\" rel=\"noopener\">Recenzja Sweet Home 3D dla Mac<\/a> na <a href=\"https:\/\/www.softpedia.com\/\" target=\"_blank\" rel=\"noopener\">Softpedia<\/a><\/li>\n\n\n\n<li><a href=\"https:\/\/www.linux.com\/news\/sweet-home-3d-simple-interior-design\/\" target=\"_blank\" rel=\"noopener\">Sweet Home 3D: proste projektowanie wn\u0119trz<\/a> na <a href=\"https:\/\/www.linux.com\/\" target=\"_blank\" rel=\"noopener\">linux.com<\/a><\/li>\n\n\n\n<li><a href=\"https:\/\/www.brighthub.com\/computing\/mac-platform\/reviews\/33256.aspx\" target=\"_blank\" rel=\"noopener\">Recenzja Sweet Home 3D<\/a> na <a href=\"https:\/\/www.brighthub.com\/\" target=\"_blank\" rel=\"noopener\">Bright hub<\/a><\/li>\n\n\n\n<li><a href=\"https:\/\/linuxlock.blogspot.com\/2011\/01\/of-software-and-soffits.html\" target=\"_blank\" rel=\"noopener\">O oprogramowaniu i podsufitkach<\/a> na <a href=\"https:\/\/linuxlock.blogspot.com\/\" target=\"_blank\" rel=\"noopener\">The Blog of Helios<\/a><\/li>\n\n\n\n<li><a href=\"https:\/\/www.becoming-home.com\/2008\/04\/03\/its-better-than-moving-furniture\/\" target=\"_blank\" rel=\"noopener\">To lepsze ni\u017c przestawianie mebli<\/a> na <a href=\"https:\/\/www.becoming-home.com\/\" target=\"_blank\" rel=\"noopener\">Becoming Home<\/a><\/li>\n\n\n\n<li><a href=\"https:\/\/www.g2.com\/\" target=\"_blank\" rel=\"noopener\">Narodziny architekta amatora<\/a> na <a href=\"https:\/\/ragnvald.medium.com\/\" target=\"_blank\" rel=\"noopener\">blogu Ragnvalda Larsena<\/a><\/li>\n\n\n\n<li><a href=\"https:\/\/svedic.org\/personal\/free-interior-design-with-sweet-home-3d-and-sketchup\" target=\"_blank\" rel=\"noopener\">Darmowe projektowanie wn\u0119trz z Sweet Home 3D i SketchUp<\/a> na <a href=\"https:\/\/svedic.org\/\" target=\"_blank\" rel=\"noopener\">blogu Svedic<\/a><\/li>\n\n\n\n<li><a href=\"https:\/\/3djunkfair.blogspot.co.at\/\" target=\"_blank\" rel=\"noopener\">My 3D Junk Fair<\/a> blog, na kt\u00f3rym Leonhard Grugl dzieli si\u0119 swoimi odkryciami w Sweet Home 3D<\/li>\n\n\n\n<li><a href=\"https:\/\/listoffreeware.com\/best-free-3d-floor-plan-software-windows\/\" target=\"_blank\" rel=\"noopener\">5 najlepszych darmowych program\u00f3w do tworzenia plan\u00f3w 3D dla Windows<\/a> na <a href=\"https:\/\/listoffreeware.com\/\" target=\"_blank\" rel=\"noopener\">List of freeware<\/a><\/li>\n\n\n\n<li><a href=\"https:\/\/sourceforge.net\/projects\/sweethome3d\/reviews\/\" target=\"_blank\" rel=\"noopener\">Recenzje u\u017cytkownik\u00f3w<\/a> na <a href=\"https:\/\/sourceforge.net\/\" target=\"_blank\" rel=\"noopener\">SourceForge.net<\/a><\/li>\n<\/ul>\n<\/div>\n\n<p>Recenzje w prasie:<\/p>\n\n<div class=\"wp-block-group is-nowrap is-layout-flex wp-container-core-group-is-layout-ad2f72ca wp-block-group-is-layout-flex\">\n<ul class=\"wp-block-list\">\n<li><a href=\"https:\/\/www.linuxpromagazine.com\/issues\/2008\/95\/projects_on_the_move\" target=\"_blank\" rel=\"noopener\">Projekty w rozwoju<\/a>, w numerze <a href=\"https:\/\/www.linuxpromagazine.com\/issues\/2008\/95\" target=\"_blank\" rel=\"noopener\">#95 Linux Pro Magazine<\/a> (pa\u017adziernik 2008)<\/li>\n<\/ul>\n<\/div>\n","protected":false},"excerpt":{"rendered":"<p>Ta strona opisuje dokumentacj\u0119 aktualnie dost\u0119pn\u0105 dla Sweet Home 3D.<\/p>\n","protected":false},"author":4,"featured_media":3007,"parent":0,"menu_order":0,"comment_status":"closed","ping_status":"closed","template":"page-resources.php","meta":{"inline_featured_image":false,"footnotes":""},"class_list":["post-3008","page","type-page","status-publish","has-post-thumbnail","hentry"],"_links":{"self":[{"href":"https:\/\/test.sweethome3d.eu\/pl\/wp-json\/wp\/v2\/pages\/3008","targetHints":{"allow":["GET"]}}],"collection":[{"href":"https:\/\/test.sweethome3d.eu\/pl\/wp-json\/wp\/v2\/pages"}],"about":[{"href":"https:\/\/test.sweethome3d.eu\/pl\/wp-json\/wp\/v2\/types\/page"}],"author":[{"embeddable":true,"href":"https:\/\/test.sweethome3d.eu\/pl\/wp-json\/wp\/v2\/users\/4"}],"replies":[{"embeddable":true,"href":"https:\/\/test.sweethome3d.eu\/pl\/wp-json\/wp\/v2\/comments?post=3008"}],"version-history":[{"count":13,"href":"https:\/\/test.sweethome3d.eu\/pl\/wp-json\/wp\/v2\/pages\/3008\/revisions"}],"predecessor-version":[{"id":16590,"href":"https:\/\/test.sweethome3d.eu\/pl\/wp-json\/wp\/v2\/pages\/3008\/revisions\/16590"}],"wp:featuredmedia":[{"embeddable":true,"href":"https:\/\/test.sweethome3d.eu\/pl\/wp-json\/wp\/v2\/media\/3007"}],"wp:attachment":[{"href":"https:\/\/test.sweethome3d.eu\/pl\/wp-json\/wp\/v2\/media?parent=3008"}],"curies":[{"name":"wp","href":"https:\/\/api.w.org\/{rel}","templated":true}]}}