{"id":2773,"date":"2025-09-18T11:56:45","date_gmt":"2025-09-18T11:56:45","guid":{"rendered":"https:\/\/test.sweethome3d.eu\/%d0%bf%d0%b5%d1%80%d0%b5%d0%b2%d0%be%d0%b4%d1%8b\/"},"modified":"2025-12-16T11:19:16","modified_gmt":"2025-12-16T11:19:16","slug":"%d0%bf%d0%b5%d1%80%d0%b5%d0%b2%d0%be%d0%b4%d1%8b","status":"publish","type":"page","link":"https:\/\/test.sweethome3d.eu\/ru\/%d0%bf%d0%b5%d1%80%d0%b5%d0%b2%d0%be%d0%b4%d1%8b\/","title":{"rendered":"\u041f\u0435\u0440\u0435\u0432\u043e\u0434\u044b"},"content":{"rendered":"\n<h2 class=\"wp-block-heading\">Sweet Home 3D \u0434\u043e\u0441\u0442\u0443\u043f\u0435\u043d \u043d\u0430 29 \u0440\u0430\u0437\u043b\u0438\u0447\u043d\u044b\u0445 \u044f\u0437\u044b\u043a\u0430\u0445.<\/h2>\n\n<h3 class=\"wp-block-heading\">\u041f\u0435\u0440\u0435\u0432\u043e\u0434\u044b, \u0432\u043a\u043b\u044e\u0447\u0435\u043d\u043d\u044b\u0435 \u0432 Sweet Home 3D<\/h3>\n\n<p>\u0421\u043b\u0435\u0434\u0443\u044e\u0449\u0438\u0435 \u043f\u0435\u0440\u0435\u0432\u043e\u0434\u044b \u043d\u0430\u043f\u0440\u044f\u043c\u0443\u044e \u0432\u043a\u043b\u044e\u0447\u0435\u043d\u044b \u0432 <a href=\"https:\/\/test.sweethome3d.eu\/ru\/%d1%81%d0%ba%d0%b0%d1%87%d0%b0%d1%82%d1%8c\/\" data-type=\"page\" data-id=\"396\">Sweet Home 3D<\/a> \u043f\u0440\u0438 <a href=\"https:\/\/test.sweethome3d.eu\/ru\/faq\/\" data-type=\"page\" data-id=\"422\">\u0443\u0441\u0442\u0430\u043d\u043e\u0432\u043a\u0435<\/a> \u0438 \u043f\u043e\u0434\u0434\u0435\u0440\u0436\u0438\u0432\u0430\u044e\u0442\u0441\u044f \u0432 \u0430\u043a\u0442\u0443\u0430\u043b\u044c\u043d\u043e\u043c \u0441\u043e\u0441\u0442\u043e\u044f\u043d\u0438\u0438 \u043f\u0440\u0438 \u0434\u043e\u0431\u0430\u0432\u043b\u0435\u043d\u0438\u0438 \u043d\u043e\u0432\u044b\u0445 \u0444\u0443\u043d\u043a\u0446\u0438\u0439 \u0432 \u043f\u0440\u0438\u043b\u043e\u0436\u0435\u043d\u0438\u0435.<\/p>\n\n<figure class=\"wp-block-flexible-table-block-table is-content-justification-center\"><table class=\"has-fixed-layout\" style=\"width:100%;max-width:1600px\"><thead><tr><th style=\"text-align:center;width:25%\">\u042f\u0437\u044b\u043a<\/th><th style=\"text-align:center\">\u0412\u0435\u0440\u0441\u0438\u044f \u043f\u043e\u043b\u044c\u0437\u043e\u0432\u0430\u0442\u0435\u043b\u044c\u0441\u043a\u043e\u0433\u043e \u0438\u043d\u0442\u0435\u0440\u0444\u0435\u0439\u0441\u0430<\/th><th style=\"text-align:center\">\u0412\u0435\u0440\u0441\u0438\u044f \u0441\u043f\u0440\u0430\u0432\u043a\u0438<\/th><th style=\"width:50%;text-align:center\">\u041f\u0435\u0440\u0435\u0432\u043e\u0434\u0447\u0438\u043a\u0438<\/th><\/tr><\/thead><tbody><tr><td class=\"[&amp;&gt;\">img]:-mb-1&#8243; &gt;\ud83c\uddfa\ud83c\uddf8 <a href=\"\/\" data-type=\"page\" data-id=\"286\">English<\/a><\/td><td style=\"text-align:center\">\n          <a href=\"https:\/\/test.sweethome3d.eu\/ru\/%d1%81%d0%ba%d0%b0%d1%87%d0%b0%d1%82%d1%8c\/\" data-type=\"page\" data-id=\"396\">7.5<\/a>\n        <\/td><td style=\"text-align:center\">7.5<\/td><td>Emmanuel Puybaret, Pencilart<\/td><\/tr><tr><td class=\"[&amp;&gt;\">img]:-mb-1&#8243; &gt;\ud83c\uddeb\ud83c\uddf7 <a href=\"\/fr\">Fran\u00e7ais<\/a><\/td><td style=\"text-align:center\">\n          <a href=\"https:\/\/test.sweethome3d.eu\/ru\/%d1%81%d0%ba%d0%b0%d1%87%d0%b0%d1%82%d1%8c\/\" data-type=\"page\" data-id=\"396\">7.5<\/a>\n        <\/td><td style=\"text-align:center\">7.5<\/td><td>Emmanuel Puybaret<\/td><\/tr><tr><td class=\"[&amp;&gt;\">img]:-mb-1&#8243; &gt;\ud83c\uddf5\ud83c\uddf9 <a href=\"\/pt\">Portugu\u00eas<\/a>        <\/td><td style=\"text-align:center\">\n          <a href=\"https:\/\/test.sweethome3d.eu\/ru\/%d1%81%d0%ba%d0%b0%d1%87%d0%b0%d1%82%d1%8c\/\" data-type=\"page\" data-id=\"396\">7.5<\/a>\n        <\/td><td style=\"text-align:center\">5.7<\/td><td>Pedro Albuquerque<\/td><\/tr><tr><td class=\"[&amp;&gt;\">img]:-mb-1&#8243; &gt;\ud83c\udde7\ud83c\uddf7 <a href=\"\/pt\">Portugu\u00eas (Brasil)<\/a>        <\/td><td style=\"text-align:center\">\n          <a href=\"https:\/\/test.sweethome3d.eu\/ru\/%d1%81%d0%ba%d0%b0%d1%87%d0%b0%d1%82%d1%8c\/\" data-type=\"page\" data-id=\"396\">7.5<\/a>\n        <\/td><td style=\"text-align:center\">~4.6<\/td><td>\n Roberto Rocha, Lucas Klink, Lucas Germano, Carlos Segura, Adolfino\n Neto\n        <\/td> <\/tr><tr><td class=\"[&amp;&gt;\">img]:-mb-1&#8243; &gt;\ud83c\uddea\ud83c\uddf8 <a href=\"\/es\">Espa\u00f1ol<\/a>        <\/td><td style=\"text-align:center\">\n          <a href=\"https:\/\/test.sweethome3d.eu\/ru\/%d1%81%d0%ba%d0%b0%d1%87%d0%b0%d1%82%d1%8c\/\" data-type=\"page\" data-id=\"396\">7.5<\/a>\n        <\/td><td style=\"text-align:center\">4.6<\/td><td>Pablo Mayordomo, Paco, Carlos Folch<\/td><\/tr><tr><td class=\"[&amp;&gt;\">img]:-mb-1&#8243; &gt;\ud83c\uddee\ud83c\uddf9 <a href=\"\/it\">Italiano<\/a>  <\/td><td style=\"text-align:center\">\n          <a href=\"https:\/\/test.sweethome3d.eu\/ru\/%d1%81%d0%ba%d0%b0%d1%87%d0%b0%d1%82%d1%8c\/\" data-type=\"page\" data-id=\"396\">7.5<\/a>\n        <\/td><td style=\"text-align:center\">~7.1<\/td><td>\n Simone Bufalino, Rosella Mariotti, Psycheye, ConsiEdilizia, Alberto\n Della Salandra, Antonio Guadagnino, Antonio Latronico, Adelina\n Doncheva, Vincenzo Reale\n        <\/td> <\/tr><tr><td class=\"[&amp;&gt;\">img]:-mb-1&#8243; &gt;\ud83c\udde9\ud83c\uddea<a href=\"\/de\">Deutsch<\/a>   <\/td><td style=\"text-align:center\">\n          <a href=\"https:\/\/test.sweethome3d.eu\/ru\/%d1%81%d0%ba%d0%b0%d1%87%d0%b0%d1%82%d1%8c\/\" data-type=\"page\" data-id=\"396\">7.5<\/a>\n        <\/td><td style=\"text-align:center\">7.5<\/td><td>\n Sebastian Breuer, Thomas Zimmermann, Andreas Kirsch, Florian Haag,\n Luzia Taschler, Pascal Eberhard, Waldemar Hersacher\n        <\/td> <\/tr><tr><td class=\"[&amp;&gt;\">img]:-mb-1&#8243; &gt; \ud83c\uddf3\ud83c\uddf1 <a href=\"\/nl\">Nederlands<\/a> <\/td><td style=\"text-align:center\">\n          <a href=\"https:\/\/test.sweethome3d.eu\/ru\/%d1%81%d0%ba%d0%b0%d1%87%d0%b0%d1%82%d1%8c\/\" data-type=\"page\" data-id=\"396\">7.5<\/a>\n        <\/td><td style=\"text-align:center\">4.6<\/td><td>Gerwin Harmsen, Rob van den Berg, FDpaffie<\/td><\/tr><tr><td class=\"[&amp;&gt;\">img]:-mb-1&#8243; &gt;\ud83c\uddf8\ud83c\uddea <a href=\"\/sv\">Svenska<\/a>        <\/td><td style=\"text-align:center\">\n          <a href=\"https:\/\/test.sweethome3d.eu\/ru\/%d1%81%d0%ba%d0%b0%d1%87%d0%b0%d1%82%d1%8c\/\" data-type=\"page\" data-id=\"396\">7.5<\/a>\n        <\/td><td style=\"text-align:center\">5.7<\/td><td>Martin Karlsson<\/td><\/tr><tr> <td class=\"[&amp;&gt;\">img]:-mb-1&#8243; &gt; \ud83c\udde8\ud83c\uddff <a href=\"\/cs\">\u010ce\u0161tina<\/a><\/td><td style=\"text-align:center\">\n          <a href=\"https:\/\/test.sweethome3d.eu\/ru\/%d1%81%d0%ba%d0%b0%d1%87%d0%b0%d1%82%d1%8c\/\" data-type=\"page\" data-id=\"396\">7.5<\/a>\n        <\/td><td style=\"text-align:center\">1.2<\/td><td>\u0160tefan Nov\u00e1k, Roman Pol\u00e1\u0161ek, Ondrej Dolejsi, Pavel Barbo\u0159\u00edk<\/td><\/tr><tr><td class=\"[&amp;&gt;\">img]:-mb-1&#8243; &gt;\ud83c\uddf5\ud83c\uddf1 <a href=\"\/pl\">Polski<\/a><\/td><td style=\"text-align:center\">\n          <a href=\"https:\/\/test.sweethome3d.eu\/ru\/%d1%81%d0%ba%d0%b0%d1%87%d0%b0%d1%82%d1%8c\/\" data-type=\"page\" data-id=\"396\">7.5<\/a>\n        <\/td><td style=\"text-align:center\">1.2<\/td><td>\n Szymon \u017byci\u0144ski, Paw\u0142a Antkowiaka, Pawel &#171;Bizkit&#187; Popanda, Szymon\n Chojnacki, ghr424, Mi\u0142osz Sieradzki\n        <\/td> <\/tr><tr><td class=\"[&amp;&gt;\">img]:-mb-1&#8243; &gt;<em>\ud83c\udde7\ud83c\uddec<\/em> <a href=\"\/bg\">Magyar<\/a>       <\/td><td style=\"text-align:center\">\n          <a href=\"https:\/\/test.sweethome3d.eu\/ru\/%d1%81%d0%ba%d0%b0%d1%87%d0%b0%d1%82%d1%8c\/\" data-type=\"page\" data-id=\"396\">7.5<\/a>\n        <\/td><td style=\"text-align:center\">4.6<\/td><td>Viktor Mikl\u00f3si, Szita Bal\u00e1zs<\/td><\/tr><tr><td class=\"[&amp;&gt;\">img]:-mb-1&#8243; &gt;<em>\ud83c\uddec\ud83c\uddf7<\/em> <a href=\"\/el\">\u0395\u03bb\u03bb\u03b7\u03bd\u03b9\u03ba\u03ac<\/a><\/td><td style=\"text-align:center\">\n          <a href=\"https:\/\/test.sweethome3d.eu\/ru\/%d1%81%d0%ba%d0%b0%d1%87%d0%b0%d1%82%d1%8c\/\" data-type=\"page\" data-id=\"396\">7.5<\/a>\n        <\/td><td style=\"text-align:center\">1.8<\/td><td>\u0388\u03bb\u03bb\u03b7 \u039d\u03b9\u03ba\u03bf\u03bb\u03ac\u03bf\u03c5, \u0397\u03bb\u03af\u03b1 \u03a4\u03c3\u03b9\u03ac\u03bd\u03c4\u03b1<\/td><\/tr><tr><td class=\"[&amp;&gt;\">img]:-mb-1&#8243; &gt;\ud83c\udded\ud83c\uddfa <a href=\"\/hu\">\u0431\u044a\u043b\u0433\u0430\u0440\u0441\u043a\u0438<\/a><\/td><td style=\"text-align:center\">\n          <a href=\"https:\/\/test.sweethome3d.eu\/ru\/%d1%81%d0%ba%d0%b0%d1%87%d0%b0%d1%82%d1%8c\/\" data-type=\"page\" data-id=\"396\">7.5<\/a>\n        <\/td><td style=\"text-align:center\">4.6<\/td><td>\u0412\u0430\u043b\u0435\u043d\u0442\u0438\u043d \u041b\u0430\u0441\u043a\u043e\u0432<\/td><\/tr><tr><td class=\"[&amp;&gt;\">img]:-mb-1&#8243; &gt;\ud83c\uddf7\ud83c\uddfa <a href=\"\/ru\">P\u0443\u0441\u0441\u043a\u0438\u0439<\/a><\/td><td style=\"text-align:center\">\n          <a href=\"https:\/\/test.sweethome3d.eu\/ru\/%d1%81%d0%ba%d0%b0%d1%87%d0%b0%d1%82%d1%8c\/\" data-type=\"page\" data-id=\"396\">7.5<\/a>\n        <\/td><td style=\"text-align:center\">4.6<\/td><td>\n \u0411\u0430\u0441\u0438\u043c\u043e\u0432 \u0418\u043b\u044c\u0433\u0438\u0437, \u0412\u0430\u043b\u0435\u043d\u0442\u0438\u043d \u041a\u0430\u0437\u0438\u043c\u0438\u0440\u043e\u0432, \u041e\u043b\u044c\u0433\u0435, \u042e\u0440\u0438\u044f \u0421\u043c\u0438\u0440\u043d\u043e\u0432\u0430, \u0410\u043d\u0434\u0440\u0435\u0439\n \u041f\u0440\u0438\u0449\u0435\u043d\u043a\u043e, \u041a\u0443\u043d\u0430\u043a\u043e\u0432 \u0410\u043d\u0442\u043e\u043d \u042e\u0440\u044c\u0435\u0432\u0438\u0447, \u0410\u043d\u0434\u0440\u0435\u0438\u0306 \u0421\u0443\u0440\u0436\u0438\u043a\u043e\u0432, \u041d\u0438\u043a\u043e\u043b\u0430\u0439 \u041b\u043e\u043c\u0430\u0441\u043e\u0432,\n \u0414\u0430\u043d\u0438\u043b \u041e\u0441\u0438\u043f\u043e\u0432\n        <\/td> <\/tr><tr><td class=\"[&amp;&gt;\">img]:-mb-1&#8243; &gt;\ud83c\uddfb\ud83c\uddf3 <a href=\"\/vi\">Ti\u1ebfng Vi\u1ec7t<\/a><\/td><td style=\"text-align:center\">\n          <a href=\"https:\/\/test.sweethome3d.eu\/ru\/%d1%81%d0%ba%d0%b0%d1%87%d0%b0%d1%82%d1%8c\/\" data-type=\"page\" data-id=\"396\">7.5<\/a>\n        <\/td><td style=\"text-align:center\">&#8212;<\/td><td>Tu\u1ea5n Ph\u00f9ng<\/td><\/tr><tr><td class=\"[&amp;&gt;\">img]:-mb-1&#8243; &gt;\ud83c\udde8\ud83c\uddf3 <a href=\"https:\/\/test.sweethome3d.eu\/zh-cn\">\u4e2d\u6587 (\u4e2d\u56fd)<\/a><\/td><td style=\"text-align:center\">\n          <a href=\"https:\/\/test.sweethome3d.eu\/ru\/%d1%81%d0%ba%d0%b0%d1%87%d0%b0%d1%82%d1%8c\/\" data-type=\"page\" data-id=\"396\">7.5<\/a>\n        <\/td><td style=\"text-align:center\">5.7<\/td><td>\u8d75\u65af\u806a, \u65b9\u5219\u8605, \u674e\u65b0\u5ee0, YGYL<\/td><\/tr><tr><td class=\"[&amp;&gt;\">img]:-mb-1&#8243; &gt;\ud83c\uddf9\ud83c\uddfc <a href=\"https:\/\/test.sweethome3d.eu\/zh-tw\">\u4e2d\u6587 (\u53f0\u7063)<\/a><\/td><td style=\"text-align:center\">\n          <a href=\"https:\/\/test.sweethome3d.eu\/ru\/%d1%81%d0%ba%d0%b0%d1%87%d0%b0%d1%82%d1%8c\/\" data-type=\"page\" data-id=\"396\">7.5<\/a>\n        <\/td><td style=\"text-align:center\">5.7<\/td><td>\u674e\u65b0\u5ee0, YGYL<\/td><\/tr><tr><td class=\"[&amp;&gt;\">img]:-mb-1&#8243; &gt;\ud83c\uddef\ud83c\uddf5 <a href=\"\/ja\">\u65e5\u672c\u8a9e<\/a><\/td><td style=\"text-align:center\">\n          <a href=\"https:\/\/test.sweethome3d.eu\/ru\/%d1%81%d0%ba%d0%b0%d1%87%d0%b0%d1%82%d1%8c\/\" data-type=\"page\" data-id=\"396\">7.5<\/a>\n        <\/td><td style=\"text-align:center\">~5.7<\/td><td>Takahiro Sato, Uiko, Vy, Miyoko, Chiyoko Miklasevich<\/td><\/tr><\/tbody><\/table><\/figure>\n\n<p>\u0415\u0441\u043b\u0438 \u043f\u043e\u043b\u044c\u0437\u043e\u0432\u0430\u0442\u0435\u043b\u044c\u0441\u043a\u0438\u0439 \u0438\u043d\u0442\u0435\u0440\u0444\u0435\u0439\u0441 <a href=\"https:\/\/test.sweethome3d.eu\/ru\/%d1%81%d0%ba%d0%b0%d1%87%d0%b0%d1%82%d1%8c\/\" data-type=\"page\" data-id=\"396\">Sweet Home 3D<\/a> \u043e\u0442\u043e\u0431\u0440\u0430\u0436\u0430\u0435\u0442\u0441\u044f \u043d\u0435 \u043d\u0430 \u0442\u043e\u043c \u044f\u0437\u044b\u043a\u0435, \u043a\u043e\u0442\u043e\u0440\u044b\u0439 \u0432\u044b \u043e\u0436\u0438\u0434\u0430\u043b\u0438, \u0432\u044b\u0431\u0435\u0440\u0438\u0442\u0435 \u043f\u0440\u0435\u0434\u043f\u043e\u0447\u0438\u0442\u0430\u0435\u043c\u044b\u0439 \u044f\u0437\u044b\u043a \u0432 \u0440\u0430\u0441\u043a\u0440\u044b\u0432\u0430\u044e\u0449\u0435\u043c\u0441\u044f \u0441\u043f\u0438\u0441\u043a\u0435 \u00ab\u042f\u0437\u044b\u043a\u00bb \u043d\u0430 \u043f\u0430\u043d\u0435\u043b\u0438 \u00ab\u041d\u0430\u0441\u0442\u0440\u043e\u0439\u043a\u0438\u00bb. \u0412 Mac OS X \u044d\u0442\u0430 \u043f\u0430\u043d\u0435\u043b\u044c \u043e\u0442\u043e\u0431\u0440\u0430\u0436\u0430\u0435\u0442\u0441\u044f \u043f\u0440\u0438 \u0432\u044b\u0431\u043e\u0440\u0435 \u043f\u0443\u043d\u043a\u0442\u0430 \u00ab\u041d\u0430\u0441\u0442\u0440\u043e\u0439\u043a\u0438\u00bb \u0432 \u043c\u0435\u043d\u044e Sweet Home 3D. \u0412 \u0434\u0440\u0443\u0433\u0438\u0445 \u0441\u0438\u0441\u0442\u0435\u043c\u0430\u0445 \u043e\u043d \u043e\u0442\u043e\u0431\u0440\u0430\u0436\u0430\u0435\u0442\u0441\u044f \u043f\u0440\u0438 \u0432\u044b\u0431\u043e\u0440\u0435 \u043f\u0443\u043d\u043a\u0442\u0430 \u00ab\u041d\u0430\u0441\u0442\u0440\u043e\u0439\u043a\u0438\u00bb \u0432 \u043c\u0435\u043d\u044e \u00ab\u0424\u0430\u0439\u043b\u00bb.  <\/p>\n\n<h3 class=\"wp-block-heading\">\u0414\u0440\u0443\u0433\u0438\u0435 \u043f\u0435\u0440\u0435\u0432\u043e\u0434\u044b, \u043f\u043e\u0434\u0434\u0435\u0440\u0436\u0438\u0432\u0430\u0435\u043c\u044b\u0435 <a href=\"https:\/\/test.sweethome3d.eu\/ru\/%d1%81%d0%ba%d0%b0%d1%87%d0%b0%d1%82%d1%8c\/\" data-type=\"page\" data-id=\"396\">Sweet Home 3D<\/a><\/h3>\n\n<p>\u041a\u0430\u0436\u0434\u044b\u0439 \u0438\u0437 \u0441\u043b\u0435\u0434\u0443\u044e\u0449\u0438\u0445 \u043f\u0435\u0440\u0435\u0432\u043e\u0434\u043e\u0432 \u0434\u043e\u0441\u0442\u0443\u043f\u0435\u043d \u043f\u043e\u0441\u043b\u0435 \u0443\u0441\u0442\u0430\u043d\u043e\u0432\u043a\u0438 \u0441\u043e\u043e\u0442\u0432\u0435\u0442\u0441\u0442\u0432\u0443\u044e\u0449\u0435\u0433\u043e SH3L-\u0444\u0430\u0439\u043b\u0430. \u0427\u0442\u043e\u0431\u044b \u0443\u0441\u0442\u0430\u043d\u043e\u0432\u0438\u0442\u044c SH3L-\u0444\u0430\u0439\u043b \u0434\u043b\u044f \u0432\u0430\u0448\u0435\u0433\u043e \u044f\u0437\u044b\u043a\u0430, \u0449\u0435\u043b\u043a\u043d\u0438\u0442\u0435 \u0441\u043e\u043e\u0442\u0432\u0435\u0442\u0441\u0442\u0432\u0443\u044e\u0449\u0443\u044e \u0441\u0441\u044b\u043b\u043a\u0443 \u0432 \u0441\u043b\u0435\u0434\u0443\u044e\u0449\u0435\u0439 \u0442\u0430\u0431\u043b\u0438\u0446\u0435, \u0447\u0442\u043e\u0431\u044b \u0437\u0430\u0433\u0440\u0443\u0437\u0438\u0442\u044c \u0435\u0433\u043e \u043d\u0430 \u0441\u0432\u043e\u0439 \u043a\u043e\u043c\u043f\u044c\u044e\u0442\u0435\u0440, \u0437\u0430\u0442\u0435\u043c \u0434\u0432\u0430\u0436\u0434\u044b \u0449\u0435\u043b\u043a\u043d\u0438\u0442\u0435 \u0437\u0430\u0433\u0440\u0443\u0436\u0435\u043d\u043d\u044b\u0439 \u0444\u0430\u0439\u043b \u0438\u043b\u0438 \u0432\u044b\u0431\u0435\u0440\u0438\u0442\u0435 \u0435\u0433\u043e \u0441 \u043f\u043e\u043c\u043e\u0449\u044c\u044e \u043a\u043d\u043e\u043f\u043a\u0438 <em>\u0418\u043c\u043f\u043e\u0440\u0442\u0438\u0440\u043e\u0432\u0430\u0442\u044c \u0444\u0430\u0439\u043b \u044f\u0437\u044b\u043a\u043e\u0432\u043e\u0439 \u0431\u0438\u0431\u043b\u0438\u043e\u0442\u0435\u043a\u0438<\/em> <img decoding=\"async\" width=\"35\" height=\"23\" class=\"wp-image-1487 lazyload\" style=\"--smush-placeholder-width: 35px; --smush-placeholder-aspect-ratio: 35\/23;width: 35px;\" data-src=\"https:\/\/test.sweethome3d.eu\/wp-content\/uploads\/2025\/11\/importLanguageLibraryFile-1.png\" alt=\"\" src=\"data:image\/svg+xml;base64,PHN2ZyB3aWR0aD0iMSIgaGVpZ2h0PSIxIiB4bWxucz0iaHR0cDovL3d3dy53My5vcmcvMjAwMC9zdmciPjwvc3ZnPg==\" \/>, \u043e\u0442\u043e\u0431\u0440\u0430\u0436\u0430\u0435\u043c\u043e\u0439 \u0432 \u0432\u0435\u0440\u0445\u043d\u0435\u0439 \u0447\u0430\u0441\u0442\u0438 <a href=\"https:\/\/test.sweethome3d.eu\/ru\/%d1%80%d1%83%d0%ba%d0%be%d0%b2%d0%be%d0%b4%d1%81%d1%82%d0%b2%d0%be-%d0%bf%d0%be%d0%bb%d1%8c%d0%b7%d0%be%d0%b2%d0%b0%d1%82%d0%b5%d0%bb%d1%8f-sweet-home-3d\/#starting-a-new-home\" data-type=\"page\" data-id=\"424\"><em>\u043f\u0430\u043d\u0435\u043b\u0438 \u043d\u0430\u0441\u0442\u0440\u043e\u0435\u043a<\/em><\/a>. <\/p>\n\n<figure class=\"wp-block-flexible-table-block-table is-content-justification-center\"><table class=\"\" style=\"width:100%\"><thead><tr><th style=\"text-align:center;width:20%\">\u042f\u0437\u044b\u043a<\/th><th style=\"text-align:center\">\u0412\u0435\u0440\u0441\u0438\u044f \u043f\u043e\u043b\u044c\u0437\u043e\u0432\u0430\u0442\u0435\u043b\u044c\u0441\u043a\u043e\u0433\u043e \u0438\u043d\u0442\u0435\u0440\u0444\u0435\u0439\u0441\u0430<\/th><th style=\"text-align:center\">\u0412\u0435\u0440\u0441\u0438\u044f \u0441\u043f\u0440\u0430\u0432\u043a\u0438<\/th><th style=\"text-align:center;width:40%\">\u041f\u0435\u0440\u0435\u0432\u043e\u0434\u0447\u0438\u043a\u0438<\/th><\/tr><\/thead><tbody><tr><td class=\"[&amp;&gt;\">img]:-mb-1&#8243; &gt;\ud83c\udff4\udb40\udc65\udb40\udc73\udb40\udc70\udb40\udc76\udb40\udc7f <a href=\"\/storage\/translations\/Basque-7.5.sh3l\">Euskara<\/a><\/td><td style=\"text-align:center\"><a href=\"https:\/\/test.sweethome3d.eu\/ru\/%d1%81%d0%ba%d0%b0%d1%87%d0%b0%d1%82%d1%8c\/\" data-type=\"page\" data-id=\"396\">7.5<\/a><\/td><td style=\"text-align:center\">&#8212;<\/td><td>Alexander Gabilondo<\/td><\/tr><tr><td class=\"[&amp;&gt;\">img]:-mb-1&#8243; &gt;\ud83c\uddf8\ud83c\uddee <a href=\"\/storage\/translations\/Slovenian-5.7.1.sh3l\">Sloven\u0161\u010dina<\/a><\/td><td style=\"text-align:center\"><a href=\"https:\/\/test.sweethome3d.eu\/ru\/%d1%81%d0%ba%d0%b0%d1%87%d0%b0%d1%82%d1%8c\/\" data-type=\"page\" data-id=\"396\">5.7<\/a><\/td><td style=\"text-align:center\">4.6<\/td><td>Samo Mole<\/td><\/tr><tr><td class=\"[&amp;&gt;\">img]:-mb-1&#8243; &gt;\ud83c\uddeb\ud83c\uddee <a href=\"\/storage\/translations\/Finnish-7.5.sh3l\">Suomi<\/a><\/td><td style=\"text-align:center\"><a href=\"https:\/\/test.sweethome3d.eu\/ru\/%d1%81%d0%ba%d0%b0%d1%87%d0%b0%d1%82%d1%8c\/\" data-type=\"page\" data-id=\"396\">7.5<\/a><\/td><td style=\"text-align:center\">4.3<\/td><td>Jukka Hyyti\u00e4l\u00e4, Seppo Voutilainen<\/td><\/tr><tr><td class=\"[&amp;&gt;\">img]:-mb-1&#8243; &gt;\ud83c\uddf7\ud83c\uddf8 <a href=\"\/storage\/translations\/Serbian-4.3.1.sh3l\" data-type=\"link\" data-id=\"https:\/\/test.sweethome3d.eu\/translations\/Serbian-4.3.1.sh3l\">C\u0440\u043f\u0441\u043a\u0438<\/a><\/td><td style=\"text-align:center\"><a href=\"https:\/\/test.sweethome3d.eu\/ru\/%d1%81%d0%ba%d0%b0%d1%87%d0%b0%d1%82%d1%8c\/\" data-type=\"page\" data-id=\"396\">4.3<\/a><\/td><td style=\"text-align:center\">3.4<\/td><td>\u0418\u0432\u0430\u043d \u0421\u0442\u0430\u0440\u0447\u0435\u0432\u0438\u045b, \u0421\u043d\u0435\u0436\u0430\u043d\u0430 \u041b\u0443\u043a\u0438\u045b<\/td><\/tr><tr><td class=\"[&amp;&gt;\">img]:-mb-1&#8243; &gt;\ud83c\uddfa\ud83c\udde6 <a href=\"\/storage\/translations\/Ukrainian-5.7.1.sh3l\" data-type=\"link\" data-id=\"https:\/\/test.sweethome3d.eu\/translations\/Ukrainian-5.7.1.sh3l\">Y\u043a\u0440\u0430\u0457\u043d\u0441\u044c\u043a\u0430<\/a><\/td><td style=\"text-align:center\"><a href=\"https:\/\/test.sweethome3d.eu\/ru\/%d1%81%d0%ba%d0%b0%d1%87%d0%b0%d1%82%d1%8c\/\" data-type=\"page\" data-id=\"396\">5.7<\/a><\/td><td style=\"text-align:center\">5.0<\/td><td>\u041e\u043b\u0435\u043a\u0441\u0430\u043d\u0434\u0440 \u041f\u0438\u043b\u0438\u043f\u0447\u0443\u043a<\/td><\/tr><tr><td class=\"[&amp;&gt;\">img]:-mb-1&#8243; &gt;\ud83c\uddf9\ud83c\uddf7 <a href=\"\/storage\/translations\/Turkish-7.5.sh3l\" data-type=\"link\" data-id=\"https:\/\/test.sweethome3d.eu\/translations\/Turkish-7.5.sh3l\">T\u00fcrk\u00e7e<\/a><\/td><td style=\"text-align:center\"><a href=\"https:\/\/test.sweethome3d.eu\/ru\/%d1%81%d0%ba%d0%b0%d1%87%d0%b0%d1%82%d1%8c\/\" data-type=\"page\" data-id=\"396\">7.5<\/a><\/td><td style=\"text-align:center\">&#8212;<\/td><td>M\u00fccahit Baydar<\/td><\/tr><tr><td class=\"[&amp;&gt;\">img]:-mb-1&#8243; &gt;\ud83c\uddf8\ud83c\udde6 <a href=\"\/storage\/translations\/Arabic-7.1.1.sh3l\">\u0627\u0644\u0639\u0631\u0628\u064a\u0629<\/a><\/td><td style=\"text-align:center\"><a href=\"https:\/\/test.sweethome3d.eu\/ru\/%d1%81%d0%ba%d0%b0%d1%87%d0%b0%d1%82%d1%8c\/\" data-type=\"page\" data-id=\"396\">7.1<\/a><\/td><td style=\"text-align:center\">&#8212;<\/td><td>MFM Dawdeh<\/td><\/tr><tr><td class=\"[&amp;&gt;\">img]:-mb-1&#8243; &gt;\ud83c\uddee\ud83c\udde9 <a href=\"\/storage\/translations\/Indonesian-7.1.1.sh3l\" data-type=\"link\" data-id=\"https:\/\/test.sweethome3d.eu\/translations\/Indonesian-7.1.1.sh3l\">Indonesian<\/a><\/td><td style=\"text-align:center\"><a href=\"https:\/\/test.sweethome3d.eu\/ru\/%d1%81%d0%ba%d0%b0%d1%87%d0%b0%d1%82%d1%8c\/\" data-type=\"page\" data-id=\"396\">7.1<\/a><\/td><td style=\"text-align:center\">&#8212;<\/td><td>Al Firdhaus<\/td><\/tr><tr><td class=\"[&amp;&gt;\">img]:-mb-1&#8243; &gt;\ud83c\uddf9\ud83c\udded <a href=\"\/storage\/translations\/Thai-7.5.sh3l\" data-type=\"link\" data-id=\"https:\/\/test.sweethome3d.eu\/translations\/Thai-7.5.sh3l\">\u0e44\u0e17\u0e22<\/a><\/td><td style=\"text-align:center\"><a href=\"https:\/\/test.sweethome3d.eu\/ru\/%d1%81%d0%ba%d0%b0%d1%87%d0%b0%d1%82%d1%8c\/\" data-type=\"page\" data-id=\"396\">7.5<\/a><\/td><td style=\"text-align:center\">&#8212;<\/td><td>\u0e01\u0e31\u0e19\u0e22\u0e4c\u0e0a\u0e31\u0e0a\u0e0a\u0e31\u0e22 \u0e42\u0e1e\u0e18\u0e34\u0e2b\u0e25\u0e49\u0e32<\/td><\/tr><tr><td class=\"[&amp;&gt;\">img]:-mb-1&#8243; &gt;\ud83c\uddf0\ud83c\uddf7 <a href=\"\/storage\/translations\/Korean-7.5.sh3l\" data-type=\"link\" data-id=\"https:\/\/test.sweethome3d.eu\/translations\/Korean-7.5.sh3l\">\ud55c\uad6d\uc5b4<\/a><\/td><td style=\"text-align:center\"><a href=\"https:\/\/test.sweethome3d.eu\/ru\/%d1%81%d0%ba%d0%b0%d1%87%d0%b0%d1%82%d1%8c\/\" data-type=\"page\" data-id=\"396\">7.5<\/a><\/td><td style=\"text-align:center\">~5.7<\/td><td>\ubc31\ud638\uc11d, \uc774\ud638\ucc2c<\/td><\/tr><\/tbody><\/table><\/figure>\n\n<p>\u041f\u0440\u0438\u043c\u0435\u0447\u0430\u043d\u0438\u0435 \u0434\u043b\u044f \u043f\u0435\u0440\u0435\u0432\u043e\u0434\u0447\u0438\u043a\u043e\u0432: \u0435\u0441\u043b\u0438 \u0432\u044b \u0445\u043e\u0442\u0438\u0442\u0435 \u043f\u0435\u0440\u0435\u0432\u0435\u0441\u0442\u0438 <a href=\"https:\/\/test.sweethome3d.eu\/ru\/%d1%81%d0%ba%d0%b0%d1%87%d0%b0%d1%82%d1%8c\/\" data-type=\"page\" data-id=\"396\">Sweet Home 3D<\/a> \u043d\u0430 \u0441\u0432\u043e\u0439 \u044f\u0437\u044b\u043a, \u043f\u043e\u0436\u0430\u043b\u0443\u0439\u0441\u0442\u0430, \u043f\u0440\u043e\u0447\u0438\u0442\u0430\u0439\u0442\u0435 <a href=\"https:\/\/test.sweethome3d.eu\/ru\/%d1%80%d1%83%d0%ba%d0%be%d0%b2%d0%be%d0%b4%d1%81%d1%82%d0%b2%d0%be-%d0%bf%d0%be-%d0%bf%d0%b5%d1%80%d0%b5%d0%b2%d0%be%d0%b4%d1%83\/\" data-type=\"page\" data-id=\"5142\">\u0440\u0443\u043a\u043e\u0432\u043e\u0434\u0441\u0442\u0432\u043e \u043f\u043e \u043f\u0435\u0440\u0435\u0432\u043e\u0434\u0443<\/a>.<\/p>\n","protected":false},"excerpt":{"rendered":"<p>Sweet Home 3D \u0434\u043e\u0441\u0442\u0443\u043f\u0435\u043d \u043d\u0430 29 \u0440\u0430\u0437\u043b\u0438\u0447\u043d\u044b\u0445 \u044f\u0437\u044b\u043a\u0430\u0445. \u041f\u0435\u0440\u0435\u0432\u043e\u0434\u044b, \u0432\u043a\u043b\u044e\u0447\u0435\u043d\u043d\u044b\u0435 \u0432 Sweet Home 3D \u0421\u043b\u0435\u0434\u0443\u044e\u0449\u0438\u0435 \u043f\u0435\u0440\u0435\u0432\u043e\u0434\u044b \u043d\u0430\u043f\u0440\u044f\u043c\u0443\u044e \u0432\u043a\u043b\u044e\u0447\u0435\u043d\u044b \u0432 Sweet Home 3D \u043f\u0440\u0438 \u0443\u0441\u0442\u0430\u043d\u043e\u0432\u043a\u0435 \u0438 \u043f\u043e\u0434\u0434\u0435\u0440\u0436\u0438\u0432\u0430\u044e\u0442\u0441\u044f \u0432 \u0430\u043a\u0442\u0443\u0430\u043b\u044c\u043d\u043e\u043c \u0441\u043e\u0441\u0442\u043e\u044f\u043d\u0438\u0438 \u043f\u0440\u0438 \u0434\u043e\u0431\u0430\u0432\u043b\u0435\u043d\u0438\u0438 \u043d\u043e\u0432\u044b\u0445 \u0444\u0443\u043d\u043a\u0446\u0438\u0439 \u0432 \u043f\u0440\u0438\u043b\u043e\u0436\u0435\u043d\u0438\u0435. \u0415\u0441\u043b\u0438 \u043f\u043e\u043b\u044c\u0437\u043e\u0432\u0430\u0442\u0435\u043b\u044c\u0441\u043a\u0438\u0439 \u0438\u043d\u0442\u0435\u0440\u0444\u0435\u0439\u0441 Sweet Home 3D \u043e\u0442\u043e\u0431\u0440\u0430\u0436\u0430\u0435\u0442\u0441\u044f \u043d\u0435 \u043d\u0430 \u0442\u043e\u043c \u044f\u0437\u044b\u043a\u0435, \u043a\u043e\u0442\u043e\u0440\u044b\u0439 \u0432\u044b \u043e\u0436\u0438\u0434\u0430\u043b\u0438, \u0432\u044b\u0431\u0435\u0440\u0438\u0442\u0435 \u043f\u0440\u0435\u0434\u043f\u043e\u0447\u0438\u0442\u0430\u0435\u043c\u044b\u0439 \u044f\u0437\u044b\u043a \u0432 \u0440\u0430\u0441\u043a\u0440\u044b\u0432\u0430\u044e\u0449\u0435\u043c\u0441\u044f \u0441\u043f\u0438\u0441\u043a\u0435<a href=\"https:\/\/test.sweethome3d.eu\/ru\/%d0%bf%d0%b5%d1%80%d0%b5%d0%b2%d0%be%d0%b4%d1%8b\/\">Continue reading <span class=\"sr-only\">&#171;\u041f\u0435\u0440\u0435\u0432\u043e\u0434\u044b&#187;<\/span><\/a><\/p>\n","protected":false},"author":4,"featured_media":2772,"parent":0,"menu_order":0,"comment_status":"closed","ping_status":"closed","template":"page-resources.php","meta":{"inline_featured_image":false,"footnotes":""},"class_list":["post-2773","page","type-page","status-publish","has-post-thumbnail","hentry"],"_links":{"self":[{"href":"https:\/\/test.sweethome3d.eu\/ru\/wp-json\/wp\/v2\/pages\/2773","targetHints":{"allow":["GET"]}}],"collection":[{"href":"https:\/\/test.sweethome3d.eu\/ru\/wp-json\/wp\/v2\/pages"}],"about":[{"href":"https:\/\/test.sweethome3d.eu\/ru\/wp-json\/wp\/v2\/types\/page"}],"author":[{"embeddable":true,"href":"https:\/\/test.sweethome3d.eu\/ru\/wp-json\/wp\/v2\/users\/4"}],"replies":[{"embeddable":true,"href":"https:\/\/test.sweethome3d.eu\/ru\/wp-json\/wp\/v2\/comments?post=2773"}],"version-history":[{"count":3,"href":"https:\/\/test.sweethome3d.eu\/ru\/wp-json\/wp\/v2\/pages\/2773\/revisions"}],"predecessor-version":[{"id":11458,"href":"https:\/\/test.sweethome3d.eu\/ru\/wp-json\/wp\/v2\/pages\/2773\/revisions\/11458"}],"wp:featuredmedia":[{"embeddable":true,"href":"https:\/\/test.sweethome3d.eu\/ru\/wp-json\/wp\/v2\/media\/2772"}],"wp:attachment":[{"href":"https:\/\/test.sweethome3d.eu\/ru\/wp-json\/wp\/v2\/media?parent=2773"}],"curies":[{"name":"wp","href":"https:\/\/api.w.org\/{rel}","templated":true}]}}