{"id":2910,"date":"2025-09-18T11:56:08","date_gmt":"2025-09-18T11:56:08","guid":{"rendered":"https:\/\/test.sweethome3d.eu\/uvoz-tekstur\/"},"modified":"2026-02-10T13:59:27","modified_gmt":"2026-02-10T13:59:27","slug":"uvoz-tekstur","status":"publish","type":"page","link":"https:\/\/test.sweethome3d.eu\/sl\/uvoz-tekstur\/","title":{"rendered":"Uvoz tekstur"},"content":{"rendered":"\n<h2 class=\"wp-block-heading\">Razpolo\u017eljivi viri tekstur<\/h2>\n\n<h3 class=\"wp-block-heading\">Knji\u017enice tekstur<\/h3>\n\n<p>S <a href=\"https:\/\/test.sweethome3d.eu\/sl\/prenos\/\" data-type=\"page\" data-id=\"396\">programom Sweet Home 3D<\/a> lahko uvozite slike tekstur po eni ali po skupinah tekstur, shranjenih v datotekah SH3T. Datoteka SH3T je knji\u017enica tekstur z njihovim opisom, ki jo lahko preprosto namestite tako, da dvakrat kliknete nanjo ali izberete menijsko postavko <em>Furniture &gt; Import textures library<\/em> v programu <a href=\"https:\/\/test.sweethome3d.eu\/sl\/prenos\/\" data-type=\"page\" data-id=\"396\">Sweet Home 3D<\/a>.<br\/>Naslednje datoteke ZIP vsebujejo datoteko SH3T, ki jo lahko uvozite v program <a href=\"https:\/\/test.sweethome3d.eu\/sl\/prenos\/\" data-type=\"page\" data-id=\"396\">Sweet Home 3D<\/a>.<\/p>\n\n<div class=\"wp-block-group is-nowrap is-layout-flex wp-container-core-group-is-layout-ad2f72ca wp-block-group-is-layout-flex\">\n<ul class=\"wp-block-list\">\n<li><a href=\"https:\/\/sourceforge.net\/projects\/sweethome3d\/files\/SweetHome3D-textures\/Textures-1.3.1\/Textures-Contributions-1.3.1.zip\/download\" target=\"_blank\" rel=\"noopener\">Textures-Contributions-1.3.1.zip<\/a> (1,1 MB &#8211; 57 tekstur &#8211; licenca CC-BY)<\/li>\n\n\n\n<li><a href=\"https:\/\/sourceforge.net\/projects\/sweethome3d\/files\/SweetHome3D-textures\/Textures-1.3.1\/Textures-eTeksScopia-1.3.1.zip\/download\" target=\"_blank\" rel=\"noopener\">Textures-eTeksScopia-1.3.1.zip<\/a> (18,8 MB &#8211; 340 tekstur &#8211; licenca CC-BY)<\/li>\n<\/ul>\n<\/div>\n\n<p id=\"textures-p-download\">Lahko tudi <a href=\"#download\">prenese\u0161 celotno razli\u010dico<\/a> z ve\u010d kot 10.000 <a href=\"https:\/\/test.sweethome3d.eu\/sl\/uvoz-3d-modelov\/\" data-type=\"page\" data-id=\"432\">3D modeli<\/a>, \u017ee vklju\u010denimi 400 teksturami.<a href=\"https:\/\/apps.apple.com\/app\/sweet-home-3d\/id669289700\" target=\"_blank\" rel=\"noopener\"><\/a><\/p>\n\n<div style=\"height:30px\" aria-hidden=\"true\" class=\"wp-block-spacer\"><\/div>\n\n<div class=\"wp-block-buttons is-content-justification-center is-layout-flex wp-container-core-buttons-is-layout-16018d1d wp-block-buttons-is-layout-flex\" data-label=\"wce_textures_download_direct\">\n<div class=\"wp-block-button font-inter\" data-action=\"wce_textures_download_direct\"><a class=\"wp-block-button__link has-white-color has-blue-pure-background-color has-text-color has-background has-link-color has-lg-font-size has-custom-font-size wp-element-button\" href=\"#download\" style=\"font-style:normal;font-weight:600\"><img decoding=\"async\" width=\"20\" height=\"20\" class=\"wp-image-641 lazyload\" style=\"--smush-placeholder-width: 20px; --smush-placeholder-aspect-ratio: 20\/20;width: 20px;\" data-src=\"https:\/\/test.sweethome3d.eu\/wp-content\/uploads\/2025\/10\/Download.png\" alt=\"\" src=\"data:image\/svg+xml;base64,PHN2ZyB3aWR0aD0iMSIgaGVpZ2h0PSIxIiB4bWxucz0iaHR0cDovL3d3dy53My5vcmcvMjAwMC9zdmciPjwvc3ZnPg==\" \/> Prenesi Sweet Home 3D<\/a><\/div>\n<\/div>\n\n<div style=\"height:60px\" aria-hidden=\"true\" class=\"wp-block-spacer\"><\/div>\n\n<div class=\"wp-block-group is-content-justification-center is-nowrap is-layout-flex wp-container-core-group-is-layout-94bc23d7 wp-block-group-is-layout-flex\">\n<figure data-wp-context=\"{&quot;imageId&quot;:&quot;69d56fab28290&quot;}\" data-wp-interactive=\"core\/image\" data-wp-key=\"69d56fab28290\" class=\"wp-block-image aligncenter size-full is-resized wp-lightbox-container\"><img decoding=\"async\" width=\"1452\" height=\"332\" data-wp-class--hide=\"state.isContentHidden\" data-wp-class--show=\"state.isContentVisible\" data-wp-init=\"callbacks.setButtonStyles\" data-wp-on--click=\"actions.showLightbox\" data-wp-on--load=\"callbacks.setButtonStyles\" data-wp-on-window--resize=\"callbacks.setButtonStyles\" data-src=\"https:\/\/test.sweethome3d.eu\/wp-content\/uploads\/2025\/11\/Frame-1000003909-1.png\" alt=\"\" class=\"wp-image-2673 lazyload\" style=\"--smush-placeholder-width: 1452px; --smush-placeholder-aspect-ratio: 1452\/332;width:720px\" data-srcset=\"https:\/\/test.sweethome3d.eu\/wp-content\/uploads\/2025\/11\/Frame-1000003909-1.png 1452w, https:\/\/test.sweethome3d.eu\/wp-content\/uploads\/2025\/11\/Frame-1000003909-1-300x69.png 300w, https:\/\/test.sweethome3d.eu\/wp-content\/uploads\/2025\/11\/Frame-1000003909-1-1024x234.png 1024w, https:\/\/test.sweethome3d.eu\/wp-content\/uploads\/2025\/11\/Frame-1000003909-1-394x90.png 394w, https:\/\/test.sweethome3d.eu\/wp-content\/uploads\/2025\/11\/Frame-1000003909-1-768x176.png 768w\" data-sizes=\"(max-width: 1452px) 100vw, 1452px\" src=\"data:image\/svg+xml;base64,PHN2ZyB3aWR0aD0iMSIgaGVpZ2h0PSIxIiB4bWxucz0iaHR0cDovL3d3dy53My5vcmcvMjAwMC9zdmciPjwvc3ZnPg==\" \/><button\n\t\t\tclass=\"lightbox-trigger\"\n\t\t\ttype=\"button\"\n\t\t\taria-haspopup=\"dialog\"\n\t\t\taria-label=\"Pove\u010daj\"\n\t\t\tdata-wp-init=\"callbacks.initTriggerButton\"\n\t\t\tdata-wp-on--click=\"actions.showLightbox\"\n\t\t\tdata-wp-style--right=\"state.imageButtonRight\"\n\t\t\tdata-wp-style--top=\"state.imageButtonTop\"\n\t\t>\n\t\t\t<svg xmlns=\"http:\/\/www.w3.org\/2000\/svg\" width=\"12\" height=\"12\" fill=\"none\" viewBox=\"0 0 12 12\">\n\t\t\t\t<path fill=\"#fff\" d=\"M2 0a2 2 0 0 0-2 2v2h1.5V2a.5.5 0 0 1 .5-.5h2V0H2Zm2 10.5H2a.5.5 0 0 1-.5-.5V8H0v2a2 2 0 0 0 2 2h2v-1.5ZM8 12v-1.5h2a.5.5 0 0 0 .5-.5V8H12v2a2 2 0 0 1-2 2H8Zm2-12a2 2 0 0 1 2 2v2h-1.5V2a.5.5 0 0 0-.5-.5H8V0h2Z\" \/>\n\t\t\t<\/svg>\n\t\t<\/button><\/figure>\n<\/div>\n\n<div style=\"height:60px\" aria-hidden=\"true\" class=\"wp-block-spacer\"><\/div>\n\n<p class=\"has-text-align-center\">Upo\u0161tevaj, da je datoteka SH3T le nekak\u0161na ZIP datoteka, iz katere lahko izvle\u010de\u0161 posamezne slike tekstur s katerimkoli ZIP orodjem. Po potrebi lahko ustvari\u0161 tudi lastne datoteke SH3T z nalo\u017eljivim <a href=\"https:\/\/sourceforge.net\/projects\/sweethome3d\/files\/TexturesLibraryEditor\/TexturesLibraryEditor-2.1.jar\/download\" target=\"_blank\" rel=\"noopener\">urejevalnikom knji\u017enic tekstur<\/a>. <\/p>\n\n<div style=\"height:30px\" aria-hidden=\"true\" class=\"wp-block-spacer\"><\/div>\n\n<h3 class=\"wp-block-heading\">Spletne strani s teksturami<\/h3>\n\n<p>Naslednje strani ponujajo nekaj brezpla\u010dnih slik tekstur, ki jih podpira \u010darovnik za uvoz tekstur programa <a href=\"\/\">Sweet Home 3D<\/a>:<\/p>\n\n<figure class=\"wp-block-flexible-table-block-table is-content-justification-left stars-table\"><table class=\"\" style=\"border-width:0\"><tbody><tr><td><img decoding=\"async\" width=\"12\" height=\"12\" data-src=\"https:\/\/test.sweethome3d.eu\/images\/star.gif\" alt=\"Zvezdica\" src=\"data:image\/svg+xml;base64,PHN2ZyB3aWR0aD0iMSIgaGVpZ2h0PSIxIiB4bWxucz0iaHR0cDovL3d3dy53My5vcmcvMjAwMC9zdmciPjwvc3ZnPg==\" class=\"lazyload\" style=\"--smush-placeholder-width: 12px; --smush-placeholder-aspect-ratio: 12\/12;\"><img decoding=\"async\" width=\"12\" height=\"12\" data-src=\"https:\/\/test.sweethome3d.eu\/images\/star.gif\" alt=\"Zvezdica\" src=\"data:image\/svg+xml;base64,PHN2ZyB3aWR0aD0iMSIgaGVpZ2h0PSIxIiB4bWxucz0iaHR0cDovL3d3dy53My5vcmcvMjAwMC9zdmciPjwvc3ZnPg==\" class=\"lazyload\" style=\"--smush-placeholder-width: 12px; --smush-placeholder-aspect-ratio: 12\/12;\"><img decoding=\"async\" width=\"12\" height=\"12\" data-src=\"https:\/\/test.sweethome3d.eu\/images\/star.gif\" alt=\"Zvezdica\" src=\"data:image\/svg+xml;base64,PHN2ZyB3aWR0aD0iMSIgaGVpZ2h0PSIxIiB4bWxucz0iaHR0cDovL3d3dy53My5vcmcvMjAwMC9zdmciPjwvc3ZnPg==\" class=\"lazyload\" style=\"--smush-placeholder-width: 12px; --smush-placeholder-aspect-ratio: 12\/12;\"><\/td><td><a href=\"https:\/\/ambientcg.com\/\" target=\"_blank\" rel=\"noopener\">ambientCG<\/a> (\u0161tevilne brez\u0161ivne teksture, objavljene v javni domeni, na voljo tudi kot knji\u017enice SH3T <a href=\"https:\/\/github.com\/fabien-michel\/sweethome3d-textures-ambientcg\" target=\"_blank\" rel=\"noopener\">tukaj<\/a>)<\/td><\/tr><tr><td><img decoding=\"async\" width=\"12\" height=\"12\" data-src=\"https:\/\/test.sweethome3d.eu\/images\/star.gif\" alt=\"Zvezdica\" src=\"data:image\/svg+xml;base64,PHN2ZyB3aWR0aD0iMSIgaGVpZ2h0PSIxIiB4bWxucz0iaHR0cDovL3d3dy53My5vcmcvMjAwMC9zdmciPjwvc3ZnPg==\" class=\"lazyload\" style=\"--smush-placeholder-width: 12px; --smush-placeholder-aspect-ratio: 12\/12;\"><img decoding=\"async\" width=\"12\" height=\"12\" data-src=\"https:\/\/test.sweethome3d.eu\/images\/star.gif\" alt=\"Zvezdica\" src=\"data:image\/svg+xml;base64,PHN2ZyB3aWR0aD0iMSIgaGVpZ2h0PSIxIiB4bWxucz0iaHR0cDovL3d3dy53My5vcmcvMjAwMC9zdmciPjwvc3ZnPg==\" class=\"lazyload\" style=\"--smush-placeholder-width: 12px; --smush-placeholder-aspect-ratio: 12\/12;\"><\/td><td><a href=\"https:\/\/archivetextures.net\/\" target=\"_blank\" rel=\"noopener\">Archive textures<\/a> (zelo velika izbira)<\/td><\/tr><tr><td><img decoding=\"async\" width=\"12\" height=\"12\" data-src=\"https:\/\/test.sweethome3d.eu\/images\/star.gif\" alt=\"Zvezdica\" src=\"data:image\/svg+xml;base64,PHN2ZyB3aWR0aD0iMSIgaGVpZ2h0PSIxIiB4bWxucz0iaHR0cDovL3d3dy53My5vcmcvMjAwMC9zdmciPjwvc3ZnPg==\" class=\"lazyload\" style=\"--smush-placeholder-width: 12px; --smush-placeholder-aspect-ratio: 12\/12;\"><img decoding=\"async\" width=\"12\" height=\"12\" data-src=\"https:\/\/test.sweethome3d.eu\/images\/star.gif\" alt=\"Zvezdica\" src=\"data:image\/svg+xml;base64,PHN2ZyB3aWR0aD0iMSIgaGVpZ2h0PSIxIiB4bWxucz0iaHR0cDovL3d3dy53My5vcmcvMjAwMC9zdmciPjwvc3ZnPg==\" class=\"lazyload\" style=\"--smush-placeholder-width: 12px; --smush-placeholder-aspect-ratio: 12\/12;\"><\/td><td><a href=\"https:\/\/www.sharetextures.com\/\" target=\"_blank\" rel=\"noopener\">Sharetextures<\/a> (lepe brez\u0161ivne teksture, objavljene v javni domeni)<\/td><\/tr><tr><td><img decoding=\"async\" width=\"12\" height=\"12\" data-src=\"https:\/\/test.sweethome3d.eu\/images\/star.gif\" alt=\"Zvezdica\" src=\"data:image\/svg+xml;base64,PHN2ZyB3aWR0aD0iMSIgaGVpZ2h0PSIxIiB4bWxucz0iaHR0cDovL3d3dy53My5vcmcvMjAwMC9zdmciPjwvc3ZnPg==\" class=\"lazyload\" style=\"--smush-placeholder-width: 12px; --smush-placeholder-aspect-ratio: 12\/12;\"><img decoding=\"async\" width=\"12\" height=\"12\" data-src=\"https:\/\/test.sweethome3d.eu\/images\/star.gif\" alt=\"Zvezdica\" src=\"data:image\/svg+xml;base64,PHN2ZyB3aWR0aD0iMSIgaGVpZ2h0PSIxIiB4bWxucz0iaHR0cDovL3d3dy53My5vcmcvMjAwMC9zdmciPjwvc3ZnPg==\" class=\"lazyload\" style=\"--smush-placeholder-width: 12px; --smush-placeholder-aspect-ratio: 12\/12;\"><\/td><td><a href=\"https:\/\/3dtextures.me\/\" target=\"_blank\" rel=\"noopener\">3D textures<\/a> (\u0161e ena stran z brez\u0161ivnimi teksturami, objavljenimi v javni domeni)<\/td><\/tr><tr><td><img decoding=\"async\" width=\"12\" height=\"12\" data-src=\"https:\/\/test.sweethome3d.eu\/images\/star.gif\" alt=\"Zvezdica\" src=\"data:image\/svg+xml;base64,PHN2ZyB3aWR0aD0iMSIgaGVpZ2h0PSIxIiB4bWxucz0iaHR0cDovL3d3dy53My5vcmcvMjAwMC9zdmciPjwvc3ZnPg==\" class=\"lazyload\" style=\"--smush-placeholder-width: 12px; --smush-placeholder-aspect-ratio: 12\/12;\"><img decoding=\"async\" width=\"12\" height=\"12\" data-src=\"https:\/\/test.sweethome3d.eu\/images\/star.gif\" alt=\"Zvezdica\" src=\"data:image\/svg+xml;base64,PHN2ZyB3aWR0aD0iMSIgaGVpZ2h0PSIxIiB4bWxucz0iaHR0cDovL3d3dy53My5vcmcvMjAwMC9zdmciPjwvc3ZnPg==\" class=\"lazyload\" style=\"--smush-placeholder-width: 12px; --smush-placeholder-aspect-ratio: 12\/12;\"><\/td><td><a href=\"https:\/\/tiled-bg.blogspot.com\/p\/about.html\" target=\"_blank\" rel=\"noopener\">Free Web Gallery of Tile-able Website Backgrounds<\/a> (prilagodljive brez\u0161ivne teksture, na voljo pod licenco CC-BY)<\/td><\/tr><tr><td><img decoding=\"async\" width=\"12\" height=\"12\" data-src=\"https:\/\/test.sweethome3d.eu\/images\/star.gif\" alt=\"Zvezdica\" src=\"data:image\/svg+xml;base64,PHN2ZyB3aWR0aD0iMSIgaGVpZ2h0PSIxIiB4bWxucz0iaHR0cDovL3d3dy53My5vcmcvMjAwMC9zdmciPjwvc3ZnPg==\" class=\"lazyload\" style=\"--smush-placeholder-width: 12px; --smush-placeholder-aspect-ratio: 12\/12;\"><img decoding=\"async\" width=\"12\" height=\"12\" data-src=\"https:\/\/test.sweethome3d.eu\/images\/star.gif\" alt=\"Zvezdica\" src=\"data:image\/svg+xml;base64,PHN2ZyB3aWR0aD0iMSIgaGVpZ2h0PSIxIiB4bWxucz0iaHR0cDovL3d3dy53My5vcmcvMjAwMC9zdmciPjwvc3ZnPg==\" class=\"lazyload\" style=\"--smush-placeholder-width: 12px; --smush-placeholder-aspect-ratio: 12\/12;\"><\/td><td><a href=\"https:\/\/www.plaintextures.com\/\" target=\"_blank\" rel=\"noopener\">Plain textures<\/a> (velika izbira tekstur, vendar niso vse brez\u0161ivne)<\/td><\/tr><tr><td><img decoding=\"async\" width=\"12\" height=\"12\" data-src=\"https:\/\/test.sweethome3d.eu\/images\/star.gif\" alt=\"Zvezdica\" src=\"data:image\/svg+xml;base64,PHN2ZyB3aWR0aD0iMSIgaGVpZ2h0PSIxIiB4bWxucz0iaHR0cDovL3d3dy53My5vcmcvMjAwMC9zdmciPjwvc3ZnPg==\" class=\"lazyload\" style=\"--smush-placeholder-width: 12px; --smush-placeholder-aspect-ratio: 12\/12;\"><img decoding=\"async\" width=\"12\" height=\"12\" data-src=\"https:\/\/test.sweethome3d.eu\/images\/star.gif\" alt=\"Zvezdica\" src=\"data:image\/svg+xml;base64,PHN2ZyB3aWR0aD0iMSIgaGVpZ2h0PSIxIiB4bWxucz0iaHR0cDovL3d3dy53My5vcmcvMjAwMC9zdmciPjwvc3ZnPg==\" class=\"lazyload\" style=\"--smush-placeholder-width: 12px; --smush-placeholder-aspect-ratio: 12\/12;\"><\/td><td><a href=\"https:\/\/www.cgtextures.com\/\" target=\"_blank\" rel=\"noopener\">CG Textures<\/a> (velika izbira tekstur, vendar niso vse brez\u0161ivne)<\/td><\/tr><tr><td><img decoding=\"async\" width=\"12\" height=\"12\" data-src=\"https:\/\/test.sweethome3d.eu\/images\/star.gif\" alt=\"Zvezdica\" src=\"data:image\/svg+xml;base64,PHN2ZyB3aWR0aD0iMSIgaGVpZ2h0PSIxIiB4bWxucz0iaHR0cDovL3d3dy53My5vcmcvMjAwMC9zdmciPjwvc3ZnPg==\" class=\"lazyload\" style=\"--smush-placeholder-width: 12px; --smush-placeholder-aspect-ratio: 12\/12;\"><img decoding=\"async\" width=\"12\" height=\"12\" data-src=\"https:\/\/test.sweethome3d.eu\/images\/star.gif\" alt=\"Zvezdica\" src=\"data:image\/svg+xml;base64,PHN2ZyB3aWR0aD0iMSIgaGVpZ2h0PSIxIiB4bWxucz0iaHR0cDovL3d3dy53My5vcmcvMjAwMC9zdmciPjwvc3ZnPg==\" class=\"lazyload\" style=\"--smush-placeholder-width: 12px; --smush-placeholder-aspect-ratio: 12\/12;\"><\/td><td><a href=\"https:\/\/blender-archi.tuxfamily.org\/Textures\" target=\"_blank\" rel=\"noopener\">Blender for Architecture<\/a> (zanimivo za <a href=\"https:\/\/blender-archi.tuxfamily.org\/Textures#Horizontal_maps\" target=\"_blank\" rel=\"noopener\">teksture neba<\/a>)<\/td><\/tr><tr><td><img decoding=\"async\" width=\"12\" height=\"12\" data-src=\"https:\/\/test.sweethome3d.eu\/images\/star.gif\" alt=\"Zvezdica\" src=\"data:image\/svg+xml;base64,PHN2ZyB3aWR0aD0iMSIgaGVpZ2h0PSIxIiB4bWxucz0iaHR0cDovL3d3dy53My5vcmcvMjAwMC9zdmciPjwvc3ZnPg==\" class=\"lazyload\" style=\"--smush-placeholder-width: 12px; --smush-placeholder-aspect-ratio: 12\/12;\"><img decoding=\"async\" width=\"12\" height=\"12\" data-src=\"https:\/\/test.sweethome3d.eu\/images\/star.gif\" alt=\"Zvezdica\" src=\"data:image\/svg+xml;base64,PHN2ZyB3aWR0aD0iMSIgaGVpZ2h0PSIxIiB4bWxucz0iaHR0cDovL3d3dy53My5vcmcvMjAwMC9zdmciPjwvc3ZnPg==\" class=\"lazyload\" style=\"--smush-placeholder-width: 12px; --smush-placeholder-aspect-ratio: 12\/12;\"><\/td><td><a href=\"https:\/\/telias.gr\/textures_menu.html\" target=\"_blank\" rel=\"noopener\">Free the models<\/a> (lepe teksture, ki jih je ustvaril sodelavec Sweet Home 3D)<\/td><\/tr><tr><td><img decoding=\"async\" width=\"12\" height=\"12\" data-src=\"https:\/\/test.sweethome3d.eu\/images\/star.gif\" alt=\"Zvezdica\" src=\"data:image\/svg+xml;base64,PHN2ZyB3aWR0aD0iMSIgaGVpZ2h0PSIxIiB4bWxucz0iaHR0cDovL3d3dy53My5vcmcvMjAwMC9zdmciPjwvc3ZnPg==\" class=\"lazyload\" style=\"--smush-placeholder-width: 12px; --smush-placeholder-aspect-ratio: 12\/12;\"><img decoding=\"async\" width=\"12\" height=\"12\" data-src=\"https:\/\/test.sweethome3d.eu\/images\/star.gif\" alt=\"Zvezdica\" src=\"data:image\/svg+xml;base64,PHN2ZyB3aWR0aD0iMSIgaGVpZ2h0PSIxIiB4bWxucz0iaHR0cDovL3d3dy53My5vcmcvMjAwMC9zdmciPjwvc3ZnPg==\" class=\"lazyload\" style=\"--smush-placeholder-width: 12px; --smush-placeholder-aspect-ratio: 12\/12;\"><\/td><td><a href=\"https:\/\/www.museumtextures.com\/\" target=\"_blank\" rel=\"noopener\">Museum Textures<\/a> (lepa izbira tekstur z nekaj brez\u0161ivnimi)<\/td><\/tr><tr><td><img decoding=\"async\" width=\"12\" height=\"12\" data-src=\"https:\/\/test.sweethome3d.eu\/images\/star.gif\" alt=\"Zvezdica\" src=\"data:image\/svg+xml;base64,PHN2ZyB3aWR0aD0iMSIgaGVpZ2h0PSIxIiB4bWxucz0iaHR0cDovL3d3dy53My5vcmcvMjAwMC9zdmciPjwvc3ZnPg==\" class=\"lazyload\" style=\"--smush-placeholder-width: 12px; --smush-placeholder-aspect-ratio: 12\/12;\"><\/td><td><a href=\"https:\/\/www.alterlinks.com\/textures\/\" target=\"_blank\" rel=\"noopener\">Alterlinks<\/a> (nekaj preprostih tekstur)<\/td><\/tr><tr><td><img decoding=\"async\" width=\"12\" height=\"12\" data-src=\"https:\/\/test.sweethome3d.eu\/images\/star.gif\" alt=\"Zvezdica\" src=\"data:image\/svg+xml;base64,PHN2ZyB3aWR0aD0iMSIgaGVpZ2h0PSIxIiB4bWxucz0iaHR0cDovL3d3dy53My5vcmcvMjAwMC9zdmciPjwvc3ZnPg==\" class=\"lazyload\" style=\"--smush-placeholder-width: 12px; --smush-placeholder-aspect-ratio: 12\/12;\"><\/td><td><a href=\"https:\/\/www.hongkiat.com\/blog\/28-high-resolution-wood-textures-for-designers\/\" target=\"_blank\" rel=\"noopener\">Hongkiat.com<\/a> (lesene teksture, ve\u010dina jih ni brez\u0161ivnih)<\/td><\/tr><tr><td><img decoding=\"async\" width=\"12\" height=\"12\" data-src=\"https:\/\/test.sweethome3d.eu\/images\/star.gif\" alt=\"Zvezdica\" src=\"data:image\/svg+xml;base64,PHN2ZyB3aWR0aD0iMSIgaGVpZ2h0PSIxIiB4bWxucz0iaHR0cDovL3d3dy53My5vcmcvMjAwMC9zdmciPjwvc3ZnPg==\" class=\"lazyload\" style=\"--smush-placeholder-width: 12px; --smush-placeholder-aspect-ratio: 12\/12;\"><\/td><td><a href=\"https:\/\/webdesignledger.com\/freebies\/40-beautiful-patterns-and-textures-for-ornate-backgrounds\" target=\"_blank\" rel=\"noopener\">WDL<\/a> (teksture vzorcev sten)<\/td><\/tr><\/tbody><\/table><\/figure>\n\n<p>Za prekrivanje povr\u0161ine s teksturo, ki se ponavlja kot vzorec stene, raje izberi brez\u0161ivno teksturo.<\/p>\n\n<p>Da se izogne\u0161 zmanj\u0161anju zmogljivosti Sweet Home 3D, ne uva\u017eaj slik z visoko lo\u010dljivostjo (obi\u010dajno slike 256&#215;256 slikovnih pik \u017ee dajejo dobre rezultate). \u010ce mora\u0161 zmanj\u0161ati lo\u010dljivost slike, raje izberi bolj\u0161o kakovost JPEG kot ve\u010djo lo\u010dljivost. <\/p>\n\n<p>Upo\u0161tevajte licenco za teksture, ki jih lahko <a href=\"https:\/\/test.sweethome3d.eu\/sl\/prenos\/\" data-type=\"link\" data-id=\"https:\/\/test.sweethome3d.eu\/download\/\">prenesete s<\/a> teh spletnih strani.<\/p>\n\n<div style=\"height:30px\" aria-hidden=\"true\" class=\"wp-block-spacer\"><\/div>\n\n<p><\/p>\n","protected":false},"excerpt":{"rendered":"<p>Ta stran navaja nekaj virov brezpla\u010dnih slik tekstur, ki jih lahko uvozi\u0161 v Sweet Home 3D.<\/p>\n","protected":false},"author":4,"featured_media":2909,"parent":0,"menu_order":0,"comment_status":"closed","ping_status":"closed","template":"page-resources.php","meta":{"inline_featured_image":false,"footnotes":""},"class_list":["post-2910","page","type-page","status-publish","has-post-thumbnail","hentry"],"_links":{"self":[{"href":"https:\/\/test.sweethome3d.eu\/sl\/wp-json\/wp\/v2\/pages\/2910","targetHints":{"allow":["GET"]}}],"collection":[{"href":"https:\/\/test.sweethome3d.eu\/sl\/wp-json\/wp\/v2\/pages"}],"about":[{"href":"https:\/\/test.sweethome3d.eu\/sl\/wp-json\/wp\/v2\/types\/page"}],"author":[{"embeddable":true,"href":"https:\/\/test.sweethome3d.eu\/sl\/wp-json\/wp\/v2\/users\/4"}],"replies":[{"embeddable":true,"href":"https:\/\/test.sweethome3d.eu\/sl\/wp-json\/wp\/v2\/comments?post=2910"}],"version-history":[{"count":6,"href":"https:\/\/test.sweethome3d.eu\/sl\/wp-json\/wp\/v2\/pages\/2910\/revisions"}],"predecessor-version":[{"id":26691,"href":"https:\/\/test.sweethome3d.eu\/sl\/wp-json\/wp\/v2\/pages\/2910\/revisions\/26691"}],"wp:featuredmedia":[{"embeddable":true,"href":"https:\/\/test.sweethome3d.eu\/sl\/wp-json\/wp\/v2\/media\/2909"}],"wp:attachment":[{"href":"https:\/\/test.sweethome3d.eu\/sl\/wp-json\/wp\/v2\/media?parent=2910"}],"curies":[{"name":"wp","href":"https:\/\/api.w.org\/{rel}","templated":true}]}}