{"id":3038,"date":"2025-09-18T11:52:32","date_gmt":"2025-09-18T11:52:32","guid":{"rendered":"https:\/\/test.sweethome3d.eu\/dokumentation\/"},"modified":"2026-01-26T10:25:51","modified_gmt":"2026-01-26T10:25:51","slug":"dokumentation","status":"publish","type":"page","link":"https:\/\/test.sweethome3d.eu\/sv\/dokumentation\/","title":{"rendered":"Dokumentation"},"content":{"rendered":"\n<h2 class=\"wp-block-heading\">Anv\u00e4ndarguider<\/h2>\n\n<p><a href=\"https:\/\/test.sweethome3d.eu\/sv\/ladda-ner\/\" data-type=\"page\" data-id=\"396\">Sweet Home 3D<\/a>:s anv\u00e4ndarguide finns tillg\u00e4nglig p\u00e5 <a href=\"https:\/\/test.sweethome3d.eu\/sv\/anvandarhandbok-for-sweet-home-3d\/\" data-type=\"page\" data-id=\"424\">den h\u00e4r sidan<\/a>, och listan \u00f6ver genv\u00e4gar i <a href=\"\/storage\/SweetHome3DShortcuts.pdf\">det h\u00e4r dokumentet<\/a> (PDF).<\/p>\n\n<p><a href=\"https:\/\/test.sweethome3d.eu\/sv\/ladda-ner\/\" data-type=\"page\" data-id=\"396\">Sweet Home 3D<\/a> tillhandah\u00e5ller ocks\u00e5 en regelbundet uppdaterad <a href=\"https:\/\/test.sweethome3d.eu\/sv\/vanliga-fragor\/\" data-type=\"page\" data-id=\"422\">FAQ<\/a> och en fullst\u00e4ndig hj\u00e4lp som \u00e4r tillg\u00e4nglig fr\u00e5n menyalternativet <em>Hj\u00e4lp &gt; Sweet Home 3D Hj\u00e4lp<\/em>.<\/p>\n\n<div class=\"wp-block-group is-content-justification-center is-nowrap is-layout-flex wp-container-core-group-is-layout-94bc23d7 wp-block-group-is-layout-flex\">\n<figure data-wp-context=\"{&quot;imageId&quot;:&quot;69e118eecb736&quot;}\" data-wp-interactive=\"core\/image\" data-wp-key=\"69e118eecb736\" class=\"wp-block-image size-large wp-lightbox-container\"><img decoding=\"async\" width=\"1024\" height=\"696\" data-wp-class--hide=\"state.isContentHidden\" data-wp-class--show=\"state.isContentVisible\" data-wp-init=\"callbacks.setButtonStyles\" data-wp-on--click=\"actions.showLightbox\" data-wp-on--load=\"callbacks.setButtonStyles\" data-wp-on-window--resize=\"callbacks.setButtonStyles\" data-src=\"https:\/\/test.sweethome3d.eu\/wp-content\/uploads\/2025\/11\/IMG-1024x696.png\" alt=\"Dokumentation\" class=\"wp-image-1567 lazyload\" data-srcset=\"https:\/\/test.sweethome3d.eu\/wp-content\/uploads\/2025\/11\/IMG-1024x696.png 1024w, https:\/\/test.sweethome3d.eu\/wp-content\/uploads\/2025\/11\/IMG-300x204.png 300w, https:\/\/test.sweethome3d.eu\/wp-content\/uploads\/2025\/11\/IMG-132x90.png 132w, https:\/\/test.sweethome3d.eu\/wp-content\/uploads\/2025\/11\/IMG-768x522.png 768w, https:\/\/test.sweethome3d.eu\/wp-content\/uploads\/2025\/11\/IMG-1536x1044.png 1536w, https:\/\/test.sweethome3d.eu\/wp-content\/uploads\/2025\/11\/IMG-2048x1392.png 2048w\" data-sizes=\"(max-width: 1024px) 100vw, 1024px\" src=\"data:image\/svg+xml;base64,PHN2ZyB3aWR0aD0iMSIgaGVpZ2h0PSIxIiB4bWxucz0iaHR0cDovL3d3dy53My5vcmcvMjAwMC9zdmciPjwvc3ZnPg==\" style=\"--smush-placeholder-width: 1024px; --smush-placeholder-aspect-ratio: 1024\/696;\" \/><button\n\t\t\tclass=\"lightbox-trigger\"\n\t\t\ttype=\"button\"\n\t\t\taria-haspopup=\"dialog\"\n\t\t\taria-label=\"F\u00f6rstora\"\n\t\t\tdata-wp-init=\"callbacks.initTriggerButton\"\n\t\t\tdata-wp-on--click=\"actions.showLightbox\"\n\t\t\tdata-wp-style--right=\"state.imageButtonRight\"\n\t\t\tdata-wp-style--top=\"state.imageButtonTop\"\n\t\t>\n\t\t\t<svg xmlns=\"http:\/\/www.w3.org\/2000\/svg\" width=\"12\" height=\"12\" fill=\"none\" viewBox=\"0 0 12 12\">\n\t\t\t\t<path fill=\"#fff\" d=\"M2 0a2 2 0 0 0-2 2v2h1.5V2a.5.5 0 0 1 .5-.5h2V0H2Zm2 10.5H2a.5.5 0 0 1-.5-.5V8H0v2a2 2 0 0 0 2 2h2v-1.5ZM8 12v-1.5h2a.5.5 0 0 0 .5-.5V8H12v2a2 2 0 0 1-2 2H8Zm2-12a2 2 0 0 1 2 2v2h-1.5V2a.5.5 0 0 0-.5-.5H8V0h2Z\" \/>\n\t\t\t<\/svg>\n\t\t<\/button><\/figure>\n<\/div>\n\n<p>Du kan ocks\u00e5 l\u00e4sa f\u00f6ljande guider skrivna av bidragsgivare:<\/p>\n\n<div class=\"wp-block-group is-nowrap is-layout-flex wp-container-core-group-is-layout-ad2f72ca wp-block-group-is-layout-flex\">\n<ul class=\"wp-block-list\">\n<li><a href=\"https:\/\/test.sweethome3d.eu\/wp-content\/uploads\/2025\/12\/personalizedTexturesGuide.pdf\" data-type=\"attachment\" data-id=\"4801\">Hur man skapar personliga texturer f\u00f6r Sweet Home 3D<\/a> (PDF) av Ouais, \u00f6versatt av Hans Dirkse<\/li>\n\n\n\n<li><a href=\"https:\/\/test.sweethome3d.eu\/wp-content\/uploads\/2025\/12\/multiLevelHouseGuide.pdf\" data-type=\"attachment\" data-id=\"4800\">Hur man skapar ett flerv\u00e5ningshus med Sweet Home 3D 3.3 eller tidigare versioner<\/a> (PDF) av Hans Dirkse<\/li>\n\n\n\n<li><a href=\"https:\/\/test.sweethome3d.eu\/wp-content\/uploads\/2025\/12\/pluginsUserGuide.pdf\" data-type=\"attachment\" data-id=\"4799\">Handledning f\u00f6r till\u00e4gg och ut\u00f6kningar<\/a> (PDF) av Hans Dirkse<\/li>\n\n\n\n<li><a href=\"https:\/\/test.sweethome3d.eu\/wp-content\/uploads\/2025\/12\/slopingCeilingGuide.pdf\" data-type=\"attachment\" data-id=\"4798\">Handledning f\u00f6r sluttande tak, takf\u00f6nster och mer<\/a> (PDF) av Hans Dirkse<\/li>\n\n\n\n<li><a href=\"https:\/\/test.sweethome3d.eu\/wp-content\/uploads\/2025\/12\/SVGPathMiniManualForSweetHome3D.pdf\" data-type=\"attachment\" data-id=\"4797\">Guide f\u00f6r SVG-banor och andra m\u00f6belegenskaper<\/a> (PDF) av OKH<\/li>\n\n\n\n<li><a href=\"https:\/\/test.sweethome3d.eu\/sv\/tips-och-tricks\/\" data-type=\"page\" data-id=\"426\">N\u00e5gra tips i Sweet Home 3D-bloggen<\/a><\/li>\n<\/ul>\n<\/div>\n\n<h2 class=\"wp-block-heading\" id=\"video-tutorials\">Videohandledningar<\/h2>\n\n<p>Se f\u00f6ljande videohandledning f\u00f6r att l\u00e4ra dig hur du anv\u00e4nder de grundl\u00e4ggande <a href=\"https:\/\/test.sweethome3d.eu\/sv\/sweet-home-3d-funktioner\/\" data-type=\"link\" data-id=\"https:\/\/test.sweethome3d.eu\/features\/\">funktionerna<\/a> i Sweet Home 3D p\u00e5 dator och mobil.<\/p>\n\n<h3 class=\"wp-block-heading\">Rita v\u00e4xter och v\u00e5ningar<\/h3>\n\n<div class=\"wp-block-group is-layout-grid wp-container-core-group-is-layout-20fa4e29 wp-block-group-is-layout-grid\">\n<figure class=\"wp-block-embed is-type-video is-provider-youtube wp-block-embed-youtube wp-embed-aspect-16-9 wp-has-aspect-ratio embed-responsive\"><div class=\"wp-block-embed__wrapper\">\n<iframe title=\"Sweet Home 3D Tutorial: Layer Control Walkthrough\" width=\"500\" height=\"281\" data-src=\"https:\/\/www.youtube.com\/embed\/7c5OMgbHFUs?feature=oembed\" frameborder=\"0\" allow=\"accelerometer; autoplay; clipboard-write; encrypted-media; gyroscope; picture-in-picture; web-share\" referrerpolicy=\"strict-origin-when-cross-origin\" allowfullscreen src=\"data:image\/svg+xml;base64,PHN2ZyB3aWR0aD0iMSIgaGVpZ2h0PSIxIiB4bWxucz0iaHR0cDovL3d3dy53My5vcmcvMjAwMC9zdmciPjwvc3ZnPg==\" class=\"lazyload\" data-load-mode=\"1\"><\/iframe>\n<\/div><\/figure>\n\n\n\n<figure class=\"wp-block-embed is-type-video is-provider-youtube wp-block-embed-youtube wp-embed-aspect-16-9 wp-has-aspect-ratio embed-responsive\"><div class=\"wp-block-embed__wrapper\">\n<iframe title=\"Sweet Home 3D Tutorial - 1 Minute to create a balcony\" width=\"500\" height=\"281\" data-src=\"https:\/\/www.youtube.com\/embed\/dByMK7ezL7U?feature=oembed\" frameborder=\"0\" allow=\"accelerometer; autoplay; clipboard-write; encrypted-media; gyroscope; picture-in-picture; web-share\" referrerpolicy=\"strict-origin-when-cross-origin\" allowfullscreen src=\"data:image\/svg+xml;base64,PHN2ZyB3aWR0aD0iMSIgaGVpZ2h0PSIxIiB4bWxucz0iaHR0cDovL3d3dy53My5vcmcvMjAwMC9zdmciPjwvc3ZnPg==\" class=\"lazyload\" data-load-mode=\"1\"><\/iframe>\n<\/div><\/figure>\n<\/div>\n\n<h3 class=\"wp-block-heading\">Infoga och anpassa m\u00f6bler<\/h3>\n\n<div class=\"wp-block-group is-layout-grid wp-container-core-group-is-layout-20fa4e29 wp-block-group-is-layout-grid\">\n<figure class=\"wp-block-embed is-type-video is-provider-youtube wp-block-embed-youtube embed-responsive wp-embed-aspect-16-9 wp-has-aspect-ratio\"><div class=\"wp-block-embed__wrapper\">\n<iframe title=\"Sweet Home 3D Tutorial - How to customize furniture\" width=\"500\" height=\"281\" data-src=\"https:\/\/www.youtube.com\/embed\/5Ni5zE4q5kk?feature=oembed\" frameborder=\"0\" allow=\"accelerometer; autoplay; clipboard-write; encrypted-media; gyroscope; picture-in-picture; web-share\" referrerpolicy=\"strict-origin-when-cross-origin\" allowfullscreen src=\"data:image\/svg+xml;base64,PHN2ZyB3aWR0aD0iMSIgaGVpZ2h0PSIxIiB4bWxucz0iaHR0cDovL3d3dy53My5vcmcvMjAwMC9zdmciPjwvc3ZnPg==\" class=\"lazyload\" data-load-mode=\"1\"><\/iframe>\n<\/div><\/figure>\n\n\n\n<figure class=\"wp-block-embed is-type-video is-provider-youtube wp-block-embed-youtube embed-responsive wp-embed-aspect-16-9 wp-has-aspect-ratio\"><div class=\"wp-block-embed__wrapper\">\n<iframe title=\"Sweet Home 3D Tutorial - How to create new furniture\" width=\"500\" height=\"281\" data-src=\"https:\/\/www.youtube.com\/embed\/Jtwp7jEVkKk?feature=oembed\" frameborder=\"0\" allow=\"accelerometer; autoplay; clipboard-write; encrypted-media; gyroscope; picture-in-picture; web-share\" referrerpolicy=\"strict-origin-when-cross-origin\" allowfullscreen src=\"data:image\/svg+xml;base64,PHN2ZyB3aWR0aD0iMSIgaGVpZ2h0PSIxIiB4bWxucz0iaHR0cDovL3d3dy53My5vcmcvMjAwMC9zdmciPjwvc3ZnPg==\" class=\"lazyload\" data-load-mode=\"1\"><\/iframe>\n<\/div><\/figure>\n\n\n\n<figure class=\"wp-block-embed is-type-video is-provider-youtube wp-block-embed-youtube embed-responsive wp-embed-aspect-16-9 wp-has-aspect-ratio\"><div class=\"wp-block-embed__wrapper\">\n<iframe title=\"Sweet Home 3D Tutorial - How to combine models together\" width=\"500\" height=\"281\" data-src=\"https:\/\/www.youtube.com\/embed\/CeQ8S6EVUEo?feature=oembed\" frameborder=\"0\" allow=\"accelerometer; autoplay; clipboard-write; encrypted-media; gyroscope; picture-in-picture; web-share\" referrerpolicy=\"strict-origin-when-cross-origin\" allowfullscreen src=\"data:image\/svg+xml;base64,PHN2ZyB3aWR0aD0iMSIgaGVpZ2h0PSIxIiB4bWxucz0iaHR0cDovL3d3dy53My5vcmcvMjAwMC9zdmciPjwvc3ZnPg==\" class=\"lazyload\" data-load-mode=\"1\"><\/iframe>\n<\/div><\/figure>\n\n\n\n<figure class=\"wp-block-embed is-type-video is-provider-youtube wp-block-embed-youtube embed-responsive wp-embed-aspect-16-9 wp-has-aspect-ratio\"><div class=\"wp-block-embed__wrapper\">\n<iframe title=\"Sweet Home 3D Tutorial - 1 Minute to create a mirror effect\" width=\"500\" height=\"281\" data-src=\"https:\/\/www.youtube.com\/embed\/cjjtDetuwLU?feature=oembed\" frameborder=\"0\" allow=\"accelerometer; autoplay; clipboard-write; encrypted-media; gyroscope; picture-in-picture; web-share\" referrerpolicy=\"strict-origin-when-cross-origin\" allowfullscreen src=\"data:image\/svg+xml;base64,PHN2ZyB3aWR0aD0iMSIgaGVpZ2h0PSIxIiB4bWxucz0iaHR0cDovL3d3dy53My5vcmcvMjAwMC9zdmciPjwvc3ZnPg==\" class=\"lazyload\" data-load-mode=\"1\"><\/iframe>\n<\/div><\/figure>\n<\/div>\n\n<h3 class=\"wp-block-heading\">Foto- och videorendering<\/h3>\n\n<div class=\"wp-block-group is-layout-grid wp-container-core-group-is-layout-20fa4e29 wp-block-group-is-layout-grid\">\n<figure class=\"wp-block-embed is-type-video is-provider-youtube wp-block-embed-youtube embed-responsive wp-embed-aspect-16-9 wp-has-aspect-ratio\"><div class=\"wp-block-embed__wrapper\">\n<iframe title=\"Sweet Home 3D Tutorial - How to create a video rendering\" width=\"500\" height=\"281\" data-src=\"https:\/\/www.youtube.com\/embed\/6QekWiUgNYs?feature=oembed\" frameborder=\"0\" allow=\"accelerometer; autoplay; clipboard-write; encrypted-media; gyroscope; picture-in-picture; web-share\" referrerpolicy=\"strict-origin-when-cross-origin\" allowfullscreen src=\"data:image\/svg+xml;base64,PHN2ZyB3aWR0aD0iMSIgaGVpZ2h0PSIxIiB4bWxucz0iaHR0cDovL3d3dy53My5vcmcvMjAwMC9zdmciPjwvc3ZnPg==\" class=\"lazyload\" data-load-mode=\"1\"><\/iframe>\n<\/div><\/figure>\n\n\n\n<figure class=\"wp-block-embed is-type-video is-provider-youtube wp-block-embed-youtube embed-responsive wp-embed-aspect-16-9 wp-has-aspect-ratio\"><div class=\"wp-block-embed__wrapper\">\n<iframe title=\"Sweet Home 3D - House with terrace video tour\" width=\"500\" height=\"281\" data-src=\"https:\/\/www.youtube.com\/embed\/wTnmSzyTvIs?feature=oembed\" frameborder=\"0\" allow=\"accelerometer; autoplay; clipboard-write; encrypted-media; gyroscope; picture-in-picture; web-share\" referrerpolicy=\"strict-origin-when-cross-origin\" allowfullscreen src=\"data:image\/svg+xml;base64,PHN2ZyB3aWR0aD0iMSIgaGVpZ2h0PSIxIiB4bWxucz0iaHR0cDovL3d3dy53My5vcmcvMjAwMC9zdmciPjwvc3ZnPg==\" class=\"lazyload\" data-load-mode=\"1\"><\/iframe>\n<\/div><\/figure>\n<\/div>\n\n<h3 class=\"wp-block-heading\">3D-vy<\/h3>\n\n<div class=\"wp-block-group is-layout-grid wp-container-core-group-is-layout-20fa4e29 wp-block-group-is-layout-grid\">\n<figure class=\"wp-block-embed is-type-video is-provider-youtube wp-block-embed-youtube embed-responsive wp-embed-aspect-16-9 wp-has-aspect-ratio\"><div class=\"wp-block-embed__wrapper\">\n<iframe title=\"Sweet Home 3D Tutorial - How to create a side view with dimensions\" width=\"500\" height=\"281\" data-src=\"https:\/\/www.youtube.com\/embed\/_GtLWS-fn2s?feature=oembed\" frameborder=\"0\" allow=\"accelerometer; autoplay; clipboard-write; encrypted-media; gyroscope; picture-in-picture; web-share\" referrerpolicy=\"strict-origin-when-cross-origin\" allowfullscreen src=\"data:image\/svg+xml;base64,PHN2ZyB3aWR0aD0iMSIgaGVpZ2h0PSIxIiB4bWxucz0iaHR0cDovL3d3dy53My5vcmcvMjAwMC9zdmciPjwvc3ZnPg==\" class=\"lazyload\" data-load-mode=\"1\"><\/iframe>\n<\/div><\/figure>\n<\/div>\n\n<h3 class=\"wp-block-heading\">Sweet Home 3D Mobile<\/h3>\n\n<div class=\"wp-block-group is-layout-grid wp-container-core-group-is-layout-20fa4e29 wp-block-group-is-layout-grid\">\n<figure class=\"wp-block-embed is-type-video is-provider-youtube wp-block-embed-youtube embed-responsive wp-embed-aspect-16-9 wp-has-aspect-ratio\"><div class=\"wp-block-embed__wrapper\">\n<iframe title=\"Sweet Home 3D Tutorial for mobile version\" width=\"500\" height=\"281\" data-src=\"https:\/\/www.youtube.com\/embed\/kXd1S2xpaQk?feature=oembed\" frameborder=\"0\" allow=\"accelerometer; autoplay; clipboard-write; encrypted-media; gyroscope; picture-in-picture; web-share\" referrerpolicy=\"strict-origin-when-cross-origin\" allowfullscreen src=\"data:image\/svg+xml;base64,PHN2ZyB3aWR0aD0iMSIgaGVpZ2h0PSIxIiB4bWxucz0iaHR0cDovL3d3dy53My5vcmcvMjAwMC9zdmciPjwvc3ZnPg==\" class=\"lazyload\" data-load-mode=\"1\"><\/iframe>\n<\/div><\/figure>\n<\/div>\n\n<p>Bes\u00f6k ocks\u00e5 <a href=\"https:\/\/www.youtube.com\/SweetHome3D\" target=\"_blank\" rel=\"noopener\">Sweet Home 3D YouTube-kanal<\/a> f\u00f6r fler handledningar och l\u00e4s artikeln i bloggen om de <a href=\"\/blog\/2016\/11\/29\/best_video_tutorials_about_sweet_home_3d.html\">b\u00e4sta videohandledningarna<\/a>.<\/p>\n\n<h2 class=\"wp-block-heading\" id=\"developers-guides\">Utvecklarguider<\/h2>\n\n<p>Om du vill programmera ett <a href=\"https:\/\/test.sweethome3d.eu\/sv\/insticksmoduler-och-verktyg\/\" data-type=\"page\" data-id=\"437\">till\u00e4gg<\/a> f\u00f6r <a href=\"https:\/\/test.sweethome3d.eu\/sv\/ladda-ner\/\" data-type=\"page\" data-id=\"396\">Sweet Home 3D<\/a>, l\u00e4s f\u00f6rst <a href=\"https:\/\/test.sweethome3d.eu\/sv\/plug-in-utvecklarguide\/\" data-type=\"page\" data-id=\"4964\">till\u00e4ggutvecklarens guide<\/a>.<\/p>\n\n<p>Om du letar efter information om arkitekturen f\u00f6r <a href=\"https:\/\/test.sweethome3d.eu\/sv\/ladda-ner\/\" data-type=\"page\" data-id=\"396\">Sweet Home 3D<\/a> kan du l\u00e4sa:<\/p>\n\n<div class=\"wp-block-group is-nowrap is-layout-flex wp-container-core-group-is-layout-ad2f72ca wp-block-group-is-layout-flex\">\n<ul class=\"wp-block-list\">\n<li>dess API genererat med javadoc, tillg\u00e4ngligt <a href=\"\/javadoc\/index.html\">online<\/a> eller <a href=\"https:\/\/sourceforge.net\/projects\/sweethome3d\/files\/SweetHome3D-source\/SweetHome3D-7.5-src\/SweetHome3D-7.5-javadoc.zip\/download\" target=\"_blank\" rel=\"noopener\">f\u00f6r nedladdning<\/a>,<\/li>\n\n\n\n<li><a href=\"https:\/\/test.sweethome3d.eu\/sv\/plug-in-utvecklarguide\/\" data-type=\"page\" data-id=\"4964\">den sista delen av till\u00e4ggutvecklarens guide<\/a> som ger n\u00e5gra detaljer om klasserna i Sweet Home 3D <a href=\"\/javadoc\/com\/eteks\/sweethome3d\/model\/package-summary.html\">modell<\/a>,<\/li>\n\n\n\n<li>den franska boken <a href=\"https:\/\/www.eteks.com\/services\/cahierswing.html\" target=\"_blank\" rel=\"noopener\">Les cahiers du programmeur Swing<\/a>, skriven av Emmanuel Puybaret och publicerad av Editions Eyrolles i december 2006, d\u00e4r <a href=\"\/v0.10\/SweetHome3D.jnlp\">Sweet Home 3D version 0.10<\/a> \u00e4r studiefallet.<\/li>\n<\/ul>\n<\/div>\n\n<p>Om du vill \u00f6vers\u00e4tta <a href=\"https:\/\/test.sweethome3d.eu\/sv\/ladda-ner\/\" data-type=\"page\" data-id=\"396\">Sweet Home 3D<\/a> till ditt spr\u00e5k, l\u00e4s <a href=\"https:\/\/test.sweethome3d.eu\/sv\/oversattningsguide\/\" data-type=\"page\" data-id=\"5142\">\u00f6vers\u00e4ttningsguiden<\/a>.<\/p>\n\n<h2 class=\"wp-block-heading\" id=\"reviews-and-awards\">Recensioner och utm\u00e4rkelser<\/h2>\n\n<p>N\u00e5gra recensioner p\u00e5 webben:<\/p>\n\n<div class=\"wp-block-group is-nowrap is-layout-flex wp-container-core-group-is-layout-ad2f72ca wp-block-group-is-layout-flex\">\n<ul class=\"wp-block-list\">\n<li><a href=\"https:\/\/www.softpedia.com\/reviews\/windows\/Sweet-Home-3D--Review-77686.shtml\" target=\"_blank\" rel=\"noopener\">You Can Easily Become an Interior Designer!<\/a> och <a href=\"https:\/\/mac.softpedia.com\/get\/Graphics\/Sweet-Home-3D.shtml\" target=\"_blank\" rel=\"noopener\">Sweet Home 3D for Mac Review<\/a> p\u00e5 <a href=\"https:\/\/www.softpedia.com\/\" target=\"_blank\" rel=\"noopener\">Softpedia<\/a><\/li>\n\n\n\n<li><a href=\"https:\/\/www.linux.com\/news\/sweet-home-3d-simple-interior-design\/\" target=\"_blank\" rel=\"noopener\">Sweet Home 3D: simple interior design<\/a> p\u00e5 <a href=\"https:\/\/www.linux.com\/\" target=\"_blank\" rel=\"noopener\">linux.com<\/a><\/li>\n\n\n\n<li><a href=\"https:\/\/www.brighthub.com\/computing\/mac-platform\/reviews\/33256.aspx\" target=\"_blank\" rel=\"noopener\">Sweet Home 3D Review<\/a> p\u00e5 <a href=\"https:\/\/www.brighthub.com\/\" target=\"_blank\" rel=\"noopener\">Bright hub<\/a><\/li>\n\n\n\n<li><a href=\"https:\/\/linuxlock.blogspot.com\/2011\/01\/of-software-and-soffits.html\" target=\"_blank\" rel=\"noopener\">Of Software and Soffits<\/a> p\u00e5 <a href=\"https:\/\/linuxlock.blogspot.com\/\" target=\"_blank\" rel=\"noopener\">The Blog of Helios<\/a><\/li>\n\n\n\n<li><a href=\"https:\/\/www.becoming-home.com\/2008\/04\/03\/its-better-than-moving-furniture\/\" target=\"_blank\" rel=\"noopener\">It&#8217;s Better than Moving Furniture<\/a> p\u00e5 <a href=\"https:\/\/www.becoming-home.com\/\" target=\"_blank\" rel=\"noopener\">Becoming Home<\/a><\/li>\n\n\n\n<li><a href=\"https:\/\/www.g2.com\/\" target=\"_blank\" rel=\"noopener\">The rise of an amateur architect<\/a> p\u00e5 <a href=\"https:\/\/ragnvald.medium.com\/\" target=\"_blank\" rel=\"noopener\">Ragnvald Larsen blog<\/a><\/li>\n\n\n\n<li><a href=\"https:\/\/svedic.org\/personal\/free-interior-design-with-sweet-home-3d-and-sketchup\" target=\"_blank\" rel=\"noopener\">Free Interior Design With Sweet Home 3D and SketchUp<\/a> p\u00e5 <a href=\"https:\/\/svedic.org\/\" target=\"_blank\" rel=\"noopener\">Svedic blog<\/a><\/li>\n\n\n\n<li><a href=\"https:\/\/3djunkfair.blogspot.co.at\/\" target=\"_blank\" rel=\"noopener\">My 3D Junk Fair<\/a> en blogg d\u00e4r Leonhard Grugl delar sina fynd av Sweet Home 3D<\/li>\n\n\n\n<li><a href=\"https:\/\/listoffreeware.com\/best-free-3d-floor-plan-software-windows\/\" target=\"_blank\" rel=\"noopener\">5 Best Free 3D Floor Plan Software For Windows<\/a> p\u00e5 <a href=\"https:\/\/listoffreeware.com\/\" target=\"_blank\" rel=\"noopener\">List of freeware<\/a><\/li>\n\n\n\n<li><a href=\"https:\/\/sourceforge.net\/projects\/sweethome3d\/reviews\/\" target=\"_blank\" rel=\"noopener\">Anv\u00e4ndarrecensioner<\/a> p\u00e5 <a href=\"https:\/\/sourceforge.net\/\" target=\"_blank\" rel=\"noopener\">SourceForge.net<\/a><\/li>\n<\/ul>\n<\/div>\n\n<p>Recensioner i pressen:<\/p>\n\n<div class=\"wp-block-group is-nowrap is-layout-flex wp-container-core-group-is-layout-ad2f72ca wp-block-group-is-layout-flex\">\n<ul class=\"wp-block-list\">\n<li><a href=\"https:\/\/www.linuxpromagazine.com\/issues\/2008\/95\/projects_on_the_move\" target=\"_blank\" rel=\"noopener\">Projects on the move<\/a>, i nummer <a href=\"https:\/\/www.linuxpromagazine.com\/issues\/2008\/95\" target=\"_blank\" rel=\"noopener\">#95 av Linux Pro Magazine<\/a> (oktober 2008)<\/li>\n<\/ul>\n<\/div>\n","protected":false},"excerpt":{"rendered":"<p>Den h\u00e4r sidan beskriver dokumentation som f\u00f6r n\u00e4rvarande finns tillg\u00e4nglig f\u00f6r Sweet Home 3D.<\/p>\n","protected":false},"author":4,"featured_media":3036,"parent":0,"menu_order":0,"comment_status":"closed","ping_status":"closed","template":"page-resources.php","meta":{"inline_featured_image":false,"footnotes":""},"class_list":["post-3038","page","type-page","status-publish","has-post-thumbnail","hentry"],"_links":{"self":[{"href":"https:\/\/test.sweethome3d.eu\/sv\/wp-json\/wp\/v2\/pages\/3038","targetHints":{"allow":["GET"]}}],"collection":[{"href":"https:\/\/test.sweethome3d.eu\/sv\/wp-json\/wp\/v2\/pages"}],"about":[{"href":"https:\/\/test.sweethome3d.eu\/sv\/wp-json\/wp\/v2\/types\/page"}],"author":[{"embeddable":true,"href":"https:\/\/test.sweethome3d.eu\/sv\/wp-json\/wp\/v2\/users\/4"}],"replies":[{"embeddable":true,"href":"https:\/\/test.sweethome3d.eu\/sv\/wp-json\/wp\/v2\/comments?post=3038"}],"version-history":[{"count":15,"href":"https:\/\/test.sweethome3d.eu\/sv\/wp-json\/wp\/v2\/pages\/3038\/revisions"}],"predecessor-version":[{"id":16585,"href":"https:\/\/test.sweethome3d.eu\/sv\/wp-json\/wp\/v2\/pages\/3038\/revisions\/16585"}],"wp:featuredmedia":[{"embeddable":true,"href":"https:\/\/test.sweethome3d.eu\/sv\/wp-json\/wp\/v2\/media\/3036"}],"wp:attachment":[{"href":"https:\/\/test.sweethome3d.eu\/sv\/wp-json\/wp\/v2\/media?parent=3038"}],"curies":[{"name":"wp","href":"https:\/\/api.w.org\/{rel}","templated":true}]}}