{"id":2789,"date":"2025-09-18T11:56:45","date_gmt":"2025-09-18T11:56:45","guid":{"rendered":"https:\/\/test.sweethome3d.eu\/ban-dich\/"},"modified":"2025-12-16T10:59:05","modified_gmt":"2025-12-16T10:59:05","slug":"ban-dich","status":"publish","type":"page","link":"https:\/\/test.sweethome3d.eu\/vi\/ban-dich\/","title":{"rendered":"B\u1ea3n d\u1ecbch"},"content":{"rendered":"\n<h2 class=\"wp-block-heading\">Sweet home 3D c\u00f3 s\u1eb5n trong 29 ng\u00f4n ng\u1eef kh\u00e1c nhau.<\/h2>\n\n<h3 class=\"wp-block-heading\">C\u00e1c b\u1ea3n d\u1ecbch c\u00f3 trong Sweet home 3D<\/h3>\n\n<p>C\u00e1c b\u1ea3n d\u1ecbch sau \u0111\u00e2y \u0111\u01b0\u1ee3c t\u00edch h\u1ee3p tr\u1ef1c ti\u1ebfp trong <a href=\"https:\/\/test.sweethome3d.eu\/vi\/download\/\" data-type=\"page\" data-id=\"396\">Sweet Home 3D<\/a> khi b\u1ea1n <a href=\"https:\/\/test.sweethome3d.eu\/vi\/cau-hoi-thuong-gap\/\" data-type=\"page\" data-id=\"422\">c\u00e0i \u0111\u1eb7t n\u00f3<\/a>, v\u00e0 \u0111\u01b0\u1ee3c c\u1eadp nh\u1eadt khi c\u00f3 th\u00eam t\u00ednh n\u0103ng m\u1edbi trong \u1ee9ng d\u1ee5ng.<\/p>\n\n<figure class=\"wp-block-flexible-table-block-table is-content-justification-center\"><table class=\"has-fixed-layout\" style=\"width:100%;max-width:1600px\"><thead><tr><th style=\"text-align:center;width:25%\">Ng\u00f4n ng\u1eef<\/th><th style=\"text-align:center\">Phi\u00ean b\u1ea3n giao di\u1ec7n ng\u01b0\u1eddi d\u00f9ng<\/th><th style=\"text-align:center\">Phi\u00ean b\u1ea3n tr\u1ee3 gi\u00fap<\/th><th style=\"width:50%;text-align:center\">Ng\u01b0\u1eddi d\u1ecbch<\/th><\/tr><\/thead><tbody><tr><td class=\"[&amp;&gt;\">img]:-mb-1&#8243; &gt;\ud83c\uddfa\ud83c\uddf8 <a href=\"\/\" data-type=\"page\" data-id=\"286\">Ti\u1ebfng Anh<\/a><\/td><td style=\"text-align:center\">\n          <a href=\"https:\/\/test.sweethome3d.eu\/vi\/download\/\" data-type=\"page\" data-id=\"396\">7.5<\/a>\n        <\/td><td style=\"text-align:center\">7.5<\/td><td>Emmanuel Puybaret, Pencilart<\/td><\/tr><tr><td class=\"[&amp;&gt;\">img]:-mb-1&#8243; &gt;\ud83c\uddeb\ud83c\uddf7 <a href=\"\/fr\">Ti\u1ebfng Ph\u00e1p<\/a><\/td><td style=\"text-align:center\">\n          <a href=\"https:\/\/test.sweethome3d.eu\/vi\/download\/\" data-type=\"page\" data-id=\"396\">7.5<\/a>\n        <\/td><td style=\"text-align:center\">7.5<\/td><td>Emmanuel Puybaret<\/td><\/tr><tr><td class=\"[&amp;&gt;\">img]:-mb-1&#8243; &gt;\ud83c\uddf5\ud83c\uddf9 <a href=\"\/pt\">Ti\u1ebfng B\u1ed3 \u0110\u00e0o Nha<\/a>        <\/td><td style=\"text-align:center\">\n          <a href=\"https:\/\/test.sweethome3d.eu\/vi\/download\/\" data-type=\"page\" data-id=\"396\">7.5<\/a>\n        <\/td><td style=\"text-align:center\">5.7<\/td><td>Pedro Albuquerque<\/td><\/tr><tr><td class=\"[&amp;&gt;\">img]:-mb-1&#8243; &gt;\ud83c\udde7\ud83c\uddf7 <a href=\"\/pt\">Ti\u1ebfng B\u1ed3 \u0110\u00e0o Nha (Brazil)<\/a>        <\/td><td style=\"text-align:center\">\n          <a href=\"https:\/\/test.sweethome3d.eu\/vi\/download\/\" data-type=\"page\" data-id=\"396\">7.5<\/a>\n        <\/td><td style=\"text-align:center\">~4.6<\/td><td>\n Roberto Rocha, Lucas Klink, Lucas Germano, Carlos Segura, Adolfino\n Neto\n        <\/td> <\/tr><tr><td class=\"[&amp;&gt;\">img]:-mb-1&#8243; &gt;\ud83c\uddea\ud83c\uddf8 <a href=\"\/es\">Ti\u1ebfng T\u00e2y Ban Nha<\/a>        <\/td><td style=\"text-align:center\">\n          <a href=\"https:\/\/test.sweethome3d.eu\/vi\/download\/\" data-type=\"page\" data-id=\"396\">7.5<\/a>\n        <\/td><td style=\"text-align:center\">4.6<\/td><td>Pablo Mayordomo, Paco, Carlos Folch<\/td><\/tr><tr><td class=\"[&amp;&gt;\">img]:-mb-1&#8243; &gt;\ud83c\uddee\ud83c\uddf9 <a href=\"\/it\">Ti\u1ebfng \u00dd<\/a>  <\/td><td style=\"text-align:center\">\n          <a href=\"https:\/\/test.sweethome3d.eu\/vi\/download\/\" data-type=\"page\" data-id=\"396\">7.5<\/a>\n        <\/td><td style=\"text-align:center\">~7.1<\/td><td>\n Simone Bufalino, Rosella Mariotti, Psycheye, ConsiEdilizia, Alberto\n Della Salandra, Antonio Guadagnino, Antonio Latronico, Adelina\n Doncheva, Vincenzo Reale\n        <\/td> <\/tr><tr><td class=\"[&amp;&gt;\">img]:-mb-1&#8243; &gt;\ud83c\udde9\ud83c\uddea<a href=\"\/de\">Ti\u1ebfng \u0110\u1ee9c<\/a>   <\/td><td style=\"text-align:center\">\n          <a href=\"https:\/\/test.sweethome3d.eu\/vi\/download\/\" data-type=\"page\" data-id=\"396\">7.5<\/a>\n        <\/td><td style=\"text-align:center\">7.5<\/td><td>\n Sebastian Breuer, Thomas Zimmermann, Andreas Kirsch, Florian Haag,\n Luzia Taschler, Pascal Eberhard, Waldemar Hersacher\n        <\/td> <\/tr><tr><td class=\"[&amp;&gt;\">img]:-mb-1&#8243; &gt; \ud83c\uddf3\ud83c\uddf1 <a href=\"\/nl\">Ti\u1ebfng H\u00e0 Lan<\/a> <\/td><td style=\"text-align:center\">\n          <a href=\"https:\/\/test.sweethome3d.eu\/vi\/download\/\" data-type=\"page\" data-id=\"396\">7.5<\/a>\n        <\/td><td style=\"text-align:center\">4.6<\/td><td>Gerwin Harmsen, Rob van den Berg, FDpaffie<\/td><\/tr><tr><td class=\"[&amp;&gt;\">img]:-mb-1&#8243; &gt;\ud83c\uddf8\ud83c\uddea <a href=\"\/sv\">Ti\u1ebfng Th\u1ee5y \u0110i\u1ec3n<\/a>        <\/td><td style=\"text-align:center\">\n          <a href=\"https:\/\/test.sweethome3d.eu\/vi\/download\/\" data-type=\"page\" data-id=\"396\">7.5<\/a>\n        <\/td><td style=\"text-align:center\">5.7<\/td><td>Martin Karlsson<\/td><\/tr><tr> <td class=\"[&amp;&gt;\">img]:-mb-1&#8243; &gt; \ud83c\udde8\ud83c\uddff <a href=\"\/cs\">Ti\u1ebfng S\u00e9c<\/a><\/td><td style=\"text-align:center\">\n          <a href=\"https:\/\/test.sweethome3d.eu\/vi\/download\/\" data-type=\"page\" data-id=\"396\">7.5<\/a>\n        <\/td><td style=\"text-align:center\">1.2<\/td><td>\u0160tefan Nov\u00e1k, Roman Pol\u00e1\u0161ek, Ondrej Dolejsi, Pavel Barbo\u0159\u00edk<\/td><\/tr><tr><td class=\"[&amp;&gt;\">img]:-mb-1&#8243; &gt;\ud83c\uddf5\ud83c\uddf1 <a href=\"\/pl\">Ti\u1ebfng Ba Lan<\/a><\/td><td style=\"text-align:center\">\n          <a href=\"https:\/\/test.sweethome3d.eu\/vi\/download\/\" data-type=\"page\" data-id=\"396\">7.5<\/a>\n        <\/td><td style=\"text-align:center\">1.2<\/td><td>\n Szymon \u017byci\u0144ski, Paw\u0142a Antkowiaka, Pawel &#8220;Bizkit&#8221; Popanda, Szymon\n Chojnacki, ghr424, Mi\u0142osz Sieradzki\n        <\/td> <\/tr><tr><td class=\"[&amp;&gt;\">img]:-mb-1&#8243; &gt;<em>\ud83c\udde7\ud83c\uddec<\/em> <a href=\"\/bg\">Ti\u1ebfng Hungary<\/a>       <\/td><td style=\"text-align:center\">\n          <a href=\"https:\/\/test.sweethome3d.eu\/vi\/download\/\" data-type=\"page\" data-id=\"396\">7.5<\/a>\n        <\/td><td style=\"text-align:center\">4.6<\/td><td>Viktor Mikl\u00f3si, Szita Bal\u00e1zs<\/td><\/tr><tr><td class=\"[&amp;&gt;\">img]:-mb-1&#8243; &gt;<em>\ud83c\uddec\ud83c\uddf7<\/em> <a href=\"\/el\">Ti\u1ebfng Hy L\u1ea1p<\/a><\/td><td style=\"text-align:center\">\n          <a href=\"https:\/\/test.sweethome3d.eu\/vi\/download\/\" data-type=\"page\" data-id=\"396\">7.5<\/a>\n        <\/td><td style=\"text-align:center\">1.8<\/td><td>\u0388\u03bb\u03bb\u03b7 \u039d\u03b9\u03ba\u03bf\u03bb\u03ac\u03bf\u03c5, \u0397\u03bb\u03af\u03b1 \u03a4\u03c3\u03b9\u03ac\u03bd\u03c4\u03b1<\/td><\/tr><tr><td class=\"[&amp;&gt;\">img]:-mb-1&#8243; &gt;\ud83c\udded\ud83c\uddfa <a href=\"\/hu\">Ti\u1ebfng Bulgaria<\/a><\/td><td style=\"text-align:center\">\n          <a href=\"https:\/\/test.sweethome3d.eu\/vi\/download\/\" data-type=\"page\" data-id=\"396\">7.5<\/a>\n        <\/td><td style=\"text-align:center\">4.6<\/td><td>\u0412\u0430\u043b\u0435\u043d\u0442\u0438\u043d \u041b\u0430\u0441\u043a\u043e\u0432<\/td><\/tr><tr><td class=\"[&amp;&gt;\">img]:-mb-1&#8243; &gt;\ud83c\uddf7\ud83c\uddfa <a href=\"\/ru\">Ti\u1ebfng Nga<\/a><\/td><td style=\"text-align:center\">\n          <a href=\"https:\/\/test.sweethome3d.eu\/vi\/download\/\" data-type=\"page\" data-id=\"396\">7.5<\/a>\n        <\/td><td style=\"text-align:center\">4.6<\/td><td>\n \u0411\u0430\u0441\u0438\u043c\u043e\u0432 \u0418\u043b\u044c\u0433\u0438\u0437, \u0412\u0430\u043b\u0435\u043d\u0442\u0438\u043d \u041a\u0430\u0437\u0438\u043c\u0438\u0440\u043e\u0432, \u041e\u043b\u044c\u0433\u0435, \u042e\u0440\u0438\u044f \u0421\u043c\u0438\u0440\u043d\u043e\u0432\u0430, \u0410\u043d\u0434\u0440\u0435\u0439\n \u041f\u0440\u0438\u0449\u0435\u043d\u043a\u043e, \u041a\u0443\u043d\u0430\u043a\u043e\u0432 \u0410\u043d\u0442\u043e\u043d \u042e\u0440\u044c\u0435\u0432\u0438\u0447, \u0410\u043d\u0434\u0440\u0435\u0439 \u0421\u0443\u0440\u0436\u0438\u043a\u043e\u0432, \u041d\u0438\u043a\u043e\u043b\u0430\u0439 \u041b\u043e\u043c\u0430\u0441\u043e\u0432,\n \u0414\u0430\u043d\u0438\u043b \u041e\u0441\u0438\u043f\u043e\u0432\n        <\/td> <\/tr><tr><td class=\"[&amp;&gt;\">img]:-mb-1&#8243; &gt;\ud83c\uddfb\ud83c\uddf3 <a href=\"\/vi\">Ti\u1ebfng Vi\u1ec7t<\/a><\/td><td style=\"text-align:center\">\n          <a href=\"https:\/\/test.sweethome3d.eu\/vi\/download\/\" data-type=\"page\" data-id=\"396\">7.5<\/a>\n        <\/td><td style=\"text-align:center\">&#8211;<\/td><td>Tu\u1ea5n Ph\u00f9ng<\/td><\/tr><tr><td class=\"[&amp;&gt;\">img]:-mb-1&#8243; &gt;\ud83c\udde8\ud83c\uddf3 <a href=\"https:\/\/test.sweethome3d.eu\/zh-cn\">Ti\u1ebfng Trung (Trung Qu\u1ed1c)<\/a><\/td><td style=\"text-align:center\">\n          <a href=\"https:\/\/test.sweethome3d.eu\/vi\/download\/\" data-type=\"page\" data-id=\"396\">7.5<\/a>\n        <\/td><td style=\"text-align:center\">5.7<\/td><td>\u8d75\u65af\u806a, \u65b9\u5219\u8605, \u674e\u65b0\u5ee0, YGYL<\/td><\/tr><tr><td class=\"[&amp;&gt;\">img]:-mb-1&#8243; &gt;\ud83c\uddf9\ud83c\uddfc <a href=\"https:\/\/test.sweethome3d.eu\/zh-tw\">Ti\u1ebfng Trung (\u0110\u00e0i Loan)<\/a><\/td><td style=\"text-align:center\">\n          <a href=\"https:\/\/test.sweethome3d.eu\/vi\/download\/\" data-type=\"page\" data-id=\"396\">7.5<\/a>\n        <\/td><td style=\"text-align:center\">5.7<\/td><td>\u674e\u65b0\u5ee0, YGYL<\/td><\/tr><tr><td class=\"[&amp;&gt;\">img]:-mb-1&#8243; &gt;\ud83c\uddef\ud83c\uddf5 <a href=\"\/ja\">Ti\u1ebfng Nh\u1eadt<\/a><\/td><td style=\"text-align:center\">\n          <a href=\"https:\/\/test.sweethome3d.eu\/vi\/download\/\" data-type=\"page\" data-id=\"396\">7.5<\/a>\n        <\/td><td style=\"text-align:center\">~5.7<\/td><td>Takahiro Sato, Uiko, Vy, Miyoko, Chiyoko Miklasevich<\/td><\/tr><\/tbody><\/table><\/figure>\n\n<p>N\u1ebfu giao di\u1ec7n ng\u01b0\u1eddi d\u00f9ng c\u1ee7a <a href=\"https:\/\/test.sweethome3d.eu\/vi\/download\/\" data-type=\"page\" data-id=\"396\">Sweet Home 3D<\/a> kh\u00f4ng hi\u1ec3n th\u1ecb b\u1eb1ng ng\u00f4n ng\u1eef b\u1ea1n mong mu\u1ed1n, h\u00e3y ch\u1ecdn ng\u00f4n ng\u1eef \u01b0a th\u00edch c\u1ee7a b\u1ea1n trong danh s\u00e1ch th\u1ea3 xu\u1ed1ng Ng\u00f4n ng\u1eef c\u1ee7a b\u1ea3ng T\u00f9y ch\u1ecdn. Tr\u00ean Mac OS X, b\u1ea3ng n\u00e0y \u0111\u01b0\u1ee3c hi\u1ec3n th\u1ecb b\u1eb1ng c\u00e1ch ch\u1ecdn m\u1ee5c T\u00f9y ch\u1ecdn trong menu Sweet Home 3D. Tr\u00ean c\u00e1c h\u1ec7 th\u1ed1ng kh\u00e1c, n\u00f3 \u0111\u01b0\u1ee3c hi\u1ec3n th\u1ecb b\u1eb1ng c\u00e1ch ch\u1ecdn m\u1ee5c T\u00f9y ch\u1ecdn trong menu T\u1ec7p.  <\/p>\n\n<h3 class=\"wp-block-heading\">C\u00e1c b\u1ea3n d\u1ecbch kh\u00e1c \u0111\u01b0\u1ee3c h\u1ed7 tr\u1ee3 b\u1edfi <a href=\"https:\/\/test.sweethome3d.eu\/vi\/download\/\" data-type=\"page\" data-id=\"396\">Sweet home 3D<\/a><\/h3>\n\n<p>M\u1ed7i b\u1ea3n d\u1ecbch sau \u0111\u00e2y s\u1ebd c\u00f3 s\u1eb5n sau khi b\u1ea1n c\u00e0i \u0111\u1eb7t t\u1ec7p SH3L t\u01b0\u01a1ng \u1ee9ng. \u0110\u1ec3 c\u00e0i \u0111\u1eb7t t\u1ec7p SH3L cho ng\u00f4n ng\u1eef c\u1ee7a b\u1ea1n, h\u00e3y nh\u1ea5p v\u00e0o li\u00ean k\u1ebft t\u01b0\u01a1ng \u1ee9ng trong b\u1ea3ng sau \u0111\u1ec3 t\u1ea3i v\u1ec1 m\u00e1y t\u00ednh c\u1ee7a b\u1ea1n, sau \u0111\u00f3 nh\u1ea5p \u0111\u00fap v\u00e0o t\u1ec7p \u0111\u00e3 t\u1ea3i v\u1ec1 ho\u1eb7c ch\u1ecdn n\u00f3 b\u1eb1ng n\u00fat <em>Nh\u1eadp t\u1ec7p th\u01b0 vi\u1ec7n ng\u00f4n ng\u1eef<\/em> <img decoding=\"async\" width=\"35\" height=\"23\" class=\"wp-image-1487 lazyload\" style=\"--smush-placeholder-width: 35px; --smush-placeholder-aspect-ratio: 35\/23;width: 35px;\" data-src=\"https:\/\/test.sweethome3d.eu\/wp-content\/uploads\/2025\/11\/importLanguageLibraryFile-1.png\" alt=\"\" src=\"data:image\/svg+xml;base64,PHN2ZyB3aWR0aD0iMSIgaGVpZ2h0PSIxIiB4bWxucz0iaHR0cDovL3d3dy53My5vcmcvMjAwMC9zdmciPjwvc3ZnPg==\" \/> hi\u1ec3n th\u1ecb \u1edf \u0111\u1ea7u <a href=\"https:\/\/test.sweethome3d.eu\/vi\/huong-dan-su-dung-sweet-home-3d\/#starting-a-new-home\" data-type=\"page\" data-id=\"424\"><em>b\u1ea3ng T\u00f9y ch\u1ecdn<\/em><\/a>. <\/p>\n\n<figure class=\"wp-block-flexible-table-block-table is-content-justification-center\"><table class=\"\" style=\"width:100%\"><thead><tr><th style=\"text-align:center;width:20%\">Ng\u00f4n ng\u1eef<\/th><th style=\"text-align:center\">Phi\u00ean b\u1ea3n giao di\u1ec7n ng\u01b0\u1eddi d\u00f9ng<\/th><th style=\"text-align:center\">Phi\u00ean b\u1ea3n tr\u1ee3 gi\u00fap<\/th><th style=\"text-align:center;width:40%\">Ng\u01b0\u1eddi d\u1ecbch<\/th><\/tr><\/thead><tbody><tr><td class=\"[&amp;&gt;\">img]:-mb-1&#8243; &gt;\ud83c\udff4\udb40\udc65\udb40\udc73\udb40\udc70\udb40\udc76\udb40\udc7f <a href=\"\/storage\/translations\/Basque-7.5.sh3l\">Ti\u1ebfng Basque<\/a><\/td><td style=\"text-align:center\"><a href=\"https:\/\/test.sweethome3d.eu\/vi\/download\/\" data-type=\"page\" data-id=\"396\">7.5<\/a><\/td><td style=\"text-align:center\">&#8211;<\/td><td>Alexander Gabilondo<\/td><\/tr><tr><td class=\"[&amp;&gt;\">img]:-mb-1&#8243; &gt;\ud83c\uddf8\ud83c\uddee <a href=\"\/storage\/translations\/Slovenian-5.7.1.sh3l\">Ti\u1ebfng Slovenia<\/a><\/td><td style=\"text-align:center\"><a href=\"https:\/\/test.sweethome3d.eu\/vi\/download\/\" data-type=\"page\" data-id=\"396\">5.7<\/a><\/td><td style=\"text-align:center\">4.6<\/td><td>Samo Mole<\/td><\/tr><tr><td class=\"[&amp;&gt;\">img]:-mb-1&#8243; &gt;\ud83c\uddeb\ud83c\uddee <a href=\"\/storage\/translations\/Finnish-7.5.sh3l\">Ti\u1ebfng Ph\u1ea7n Lan<\/a><\/td><td style=\"text-align:center\"><a href=\"https:\/\/test.sweethome3d.eu\/vi\/download\/\" data-type=\"page\" data-id=\"396\">7.5<\/a><\/td><td style=\"text-align:center\">4.3<\/td><td>Jukka Hyyti\u00e4l\u00e4, Seppo Voutilainen<\/td><\/tr><tr><td class=\"[&amp;&gt;\">img]:-mb-1&#8243; &gt;\ud83c\uddf7\ud83c\uddf8 <a href=\"\/storage\/translations\/Serbian-4.3.1.sh3l\" data-type=\"link\" data-id=\"https:\/\/test.sweethome3d.eu\/translations\/Serbian-4.3.1.sh3l\">Ti\u1ebfng Serbia<\/a><\/td><td style=\"text-align:center\"><a href=\"https:\/\/test.sweethome3d.eu\/vi\/download\/\" data-type=\"page\" data-id=\"396\">4.3<\/a><\/td><td style=\"text-align:center\">3.4<\/td><td>\u0418\u0432\u0430\u043d \u0421\u0442\u0430\u0440\u0447\u0435\u0432\u0438\u045b, \u0421\u043d\u0435\u0436\u0430\u043d\u0430 \u041b\u0443\u043a\u0438\u045b<\/td><\/tr><tr><td class=\"[&amp;&gt;\">img]:-mb-1&#8243; &gt;\ud83c\uddfa\ud83c\udde6 <a href=\"\/storage\/translations\/Ukrainian-5.7.1.sh3l\" data-type=\"link\" data-id=\"https:\/\/test.sweethome3d.eu\/translations\/Ukrainian-5.7.1.sh3l\">Ti\u1ebfng Ukraine<\/a><\/td><td style=\"text-align:center\"><a href=\"https:\/\/test.sweethome3d.eu\/vi\/download\/\" data-type=\"page\" data-id=\"396\">5.7<\/a><\/td><td style=\"text-align:center\">5.0<\/td><td>\u041e\u043b\u0435\u043a\u0441\u0430\u043d\u0434\u0440 \u041f\u0438\u043b\u0438\u043f\u0447\u0443\u043a<\/td><\/tr><tr><td class=\"[&amp;&gt;\">img]:-mb-1&#8243; &gt;\ud83c\uddf9\ud83c\uddf7 <a href=\"\/storage\/translations\/Turkish-7.5.sh3l\" data-type=\"link\" data-id=\"https:\/\/test.sweethome3d.eu\/translations\/Turkish-7.5.sh3l\">Ti\u1ebfng Th\u1ed5 Nh\u0129 K\u1ef3<\/a><\/td><td style=\"text-align:center\"><a href=\"https:\/\/test.sweethome3d.eu\/vi\/download\/\" data-type=\"page\" data-id=\"396\">7.5<\/a><\/td><td style=\"text-align:center\">&#8211;<\/td><td>M\u00fccahit Baydar<\/td><\/tr><tr><td class=\"[&amp;&gt;\">img]:-mb-1&#8243; &gt;\ud83c\uddf8\ud83c\udde6 <a href=\"\/storage\/translations\/Arabic-7.1.1.sh3l\">Ti\u1ebfng \u1ea2 R\u1eadp<\/a><\/td><td style=\"text-align:center\"><a href=\"https:\/\/test.sweethome3d.eu\/vi\/download\/\" data-type=\"page\" data-id=\"396\">7.1<\/a><\/td><td style=\"text-align:center\">&#8211;<\/td><td>MFM Dawdeh<\/td><\/tr><tr><td class=\"[&amp;&gt;\">img]:-mb-1&#8243; &gt;\ud83c\uddee\ud83c\udde9 <a href=\"\/storage\/translations\/Indonesian-7.1.1.sh3l\" data-type=\"link\" data-id=\"https:\/\/test.sweethome3d.eu\/translations\/Indonesian-7.1.1.sh3l\">Ti\u1ebfng Indonesia<\/a><\/td><td style=\"text-align:center\"><a href=\"https:\/\/test.sweethome3d.eu\/vi\/download\/\" data-type=\"page\" data-id=\"396\">7.1<\/a><\/td><td style=\"text-align:center\">&#8211;<\/td><td>Al Firdhaus<\/td><\/tr><tr><td class=\"[&amp;&gt;\">img]:-mb-1&#8243; &gt;\ud83c\uddf9\ud83c\udded <a href=\"\/storage\/translations\/Thai-7.5.sh3l\" data-type=\"link\" data-id=\"https:\/\/test.sweethome3d.eu\/translations\/Thai-7.5.sh3l\">Ti\u1ebfng Th\u00e1i<\/a><\/td><td style=\"text-align:center\"><a href=\"https:\/\/test.sweethome3d.eu\/vi\/download\/\" data-type=\"page\" data-id=\"396\">7.5<\/a><\/td><td style=\"text-align:center\">&#8211;<\/td><td>\u0e01\u0e31\u0e19\u0e22\u0e4c\u0e0a\u0e31\u0e0a\u0e0a\u0e31\u0e22 \u0e42\u0e1e\u0e18\u0e34\u0e2b\u0e25\u0e49\u0e32<\/td><\/tr><tr><td class=\"[&amp;&gt;\">img]:-mb-1&#8243; &gt;\ud83c\uddf0\ud83c\uddf7 <a href=\"\/storage\/translations\/Korean-7.5.sh3l\" data-type=\"link\" data-id=\"https:\/\/test.sweethome3d.eu\/translations\/Korean-7.5.sh3l\">Ti\u1ebfng H\u00e0n<\/a><\/td><td style=\"text-align:center\"><a href=\"https:\/\/test.sweethome3d.eu\/vi\/download\/\" data-type=\"page\" data-id=\"396\">7.5<\/a><\/td><td style=\"text-align:center\">~5.7<\/td><td>\ubc31\ud638\uc11d, \uc774\ud638\ucc2c<\/td><\/tr><\/tbody><\/table><\/figure>\n\n<p>L\u01b0u \u00fd cho ng\u01b0\u1eddi d\u1ecbch: n\u1ebfu b\u1ea1n mu\u1ed1n d\u1ecbch <a href=\"https:\/\/test.sweethome3d.eu\/vi\/download\/\" data-type=\"page\" data-id=\"396\">Sweet Home 3D<\/a> sang ng\u00f4n ng\u1eef c\u1ee7a b\u1ea1n, vui l\u00f2ng \u0111\u1ecdc <a href=\"https:\/\/test.sweethome3d.eu\/vi\/huong-dan-dich\/\" data-type=\"page\" data-id=\"5142\">h\u01b0\u1edbng d\u1eabn d\u1ecbch<\/a>.<\/p>\n","protected":false},"excerpt":{"rendered":"<p>Sweet home 3D c\u00f3 s\u1eb5n trong 29 ng\u00f4n ng\u1eef kh\u00e1c nhau. C\u00e1c b\u1ea3n d\u1ecbch c\u00f3 trong Sweet home 3D C\u00e1c b\u1ea3n d\u1ecbch sau \u0111\u00e2y \u0111\u01b0\u1ee3c t\u00edch h\u1ee3p tr\u1ef1c ti\u1ebfp trong Sweet Home 3D khi b\u1ea1n c\u00e0i \u0111\u1eb7t n\u00f3, v\u00e0 \u0111\u01b0\u1ee3c c\u1eadp nh\u1eadt khi c\u00f3 th\u00eam t\u00ednh n\u0103ng m\u1edbi trong \u1ee9ng d\u1ee5ng. N\u1ebfu giao di\u1ec7n ng\u01b0\u1eddi<a href=\"https:\/\/test.sweethome3d.eu\/vi\/ban-dich\/\">Continue reading <span class=\"sr-only\">&#8220;B\u1ea3n d\u1ecbch&#8221;<\/span><\/a><\/p>\n","protected":false},"author":4,"featured_media":2788,"parent":0,"menu_order":0,"comment_status":"closed","ping_status":"closed","template":"page-resources.php","meta":{"inline_featured_image":false,"footnotes":""},"class_list":["post-2789","page","type-page","status-publish","has-post-thumbnail","hentry"],"_links":{"self":[{"href":"https:\/\/test.sweethome3d.eu\/vi\/wp-json\/wp\/v2\/pages\/2789","targetHints":{"allow":["GET"]}}],"collection":[{"href":"https:\/\/test.sweethome3d.eu\/vi\/wp-json\/wp\/v2\/pages"}],"about":[{"href":"https:\/\/test.sweethome3d.eu\/vi\/wp-json\/wp\/v2\/types\/page"}],"author":[{"embeddable":true,"href":"https:\/\/test.sweethome3d.eu\/vi\/wp-json\/wp\/v2\/users\/4"}],"replies":[{"embeddable":true,"href":"https:\/\/test.sweethome3d.eu\/vi\/wp-json\/wp\/v2\/comments?post=2789"}],"version-history":[{"count":3,"href":"https:\/\/test.sweethome3d.eu\/vi\/wp-json\/wp\/v2\/pages\/2789\/revisions"}],"predecessor-version":[{"id":11410,"href":"https:\/\/test.sweethome3d.eu\/vi\/wp-json\/wp\/v2\/pages\/2789\/revisions\/11410"}],"wp:featuredmedia":[{"embeddable":true,"href":"https:\/\/test.sweethome3d.eu\/vi\/wp-json\/wp\/v2\/media\/2788"}],"wp:attachment":[{"href":"https:\/\/test.sweethome3d.eu\/vi\/wp-json\/wp\/v2\/media?parent=2789"}],"curies":[{"name":"wp","href":"https:\/\/api.w.org\/{rel}","templated":true}]}}